{"id":709,"date":"2024-08-10T09:35:52","date_gmt":"2024-08-10T09:35:52","guid":{"rendered":"http:\/\/wankonbiotech.com\/?post_type=product&#038;p=709"},"modified":"2024-08-10T09:39:24","modified_gmt":"2024-08-10T09:39:24","slug":"pure-organic-almond-powder-cheap-high-quality-almond-protein-powder","status":"publish","type":"product","link":"https:\/\/wankonbiotech.com\/es\/producto-2\/almendra-en-polvo-pura-organica-barata-proteina-de-almendra-en-polvo-de-alta-calidad\/","title":{"rendered":"Prote\u00edna de Almendra en Polvo Pura Ecol\u00f3gica Barata Alta Calidad"},"content":{"rendered":"<table class=\"hight-light-first-column all magic-12\">\n<tbody>\n<tr>\n<td colspan=\"1\" rowspan=\"1\">\n<div><strong>Nombre del producto<\/strong><\/div>\n<\/td>\n<td colspan=\"1\" rowspan=\"1\">\n<div>Prote\u00edna de almendra en polvo<\/div>\n<\/td>\n<\/tr>\n<tr>\n<td colspan=\"1\" rowspan=\"1\">\n<div><strong>Apariencia<\/strong><\/div>\n<\/td>\n<td colspan=\"4\" rowspan=\"1\">\n<div>Polvo blanquecino<\/div>\n<\/td>\n<\/tr>\n<tr>\n<td colspan=\"1\" rowspan=\"1\">\n<div><strong>Especificaci\u00f3n<\/strong><\/div>\n<\/td>\n<td colspan=\"4\" rowspan=\"1\">\n<div>90%<\/div>\n<\/td>\n<\/tr>\n<\/tbody>\n<\/table>\n<h2><strong>Introducci\u00f3n<\/strong><\/h2>\n<p>En el mundo cada vez m\u00e1s amplio de la nutrici\u00f3n basada en plantas, la prote\u00edna de almendra en polvo ha surgido como una alternativa \u00fanica y rica en nutrientes a las fuentes tradicionales de prote\u00ednas. Derivado de almendras finamente molidas, esta prote\u00edna en polvo est\u00e1 ganando popularidad entre los consumidores conscientes de la salud y los entusiastas del fitness por igual. Conocida por su rico perfil nutricional y sus vers\u00e1tiles aplicaciones, la prote\u00edna de almendra en polvo es algo m\u00e1s que una fuente de prote\u00ednas: es una fuente de vitaminas, minerales y grasas saludables que contribuyen al bienestar general. Este art\u00edculo profundiza en los diversos beneficios, usos y razones por las que la prote\u00edna de almendra en polvo es una opci\u00f3n superior en el mercado de las prote\u00ednas vegetales.<\/p>\n<p><img fetchpriority=\"high\" decoding=\"async\" class=\"alignnone wp-image-712 size-full\" src=\"http:\/\/wankonbiotech.com\/wp-content\/uploads\/2024\/08\/Recipe-For-Almond-Meal-MSN-BCE.jpg\" alt=\"Prote\u00edna de almendra en polvo\" width=\"1600\" height=\"900\" title=\"\" srcset=\"https:\/\/wankonbiotech.com\/wp-content\/uploads\/2024\/08\/Recipe-For-Almond-Meal-MSN-BCE.jpg 1600w, https:\/\/wankonbiotech.com\/wp-content\/uploads\/2024\/08\/Recipe-For-Almond-Meal-MSN-BCE-300x169.jpg 300w, https:\/\/wankonbiotech.com\/wp-content\/uploads\/2024\/08\/Recipe-For-Almond-Meal-MSN-BCE-1024x576.jpg 1024w, https:\/\/wankonbiotech.com\/wp-content\/uploads\/2024\/08\/Recipe-For-Almond-Meal-MSN-BCE-768x432.jpg 768w, https:\/\/wankonbiotech.com\/wp-content\/uploads\/2024\/08\/Recipe-For-Almond-Meal-MSN-BCE-1536x864.jpg 1536w, https:\/\/wankonbiotech.com\/wp-content\/uploads\/2024\/08\/Recipe-For-Almond-Meal-MSN-BCE-600x338.jpg 600w\" sizes=\"(max-width: 1600px) 100vw, 1600px\" \/><\/p>\n<h2><strong>\u00bfQu\u00e9 es la prote\u00edna de almendra en polvo?<\/strong><\/h2>\n<p>La prote\u00edna de almendra en polvo se obtiene procesando almendras enteras hasta obtener un polvo fino una vez extra\u00eddo el aceite. Este proceso preserva el contenido prote\u00ednico a la vez que conserva muchos de los nutrientes beneficiosos de las almendras. El resultado es un polvo de color claro con un suave sabor a nuez, que lo convierte en un ingrediente vers\u00e1til para una gran variedad de aplicaciones culinarias. A diferencia de muchas otras prote\u00ednas en polvo, la Prote\u00edna de Almendra en Polvo es naturalmente rica en fibra, grasas saludables y vitaminas esenciales como la vitamina E, lo que la convierte en un suplemento nutricional hol\u00edstico.<\/p>\n<h2><strong>Beneficios nutricionales de la prote\u00edna de almendra en polvo<\/strong><\/h2>\n<p>La Prote\u00edna de Almendra en Polvo no es s\u00f3lo prote\u00edna; es un suplemento nutricional completo. Cada raci\u00f3n proporciona una buena cantidad de prote\u00ednas junto con fibra diet\u00e9tica, que ayuda a la digesti\u00f3n y favorece la sensaci\u00f3n de saciedad. Adem\u00e1s, la Prote\u00edna de Almendra en Polvo es una excelente fuente de vitamina E, un antioxidante que favorece la salud de la piel y el sistema inmunitario. Las grasas saludables de las almendras, incluidas las monoinsaturadas, contribuyen a la salud del coraz\u00f3n al ayudar a reducir los niveles de colesterol malo. Este polvo tambi\u00e9n contiene minerales como magnesio, calcio y potasio, esenciales para la salud \u00f3sea y la funci\u00f3n muscular.<\/p>\n<h2><strong>Beneficios para la salud de la prote\u00edna de almendra en polvo<\/strong><\/h2>\n<p>Los beneficios para la salud de la prote\u00edna de almendra en polvo van mucho m\u00e1s all\u00e1 de su contenido nutricional. Se sabe que favorece la salud del coraz\u00f3n, gracias a sus altos niveles de grasas monoinsaturadas y a la presencia de arginina, un amino\u00e1cido que ayuda a mejorar la circulaci\u00f3n sangu\u00ednea. La prote\u00edna de almendra en polvo tambi\u00e9n es beneficiosa para quienes controlan su peso, ya que su combinaci\u00f3n de prote\u00ednas, fibra y grasas saludables favorece la saciedad y reduce la ingesta total de calor\u00edas. Adem\u00e1s, los antioxidantes de la prote\u00edna de almendra ayudan a combatir el estr\u00e9s oxidativo, que puede provocar enfermedades cr\u00f3nicas y envejecimiento prematuro. Su bajo contenido en hidratos de carbono y su bajo \u00edndice gluc\u00e9mico la convierten en una excelente opci\u00f3n para quienes controlan los niveles de az\u00facar en sangre.Bienvenido Explore toda nuestra gama de <a href=\"http:\/\/wankonbiotech.com\/es\/product-category\/proteina-vegetal-ecologica\/\">prote\u00ednas vegetales en polvo<\/a>.<\/p>\n<p><img decoding=\"async\" class=\"wp-image-711 size-full\" src=\"http:\/\/wankonbiotech.com\/wp-content\/uploads\/2024\/08\/v2-8hk12-h3grk.jpg\" alt=\"Prote\u00edna de almendra en polvo\" width=\"1213\" height=\"832\" title=\"\" srcset=\"https:\/\/wankonbiotech.com\/wp-content\/uploads\/2024\/08\/v2-8hk12-h3grk.jpg 1213w, https:\/\/wankonbiotech.com\/wp-content\/uploads\/2024\/08\/v2-8hk12-h3grk-300x206.jpg 300w, https:\/\/wankonbiotech.com\/wp-content\/uploads\/2024\/08\/v2-8hk12-h3grk-1024x702.jpg 1024w, https:\/\/wankonbiotech.com\/wp-content\/uploads\/2024\/08\/v2-8hk12-h3grk-768x527.jpg 768w, https:\/\/wankonbiotech.com\/wp-content\/uploads\/2024\/08\/v2-8hk12-h3grk-600x412.jpg 600w\" sizes=\"(max-width: 1213px) 100vw, 1213px\" \/><\/p>","protected":false},"excerpt":{"rendered":"<p>En el mundo cada vez m\u00e1s amplio de la nutrici\u00f3n basada en plantas, la prote\u00edna de almendra en polvo ha surgido como una alternativa \u00fanica y rica en nutrientes a las fuentes tradicionales de prote\u00ednas. Derivado de almendras finamente molidas, esta prote\u00edna en polvo est\u00e1 ganando popularidad entre los consumidores conscientes de la salud y los entusiastas del fitness por igual.<\/p>","protected":false},"featured_media":710,"template":"","meta":{"_acf_changed":false},"product_brand":[],"product_cat":[39],"product_tag":[],"class_list":{"0":"post-709","1":"product","2":"type-product","3":"status-publish","4":"has-post-thumbnail","6":"product_cat-organic-plant-based-protein","8":"first","9":"instock","10":"shipping-taxable","11":"product-type-simple"},"acf":[],"_links":{"self":[{"href":"https:\/\/wankonbiotech.com\/es\/wp-json\/wp\/v2\/product\/709","targetHints":{"allow":["GET"]}}],"collection":[{"href":"https:\/\/wankonbiotech.com\/es\/wp-json\/wp\/v2\/product"}],"about":[{"href":"https:\/\/wankonbiotech.com\/es\/wp-json\/wp\/v2\/types\/product"}],"wp:featuredmedia":[{"embeddable":true,"href":"https:\/\/wankonbiotech.com\/es\/wp-json\/wp\/v2\/media\/710"}],"wp:attachment":[{"href":"https:\/\/wankonbiotech.com\/es\/wp-json\/wp\/v2\/media?parent=709"}],"wp:term":[{"taxonomy":"product_brand","embeddable":true,"href":"https:\/\/wankonbiotech.com\/es\/wp-json\/wp\/v2\/product_brand?post=709"},{"taxonomy":"product_cat","embeddable":true,"href":"https:\/\/wankonbiotech.com\/es\/wp-json\/wp\/v2\/product_cat?post=709"},{"taxonomy":"product_tag","embeddable":true,"href":"https:\/\/wankonbiotech.com\/es\/wp-json\/wp\/v2\/product_tag?post=709"}],"curies":[{"name":"wp","href":"https:\/\/api.w.org\/{rel}","templated":true}]}}