{"id":688,"date":"2024-08-09T15:46:58","date_gmt":"2024-08-09T15:46:58","guid":{"rendered":"http:\/\/wankonbiotech.com\/?post_type=product&#038;p=688"},"modified":"2024-08-09T16:11:53","modified_gmt":"2024-08-09T16:11:53","slug":"organic-pea-protein-powder-80-85-pea-protein-isolate","status":"publish","type":"product","link":"https:\/\/wankonbiotech.com\/es\/producto-2\/proteina-de-guisante-ecologica-en-polvo-80-85-aislado-de-proteina-de-guisante-2\/","title":{"rendered":"Prote\u00edna de guisante ecol\u00f3gica en polvo 80% 85% Prote\u00edna de guisante aislada"},"content":{"rendered":"<table class=\"hight-light-first-column all magic-7\">\n<tbody>\n<tr>\n<td colspan=\"1\" rowspan=\"1\">\n<div data-spm-anchor-id=\"a2700.details.0.i32.1a93ed4drhhEQY\"><strong>Nombre del producto<\/strong><\/div>\n<\/td>\n<td style=\"width: 63.7821%;\" colspan=\"1\" rowspan=\"1\">\n<div>Prote\u00edna de guisante ecol\u00f3gica en polvo<\/div>\n<\/td>\n<\/tr>\n<tr>\n<td style=\"width: 33.9744%;\" colspan=\"1\" rowspan=\"1\">\n<div><strong>Pieza usada<\/strong><\/div>\n<\/td>\n<td style=\"width: 63.7821%;\" colspan=\"1\" rowspan=\"1\">\n<div>Jud\u00eda<\/div>\n<\/td>\n<\/tr>\n<tr>\n<td style=\"width: 33.9744%;\" colspan=\"1\" rowspan=\"1\">\n<div><strong>Especificaci\u00f3n<\/strong><\/div>\n<\/td>\n<td style=\"width: 63.7821%;\" colspan=\"1\" rowspan=\"1\">\n<div data-spm-anchor-id=\"a2700.details.0.i33.1a93ed4drhhEQY\">80%<\/div>\n<\/td>\n<\/tr>\n<tr>\n<td style=\"width: 33.9744%;\" colspan=\"1\" rowspan=\"1\">\n<div><strong>Color<\/strong><\/div>\n<\/td>\n<td style=\"width: 63.7821%;\" colspan=\"1\" rowspan=\"1\">\n<div>Polvo amarillo claro<\/div>\n<\/td>\n<\/tr>\n<tr>\n<td style=\"width: 33.9744%;\" colspan=\"1\" rowspan=\"1\">\n<div><strong>MOQ<\/strong><\/div>\n<\/td>\n<td style=\"width: 63.7821%;\" colspan=\"1\" rowspan=\"1\">\n<div>20 kg<\/div>\n<\/td>\n<\/tr>\n<tr>\n<td style=\"width: 33.9744%;\" colspan=\"1\" rowspan=\"1\">\n<div><strong>Muestra<\/strong><\/div>\n<\/td>\n<td style=\"width: 63.7821%;\" colspan=\"1\" rowspan=\"1\">\n<div>Proporcionado gratuitamente<\/div>\n<\/td>\n<\/tr>\n<tr>\n<td style=\"width: 33.9744%;\" colspan=\"1\" rowspan=\"1\">\n<div><strong>Vida \u00fatil<\/strong><\/div>\n<\/td>\n<td style=\"width: 63.7821%;\" colspan=\"1\" rowspan=\"1\">\n<div>24 meses<\/div>\n<\/td>\n<\/tr>\n<\/tbody>\n<\/table>\n<h2><strong>Introducci\u00f3n<\/strong><\/h2>\n<p>En el cambiante panorama de la salud y el bienestar, la prote\u00edna de guisantes org\u00e1nicos se ha convertido en una alternativa l\u00edder para quienes buscan una fuente de prote\u00ednas sostenible y de origen vegetal. Este producto no s\u00f3lo satisface las necesidades diet\u00e9ticas de veganos y vegetarianos, sino que tambi\u00e9n atrae a cualquier persona interesada en la alimentaci\u00f3n limpia y los productos ecol\u00f3gicos. En este an\u00e1lisis detallado, profundizaremos en las propiedades, beneficios y aplicaciones exclusivas de la prote\u00edna de guisante ecol\u00f3gica, explicando por qu\u00e9 es la opci\u00f3n preferida de los consumidores preocupados por su salud y de los fabricantes del sector de la alimentaci\u00f3n y las bebidas.<\/p>\n<p><img fetchpriority=\"high\" decoding=\"async\" class=\"alignnone wp-image-692 size-full\" src=\"http:\/\/wankonbiotech.com\/wp-content\/uploads\/2024\/08\/pea-protein.jpg\" alt=\"Prote\u00edna de guisante ecol\u00f3gica\" width=\"1000\" height=\"500\" title=\"\" srcset=\"https:\/\/wankonbiotech.com\/wp-content\/uploads\/2024\/08\/pea-protein.jpg 1000w, https:\/\/wankonbiotech.com\/wp-content\/uploads\/2024\/08\/pea-protein-300x150.jpg 300w, https:\/\/wankonbiotech.com\/wp-content\/uploads\/2024\/08\/pea-protein-768x384.jpg 768w, https:\/\/wankonbiotech.com\/wp-content\/uploads\/2024\/08\/pea-protein-600x300.jpg 600w\" sizes=\"(max-width: 1000px) 100vw, 1000px\" \/><\/p>\n<h2><strong>\u00bfQu\u00e9 es la prote\u00edna de guisante ecol\u00f3gica?<\/strong><\/h2>\n<p>La Prote\u00edna de Guisante Ecol\u00f3gica procede de guisantes amarillos (Pisum sativum) y se somete a un cuidadoso proceso de extracci\u00f3n para eliminar el almid\u00f3n y la fibra, dejando tras de s\u00ed un concentrado proteico de alta calidad. La etiqueta \"ecol\u00f3gico\" significa que los guisantes utilizados se cultivan sin pesticidas sint\u00e9ticos, herbicidas ni organismos modificados gen\u00e9ticamente (OMG), lo que la convierte en una fuente de prote\u00ednas m\u00e1s limpia y respetuosa con el medio ambiente. El producto resultante es un polvo fino de color beige que se incorpora f\u00e1cilmente a diversos alimentos y bebidas. <a href=\"http:\/\/wankonbiotech.com\/es\/product-category\/proteina-vegetal-ecologica\/\">prote\u00ednas vegetales ecol\u00f3gicas<\/a>.<\/p>\n<h2><strong>Beneficios nutricionales de la prote\u00edna de guisante ecol\u00f3gica<\/strong><\/h2>\n<p>La prote\u00edna de guisante ecol\u00f3gico es una fuente de nutrici\u00f3n, que ofrece un perfil completo de amino\u00e1cidos, incluidos los amino\u00e1cidos esenciales que necesita el cuerpo humano. Es particularmente alta en amino\u00e1cidos de cadena ramificada (BCAA) como la leucina, isoleucina y valina, que son vitales para el crecimiento muscular y la recuperaci\u00f3n. Adem\u00e1s, la Prote\u00edna de Guisante Ecol\u00f3gica es hipoalerg\u00e9nica, por lo que es adecuada para personas con sensibilidad o alergias alimentarias, especialmente a los l\u00e1cteos, la soja o el gluten. Tambi\u00e9n es rica en hierro, aportando un mineral esencial que a menudo falta en las dietas basadas en plantas.<\/p>\n<p><img decoding=\"async\" class=\"alignnone wp-image-691 size-full\" src=\"http:\/\/wankonbiotech.com\/wp-content\/uploads\/2024\/08\/pea_protein-1.webp\" alt=\"Prote\u00ednas vegetales\" width=\"1000\" height=\"684\" title=\"\" srcset=\"https:\/\/wankonbiotech.com\/wp-content\/uploads\/2024\/08\/pea_protein-1.webp 1000w, https:\/\/wankonbiotech.com\/wp-content\/uploads\/2024\/08\/pea_protein-1-300x205.webp 300w, https:\/\/wankonbiotech.com\/wp-content\/uploads\/2024\/08\/pea_protein-1-768x525.webp 768w, https:\/\/wankonbiotech.com\/wp-content\/uploads\/2024\/08\/pea_protein-1-600x410.webp 600w\" sizes=\"(max-width: 1000px) 100vw, 1000px\" \/><\/p>\n<h2><strong>Beneficios para la salud de la prote\u00edna de guisante ecol\u00f3gica<\/strong><\/h2>\n<p>Los beneficios para la salud de la Prote\u00edna de Guisante Ecol\u00f3gica van m\u00e1s all\u00e1 de su contenido nutricional. Los estudios han demostrado que puede ayudar a controlar la presi\u00f3n arterial y apoyar la salud del coraz\u00f3n debido a sus altos niveles de arginina, un amino\u00e1cido que promueve el flujo sangu\u00edneo. La Prote\u00edna de Guisante Ecol\u00f3gica tambi\u00e9n es beneficiosa para la salud digestiva, ya que se digiere f\u00e1cilmente y es menos probable que cause hinchaz\u00f3n en comparaci\u00f3n con otras fuentes de prote\u00ednas. Su bajo \u00edndice gluc\u00e9mico la convierte en una excelente opci\u00f3n para quienes controlan los niveles de az\u00facar en sangre, ya que contribuye a mantener la energ\u00eda sin picos ni bajones.<\/p>","protected":false},"excerpt":{"rendered":"<p>En el cambiante panorama de la salud y el bienestar, la prote\u00edna de guisantes org\u00e1nicos se ha convertido en una alternativa l\u00edder para quienes buscan una fuente de prote\u00ednas sostenible y de origen vegetal. Este producto no s\u00f3lo satisface las necesidades diet\u00e9ticas de veganos y vegetarianos, sino que tambi\u00e9n atrae a cualquier persona interesada en la alimentaci\u00f3n limpia y los productos ecol\u00f3gicos. En este an\u00e1lisis detallado, profundizaremos en las propiedades, beneficios y aplicaciones exclusivas de la prote\u00edna de guisante ecol\u00f3gica, explicando por qu\u00e9 es la opci\u00f3n preferida de los consumidores preocupados por su salud y de los fabricantes del sector de la alimentaci\u00f3n y las bebidas.<\/p>","protected":false},"featured_media":689,"template":"","meta":{"_acf_changed":false},"product_brand":[],"product_cat":[39],"product_tag":[],"class_list":{"0":"post-688","1":"product","2":"type-product","3":"status-publish","4":"has-post-thumbnail","6":"product_cat-organic-plant-based-protein","8":"first","9":"instock","10":"shipping-taxable","11":"product-type-simple"},"acf":[],"_links":{"self":[{"href":"https:\/\/wankonbiotech.com\/es\/wp-json\/wp\/v2\/product\/688","targetHints":{"allow":["GET"]}}],"collection":[{"href":"https:\/\/wankonbiotech.com\/es\/wp-json\/wp\/v2\/product"}],"about":[{"href":"https:\/\/wankonbiotech.com\/es\/wp-json\/wp\/v2\/types\/product"}],"wp:featuredmedia":[{"embeddable":true,"href":"https:\/\/wankonbiotech.com\/es\/wp-json\/wp\/v2\/media\/689"}],"wp:attachment":[{"href":"https:\/\/wankonbiotech.com\/es\/wp-json\/wp\/v2\/media?parent=688"}],"wp:term":[{"taxonomy":"product_brand","embeddable":true,"href":"https:\/\/wankonbiotech.com\/es\/wp-json\/wp\/v2\/product_brand?post=688"},{"taxonomy":"product_cat","embeddable":true,"href":"https:\/\/wankonbiotech.com\/es\/wp-json\/wp\/v2\/product_cat?post=688"},{"taxonomy":"product_tag","embeddable":true,"href":"https:\/\/wankonbiotech.com\/es\/wp-json\/wp\/v2\/product_tag?post=688"}],"curies":[{"name":"wp","href":"https:\/\/api.w.org\/{rel}","templated":true}]}}