{"id":651,"date":"2024-08-09T07:57:55","date_gmt":"2024-08-09T07:57:55","guid":{"rendered":"http:\/\/wankonbiotech.com\/?post_type=product&#038;p=651"},"modified":"2024-08-20T02:00:11","modified_gmt":"2024-08-20T02:00:11","slug":"pure-isolate-soy-protein-isolate-powder-90-soy-protein-isolate","status":"publish","type":"product","link":"https:\/\/wankonbiotech.com\/es\/producto-2\/aislado-puro-de-proteina-de-soja-en-polvo-90-aislado-de-proteina-de-soja\/","title":{"rendered":"Aislado puro de prote\u00edna de soja en polvo 90% Aislado de prote\u00edna de soja"},"content":{"rendered":"<table>\n<tbody>\n<tr>\n<td colspan=\"1\" rowspan=\"1\">\n<div data-spm-anchor-id=\"a2700.details.0.i39.5eef1e8aNrPzX8\"><strong>Nombre del producto<\/strong><\/div>\n<\/td>\n<td colspan=\"1\" rowspan=\"1\">\n<div>Aislado de prote\u00edna de soja<\/div>\n<\/td>\n<\/tr>\n<tr>\n<td colspan=\"1\" rowspan=\"1\">\n<div><strong>Grado<\/strong><\/div>\n<\/td>\n<td colspan=\"1\" rowspan=\"1\">\n<div>Grado alimentario<\/div>\n<\/td>\n<\/tr>\n<tr>\n<td colspan=\"1\" rowspan=\"1\">\n<div><strong>Especificaci\u00f3n<\/strong><\/div>\n<\/td>\n<td colspan=\"1\" rowspan=\"1\">\n<div>Prote\u00edna 90%<\/div>\n<\/td>\n<\/tr>\n<tr>\n<td colspan=\"1\" rowspan=\"1\">\n<div><strong>F\u00f3rmula molecular<\/strong><\/div>\n<\/td>\n<td colspan=\"1\" rowspan=\"1\">\n<div>C13H10N2<\/div>\n<\/td>\n<\/tr>\n<tr>\n<td colspan=\"1\" rowspan=\"1\">\n<div><strong>Apariencia<\/strong><\/div>\n<\/td>\n<td colspan=\"1\" rowspan=\"1\">\n<div>Polvo blanco claro o blanco lechoso<\/div>\n<\/td>\n<\/tr>\n<tr>\n<td colspan=\"1\" rowspan=\"1\">\n<div><strong>M\u00e9todo de ensayo<\/strong><\/div>\n<\/td>\n<td colspan=\"1\" rowspan=\"1\">\n<div>HPLC<\/div>\n<\/td>\n<\/tr>\n<tr>\n<td colspan=\"1\" rowspan=\"1\">\n<div><strong>CAS<\/strong><\/div>\n<\/td>\n<td colspan=\"1\" rowspan=\"1\">\n<div>9010-10-0<\/div>\n<\/td>\n<\/tr>\n<\/tbody>\n<\/table>\n<h2><strong>Introducci\u00f3n<\/strong><\/h2>\n<p>En el din\u00e1mico mundo de la salud y la nutrici\u00f3n, la demanda de fuentes de prote\u00ednas de origen vegetal va en aumento, y el aislado de prote\u00edna de soja destaca como una opci\u00f3n superior. Como prote\u00edna vegetal en polvo, ofrece numerosos beneficios, lo que la convierte en un ingrediente esencial para las personas preocupadas por su salud, los atletas y quienes buscan una alternativa a las prote\u00ednas de origen animal. Descubra nuestra gama de <a href=\"http:\/\/wankonbiotech.com\/es\/product-category\/proteina-vegetal-ecologica\/\">Prote\u00edna vegetal ecol\u00f3gica<\/a>. Este detalle de producto explorar\u00e1 las propiedades \u00fanicas, beneficios y aplicaciones del Aislado de Prote\u00edna de Soja, destacando por qu\u00e9 es una excelente elecci\u00f3n tanto para consumidores como para empresas.<\/p>\n<p><img fetchpriority=\"high\" decoding=\"async\" class=\"alignnone wp-image-682 size-full\" src=\"http:\/\/wankonbiotech.com\/wp-content\/uploads\/2024\/08\/soyproviso4-min_1_1200x.jpg\" alt=\"\" width=\"1199\" height=\"600\" title=\"\" srcset=\"https:\/\/wankonbiotech.com\/wp-content\/uploads\/2024\/08\/soyproviso4-min_1_1200x.jpg 1199w, https:\/\/wankonbiotech.com\/wp-content\/uploads\/2024\/08\/soyproviso4-min_1_1200x-300x150.jpg 300w, https:\/\/wankonbiotech.com\/wp-content\/uploads\/2024\/08\/soyproviso4-min_1_1200x-1024x512.jpg 1024w, https:\/\/wankonbiotech.com\/wp-content\/uploads\/2024\/08\/soyproviso4-min_1_1200x-768x384.jpg 768w, https:\/\/wankonbiotech.com\/wp-content\/uploads\/2024\/08\/soyproviso4-min_1_1200x-600x300.jpg 600w\" sizes=\"(max-width: 1199px) 100vw, 1199px\" \/><\/p>\n<h2><strong>\u00bfQu\u00e9 es el aislado de prote\u00edna de soja?<\/strong><\/h2>\n<p>El aislado de prote\u00edna de soja es una forma altamente refinada de prote\u00edna de soja, derivada de copos de soja desgrasados. Mediante un meticuloso proceso de lavado de los granos de soja con agua y alcohol, se extrae y purifica la prote\u00edna, dando como resultado un producto con un contenido proteico superior a 90% en peso. Este proceso elimina la mayor parte de las grasas y los hidratos de carbono, dejando tras de s\u00ed una fuente concentrada de prote\u00ednas con niveles m\u00ednimos de grasas y carbohidratos.<\/p>\n<p><img decoding=\"async\" class=\"alignnone wp-image-683 size-full\" src=\"http:\/\/wankonbiotech.com\/wp-content\/uploads\/2024\/08\/soy-protein-powder-with-soybeans-isolated-white-background_264757-86.jpg\" alt=\"\" width=\"1380\" height=\"920\" title=\"\" srcset=\"https:\/\/wankonbiotech.com\/wp-content\/uploads\/2024\/08\/soy-protein-powder-with-soybeans-isolated-white-background_264757-86.jpg 1380w, https:\/\/wankonbiotech.com\/wp-content\/uploads\/2024\/08\/soy-protein-powder-with-soybeans-isolated-white-background_264757-86-300x200.jpg 300w, https:\/\/wankonbiotech.com\/wp-content\/uploads\/2024\/08\/soy-protein-powder-with-soybeans-isolated-white-background_264757-86-1024x683.jpg 1024w, https:\/\/wankonbiotech.com\/wp-content\/uploads\/2024\/08\/soy-protein-powder-with-soybeans-isolated-white-background_264757-86-768x512.jpg 768w, https:\/\/wankonbiotech.com\/wp-content\/uploads\/2024\/08\/soy-protein-powder-with-soybeans-isolated-white-background_264757-86-600x400.jpg 600w\" sizes=\"(max-width: 1380px) 100vw, 1380px\" \/><\/p>\n<p>&nbsp;<\/p>\n<h2><strong>Beneficios nutricionales del aislado de prote\u00edna de soja<\/strong><\/h2>\n<p>El aislado de prote\u00edna de soja no s\u00f3lo tiene un alto contenido en prote\u00ednas, sino que tambi\u00e9n es una prote\u00edna completa que contiene los nueve amino\u00e1cidos esenciales que necesita el cuerpo humano. Esto la convierte en una excelente opci\u00f3n para quienes desean cubrir sus necesidades diarias de prote\u00ednas, especialmente en una dieta basada en plantas. Adem\u00e1s, el aislado de prote\u00edna de soja es bajo en grasas e hidratos de carbono, por lo que es adecuado para las personas que siguen una dieta de control de calor\u00edas. La presencia de isoflavonas, un tipo de fitoestr\u00f3geno, tambi\u00e9n contribuye a su perfil nutricional, ofreciendo posibles beneficios para la salud, como la reducci\u00f3n de los niveles de colesterol y la mejora de la salud del coraz\u00f3n. <a href=\"http:\/\/wankonbiotech.com\/es\/por-que-la-proteina-de-soja-debe-ser-un-elemento-basico-en-su-plan-de-alimentacion-saludable-2\/\">sobre los beneficios de la prote\u00edna de soja en su dieta<\/a>.<\/p>\n<p><iframe title=\"Aislado de prote\u00edna de soja en polvo\" width=\"800\" height=\"450\" src=\"https:\/\/www.youtube.com\/embed\/tydPOFkIi8k?feature=oembed\" frameborder=\"0\" allow=\"accelerometer; autoplay; clipboard-write; encrypted-media; gyroscope; picture-in-picture; web-share\" referrerpolicy=\"strict-origin-when-cross-origin\" allowfullscreen><\/iframe><\/p>\n<p>&nbsp;<\/p>","protected":false},"excerpt":{"rendered":"<p>En el din\u00e1mico mundo de la salud y la nutrici\u00f3n, la demanda de fuentes de prote\u00ednas de origen vegetal va en aumento, y el aislado de prote\u00edna de soja destaca como una opci\u00f3n superior. Como prote\u00edna vegetal en polvo, ofrece numerosas ventajas, lo que la convierte en un ingrediente esencial para las personas preocupadas por su salud, los atletas y quienes buscan una alternativa a las prote\u00ednas de origen animal. Este art\u00edculo analiza las propiedades, ventajas y aplicaciones \u00fanicas del aislado de prote\u00edna de soja y explica por qu\u00e9 es una opci\u00f3n excelente tanto para los consumidores como para las empresas.<\/p>","protected":false},"featured_media":679,"template":"","meta":{"_acf_changed":false},"product_brand":[],"product_cat":[39],"product_tag":[],"class_list":{"0":"post-651","1":"product","2":"type-product","3":"status-publish","4":"has-post-thumbnail","6":"product_cat-organic-plant-based-protein","8":"first","9":"instock","10":"shipping-taxable","11":"product-type-simple"},"acf":[],"_links":{"self":[{"href":"https:\/\/wankonbiotech.com\/es\/wp-json\/wp\/v2\/product\/651","targetHints":{"allow":["GET"]}}],"collection":[{"href":"https:\/\/wankonbiotech.com\/es\/wp-json\/wp\/v2\/product"}],"about":[{"href":"https:\/\/wankonbiotech.com\/es\/wp-json\/wp\/v2\/types\/product"}],"wp:featuredmedia":[{"embeddable":true,"href":"https:\/\/wankonbiotech.com\/es\/wp-json\/wp\/v2\/media\/679"}],"wp:attachment":[{"href":"https:\/\/wankonbiotech.com\/es\/wp-json\/wp\/v2\/media?parent=651"}],"wp:term":[{"taxonomy":"product_brand","embeddable":true,"href":"https:\/\/wankonbiotech.com\/es\/wp-json\/wp\/v2\/product_brand?post=651"},{"taxonomy":"product_cat","embeddable":true,"href":"https:\/\/wankonbiotech.com\/es\/wp-json\/wp\/v2\/product_cat?post=651"},{"taxonomy":"product_tag","embeddable":true,"href":"https:\/\/wankonbiotech.com\/es\/wp-json\/wp\/v2\/product_tag?post=651"}],"curies":[{"name":"wp","href":"https:\/\/api.w.org\/{rel}","templated":true}]}}