{"id":1487,"date":"2025-01-12T03:54:52","date_gmt":"2025-01-12T03:54:52","guid":{"rendered":"http:\/\/wankonbiotech.com\/?post_type=product&#038;p=1487"},"modified":"2025-06-05T05:51:04","modified_gmt":"2025-06-05T05:51:04","slug":"organic-101-paeonia-lactiflora-powder","status":"publish","type":"product","link":"https:\/\/wankonbiotech.com\/es\/producto-2\/polvo-organico-101-de-paeonia-lactiflora\/","title":{"rendered":"Paeonia lactiflora ecol\u00f3gica 10:1 Polvo"},"content":{"rendered":"<table style=\"width: 57.0232%; height: 216px;\">\n<thead>\n<tr style=\"height: 24px;\">\n<th style=\"height: 24px;\"><strong>Nombre del producto<\/strong><\/th>\n<th style=\"height: 24px;\">Extracto de peon\u00eda blanca 10:1<\/th>\n<\/tr>\n<\/thead>\n<tbody>\n<tr style=\"height: 24px;\">\n<td style=\"height: 24px;\"><strong>Alias del producto<\/strong><\/td>\n<td style=\"height: 24px;\">Peon\u00eda blanca, Peon\u00eda<\/td>\n<\/tr>\n<tr style=\"height: 24px;\">\n<td style=\"height: 24px;\"><strong>Nombre cient\u00edfico<\/strong><\/td>\n<td style=\"height: 24px;\"><em>Paeonia lactiflora Pall.<\/em><\/td>\n<\/tr>\n<tr style=\"height: 24px;\">\n<td style=\"height: 24px;\"><strong>Apariencia<\/strong><\/td>\n<td style=\"height: 24px;\">Polvo marr\u00f3n<\/td>\n<\/tr>\n<tr style=\"height: 24px;\">\n<td style=\"height: 24px;\"><strong>M\u00e9todo de ensayo<\/strong><\/td>\n<td style=\"height: 24px;\">HPLC<\/td>\n<\/tr>\n<tr style=\"height: 24px;\">\n<td style=\"height: 24px;\"><strong>Especificaci\u00f3n<\/strong><\/td>\n<td style=\"height: 24px;\">10:1, Paeoniflorin 10%, Paeoniflorin 20%, Paeoniflorin 30% (En stock)<\/td>\n<\/tr>\n<tr style=\"height: 24px;\">\n<td style=\"height: 24px;\"><strong>Embalaje<\/strong><\/td>\n<td style=\"height: 24px;\">25 kg\/tambor de cart\u00f3n; personalizable seg\u00fan los requisitos del cliente<\/td>\n<\/tr>\n<tr style=\"height: 24px;\">\n<td style=\"height: 24px;\"><strong>Vida \u00fatil<\/strong><\/td>\n<td style=\"height: 24px;\">48 meses<\/td>\n<\/tr>\n<tr style=\"height: 24px;\">\n<td style=\"height: 24px;\"><strong>Condiciones de almacenamiento<\/strong><\/td>\n<td style=\"height: 24px;\">Conservar en un lugar cerrado, protegido de la luz y fresco. Evitar las altas temperaturas y la humedad.<\/td>\n<\/tr>\n<\/tbody>\n<\/table>\n<h2><strong>\u00bfQu\u00e9 es la Paeonia Lactiflora?<\/strong><\/h2>\n<p>La Paeonia lactiflora, tambi\u00e9n conocida como peon\u00eda blanca o peon\u00eda china, es una planta con flores originaria de Asia. Se utiliza desde hace miles de a\u00f1os en la Medicina Tradicional China (MTC) por sus propiedades antiinflamatorias, antioxidantes y calmantes. La ra\u00edz de la planta es la parte m\u00e1s utilizada, valorada por sus beneficios terap\u00e9uticos.<\/p>\n<p><img fetchpriority=\"high\" decoding=\"async\" class=\"aligncenter size-full wp-image-1488\" src=\"http:\/\/wankonbiotech.com\/wp-content\/uploads\/2025\/01\/Paeonia-Lactiflora.jpg\" alt=\"\" width=\"1200\" height=\"797\" title=\"\" srcset=\"https:\/\/wankonbiotech.com\/wp-content\/uploads\/2025\/01\/Paeonia-Lactiflora.jpg 1200w, https:\/\/wankonbiotech.com\/wp-content\/uploads\/2025\/01\/Paeonia-Lactiflora-300x199.jpg 300w, https:\/\/wankonbiotech.com\/wp-content\/uploads\/2025\/01\/Paeonia-Lactiflora-1024x680.jpg 1024w, https:\/\/wankonbiotech.com\/wp-content\/uploads\/2025\/01\/Paeonia-Lactiflora-768x510.jpg 768w, https:\/\/wankonbiotech.com\/wp-content\/uploads\/2025\/01\/Paeonia-Lactiflora-18x12.jpg 18w, https:\/\/wankonbiotech.com\/wp-content\/uploads\/2025\/01\/Paeonia-Lactiflora-600x399.jpg 600w\" sizes=\"(max-width: 1200px) 100vw, 1200px\" \/><\/p>\n<h2><strong>Principales beneficios de la Paeonia Lactiflora ecol\u00f3gica 10:1 en polvo<\/strong><\/h2>\n<ol>\n<li><strong>Propiedades antiinflamatorias<\/strong>: Ayuda a reducir la inflamaci\u00f3n, por lo que es beneficioso para afecciones como la artritis y el dolor muscular.<\/li>\n<li><strong>Apoyo antioxidante<\/strong>: Protege las c\u00e9lulas del estr\u00e9s oxidativo y de los da\u00f1os causados por los radicales libres, favoreciendo la salud en general.<\/li>\n<li><strong>Equilibrio hormonal<\/strong>: Se utiliza a menudo en MTC para mejorar la salud reproductiva femenina y regular los ciclos menstruales.<\/li>\n<li><strong>Salud de la piel<\/strong>: Favorece una tez clara y radiante y se utiliza en productos para el cuidado de la piel por sus efectos calmantes y antienvejecimiento.<\/li>\n<li><strong>Efectos calmantes<\/strong>: Conocido por su capacidad para reducir el estr\u00e9s y promover la relajaci\u00f3n, favoreciendo el bienestar mental.<\/li>\n<\/ol>\n<h2><strong>Aplicaciones del polvo org\u00e1nico 10:1 de Paeonia Lactiflora<\/strong><\/h2>\n<ul>\n<li><strong>Suplementos a base de plantas<\/strong>: C\u00e1psulas, comprimidos y tinturas de apoyo a la salud interna.<\/li>\n<li><strong>Medicina tradicional<\/strong>: Se utiliza en f\u00f3rmulas de MTC para tratar diversos problemas de salud.<\/li>\n<li><strong>Productos para la piel<\/strong>: Se a\u00f1ade a cremas, sueros y mascarillas por sus propiedades antiinflamatorias y antioxidantes.<\/li>\n<li><strong>Alimentos y bebidas funcionales<\/strong>: Incorporado en t\u00e9s, t\u00f3nicos y bebidas saludables.<\/li>\n<\/ul>\n<h2><strong>\u00bfPor qu\u00e9 elegir nuestro polvo org\u00e1nico 10:1 de Paeonia Lactiflora?<\/strong><\/h2>\n<p>Como f\u00e1brica y distribuidora profesional de extractos de plantas, nos comprometemos a suministrar productos ecol\u00f3gicos de primera calidad. Nuestro polvo org\u00e1nico 10:1 de Paeonia Lactiflora destaca por ser:<\/p>\n<ul>\n<li><strong>Certificado ecol\u00f3gico<\/strong>: Procedente de plantas de Paeonia lactiflora de cultivo ecol\u00f3gico, sin pesticidas ni fertilizantes sint\u00e9ticos.<\/li>\n<li><strong>Alta potencia<\/strong>: Una proporci\u00f3n de extracci\u00f3n de 10:1 garantiza un producto concentrado y eficaz.<\/li>\n<li><strong>Probado por terceros<\/strong>: Verificado en cuanto a pureza, metales pesados y contaminantes microbianos.<\/li>\n<li><strong>Sostenible y \u00e9tico<\/strong>: Recolectados de forma responsable para apoyar la conservaci\u00f3n del medio ambiente.<\/li>\n<li><strong>Vers\u00e1til<\/strong>: Disponible en varias formas para adaptarse a sus necesidades de formulaci\u00f3n.<\/li>\n<\/ul>\n<h2>Preguntas frecuentes sobre la Paeonia Lactiflora ecol\u00f3gica 10:1 en polvo<\/h2>\n<p><strong>1. \u00bfPara qu\u00e9 se utiliza la Paeonia lactiflora?<\/strong><br \/>\nLa Paeonia lactiflora se utiliza tradicionalmente por sus propiedades antiinflamatorias, antioxidantes y calmantes. Se utiliza habitualmente para favorecer el equilibrio hormonal, la salud de la piel y el bienestar general.<\/p>\n<p><strong>2. \u00bfQu\u00e9 significa una relaci\u00f3n de extracci\u00f3n de 10:1?<\/strong><br \/>\nUna proporci\u00f3n de extracci\u00f3n de 10:1 significa que 10 kilogramos de ra\u00edz cruda de Paeonia lactiflora se concentran en 1 kilogramo de polvo, lo que da como resultado un producto altamente potente y eficaz.<\/p>\n<p><strong>3. \u00bfEs seguro el uso de Paeonia lactiflora?<\/strong><br \/>\nS\u00ed, la Paeonia lactiflora es generalmente segura si se utiliza seg\u00fan las indicaciones. Sin embargo, se recomienda consultar a un profesional de la salud antes de comenzar cualquier nuevo suplemento, especialmente si usted est\u00e1 embarazada, amamantando o tiene una condici\u00f3n m\u00e9dica.<\/p>\n<p><strong>4. \u00bfPuede la Paeonia lactiflora ayudar al equilibrio hormonal?<\/strong><br \/>\nS\u00ed, la Paeonia lactiflora se utiliza a menudo en la medicina tradicional china para favorecer la salud reproductiva femenina y regular los ciclos menstruales.<\/p>\n<p><strong>5. \u00bfEste producto tiene certificaci\u00f3n ecol\u00f3gica?<\/strong><br \/>\nS\u00ed, nuestro polvo org\u00e1nico 10:1 de Paeonia Lactiflora est\u00e1 certificado como org\u00e1nico, lo que garantiza que est\u00e1 libre de pesticidas, fertilizantes sint\u00e9ticos y otros productos qu\u00edmicos nocivos.<\/p>\n<p><strong>6. \u00bfQu\u00e9 beneficios aporta la Paeonia lactiflora a la piel?<\/strong><br \/>\nLa Paeonia lactiflora es conocida por sus propiedades antiinflamatorias y antioxidantes, por lo que resulta beneficiosa para calmar la piel irritada, reducir las rojeces y favorecer un cutis joven.<\/p>","protected":false},"excerpt":{"rendered":"<p>El polvo org\u00e1nico 10:1 de Paeonia lactiflora es un extracto vegetal org\u00e1nico certificado de alta calidad derivado de las ra\u00edces de Paeonia lactiflora, com\u00fanmente conocida como peon\u00eda blanca. Este potente extracto 10:1 se produce a trav\u00e9s de un meticuloso proceso de extracci\u00f3n, asegurando una forma concentrada de los compuestos bioactivos de la planta, incluyendo paeoniflorin. Ideal para su uso en suplementos herbales, medicina tradicional y f\u00f3rmulas para el cuidado de la piel, nuestro polvo org\u00e1nico 10:1 de Paeonia lactiflora ha sido sometido a rigurosas pruebas de pureza, potencia y seguridad. Se obtiene de forma sostenible y se procesa para cumplir con los m\u00e1s altos est\u00e1ndares org\u00e1nicos, por lo que es una opci\u00f3n de confianza para aplicaciones de salud y bienestar.<\/p>","protected":false},"featured_media":1490,"template":"","meta":{"_acf_changed":false},"product_brand":[],"product_cat":[40],"product_tag":[],"class_list":{"0":"post-1487","1":"product","2":"type-product","3":"status-publish","4":"has-post-thumbnail","6":"product_cat-organic-plant-extract","8":"first","9":"instock","10":"shipping-taxable","11":"purchasable","12":"product-type-variable"},"acf":[],"_links":{"self":[{"href":"https:\/\/wankonbiotech.com\/es\/wp-json\/wp\/v2\/product\/1487","targetHints":{"allow":["GET"]}}],"collection":[{"href":"https:\/\/wankonbiotech.com\/es\/wp-json\/wp\/v2\/product"}],"about":[{"href":"https:\/\/wankonbiotech.com\/es\/wp-json\/wp\/v2\/types\/product"}],"wp:featuredmedia":[{"embeddable":true,"href":"https:\/\/wankonbiotech.com\/es\/wp-json\/wp\/v2\/media\/1490"}],"wp:attachment":[{"href":"https:\/\/wankonbiotech.com\/es\/wp-json\/wp\/v2\/media?parent=1487"}],"wp:term":[{"taxonomy":"product_brand","embeddable":true,"href":"https:\/\/wankonbiotech.com\/es\/wp-json\/wp\/v2\/product_brand?post=1487"},{"taxonomy":"product_cat","embeddable":true,"href":"https:\/\/wankonbiotech.com\/es\/wp-json\/wp\/v2\/product_cat?post=1487"},{"taxonomy":"product_tag","embeddable":true,"href":"https:\/\/wankonbiotech.com\/es\/wp-json\/wp\/v2\/product_tag?post=1487"}],"curies":[{"name":"wp","href":"https:\/\/api.w.org\/{rel}","templated":true}]}}