{"id":971,"date":"2024-08-31T16:32:03","date_gmt":"2024-08-31T16:32:03","guid":{"rendered":"http:\/\/wankonbiotech.com\/?post_type=product&#038;p=971"},"modified":"2024-09-01T02:27:57","modified_gmt":"2024-09-01T02:27:57","slug":"blue-lotus-extract-powder","status":"publish","type":"product","link":"https:\/\/wankonbiotech.com\/de\/produkt-2\/blauer-lotusextrakt-pulver-2\/","title":{"rendered":"Top Qualit\u00e4t Gro\u00dfhandel blauer Lotus Extrakt Pulver"},"content":{"rendered":"<table>\n<tbody>\n<tr>\n<td>\n<div><strong>Produktname:<\/strong><\/div>\n<\/td>\n<td>Blauer Lotus-Extrakt Pulver<\/td>\n<\/tr>\n<tr>\n<td>\n<div><strong>Teil verwenden:<\/strong><\/div>\n<\/td>\n<td>\n<div>Blume<\/div>\n<\/td>\n<\/tr>\n<tr>\n<td>\n<div><strong>Erscheinungsbild:<\/strong><\/div>\n<\/td>\n<td>\n<div>Braun-gelbes Pulver<\/div>\n<\/td>\n<\/tr>\n<tr>\n<td>\n<div><strong>Haltbarkeitsdauer:<\/strong><\/div>\n<\/td>\n<td>\n<div>24 Motten<\/div>\n<\/td>\n<\/tr>\n<\/tbody>\n<\/table>\n<h2><strong>Einf\u00fchrung<\/strong><\/h2>\n<p>Lotus-Extrakt ist eine mehrj\u00e4hrige Wasserpflanze, die zur Gattung Nelumbo geh\u00f6rt und h\u00e4ufig in Wasserg\u00e4rten angebaut wird. Die Wurzeln des Lotus sind in den Boden des Teichs oder Flusses eingepflanzt, w\u00e4hrend die Bl\u00e4tter auf der Wasseroberfl\u00e4che schwimmen oder weit dar\u00fcber gehalten werden. Die Bl\u00fcten befinden sich in der Regel an dicken St\u00e4ngeln, die mehrere Zentimeter \u00fcber die Bl\u00e4tter hinausragen. Die Pflanze erreicht normalerweise eine H\u00f6he von etwa 150 cm und eine horizontale Ausdehnung von bis zu 3 Metern, aber einige unbest\u00e4tigte Berichte geben die H\u00f6he mit \u00fcber 5 Metern an. Die Bl\u00e4tter k\u00f6nnen einen Durchmesser von bis zu 60 cm haben, w\u00e4hrend die auff\u00e4lligen Bl\u00fcten einen Durchmesser von bis zu 20 cm haben k\u00f6nnen.<\/p>\n<p><img fetchpriority=\"high\" decoding=\"async\" class=\"alignnone wp-image-973 size-full\" src=\"http:\/\/wankonbiotech.com\/wp-content\/uploads\/2024\/08\/blue_lotus_extract_dose-scaled-1.webp\" alt=\"Blauer Lotus-Extrakt Pulver\" width=\"2048\" height=\"1365\" title=\"\" srcset=\"https:\/\/wankonbiotech.com\/wp-content\/uploads\/2024\/08\/blue_lotus_extract_dose-scaled-1.webp 2048w, https:\/\/wankonbiotech.com\/wp-content\/uploads\/2024\/08\/blue_lotus_extract_dose-scaled-1-300x200.webp 300w, https:\/\/wankonbiotech.com\/wp-content\/uploads\/2024\/08\/blue_lotus_extract_dose-scaled-1-1024x683.webp 1024w, https:\/\/wankonbiotech.com\/wp-content\/uploads\/2024\/08\/blue_lotus_extract_dose-scaled-1-768x512.webp 768w, https:\/\/wankonbiotech.com\/wp-content\/uploads\/2024\/08\/blue_lotus_extract_dose-scaled-1-1536x1024.webp 1536w, https:\/\/wankonbiotech.com\/wp-content\/uploads\/2024\/08\/blue_lotus_extract_dose-scaled-1-18x12.webp 18w, https:\/\/wankonbiotech.com\/wp-content\/uploads\/2024\/08\/blue_lotus_extract_dose-scaled-1-600x400.webp 600w\" sizes=\"(max-width: 2048px) 100vw, 2048px\" \/><\/p>\n<h2><strong>Die Essenz des Blauen Lotusextrakts in Pulverform<\/strong><\/h2>\n<p>Abgeleitet von der <strong>Nymphaea caerulea<\/strong> Der Blaue Lotus wird seit Jahrhunderten wegen seiner beruhigenden und entspannenden Eigenschaften gesch\u00e4tzt. Im Bereich der Hautpflege ist das Blauer-Lotus-Extrakt-Pulver f\u00fcr seine F\u00e4higkeit bekannt, einen jugendlichen Teint zu f\u00f6rdern, oxidativen Stress zu bek\u00e4mpfen und tiefgehende Feuchtigkeit zu spenden. Dieser Extrakt ist reich an Flavonoiden, Antioxidantien und Alkaloiden, die synergetisch zusammenwirken, um die Struktur und Elastizit\u00e4t der Haut zu verbessern.<\/p>\n<h2><strong>Anti-Aging-Vorteile<\/strong><\/h2>\n<p>Blauer Lotusextrakt in Pulverform ist ein besonders wirksamer Anti-Aging-Wirkstoff. Die hohe Konzentration an Antioxidantien hilft, freie Radikale zu neutralisieren, die eine der Hauptursachen f\u00fcr vorzeitige Hautalterung sind. Durch die Aufnahme von Blauer-Lotus-Extrakt-Pulver in Hautpflegeprodukte k\u00f6nnen die Hersteller L\u00f6sungen anbieten, die das Erscheinungsbild von feinen Linien und Falten reduzieren und die Haut straff und verj\u00fcngt aussehen lassen.<\/p>\n<h2><strong>Hydratation und Befeuchtung<\/strong><\/h2>\n<p>Zus\u00e4tzlich zu seinen Anti-Aging-Eigenschaften ist Blauer Lotusextrakt-Pulver ein starker Feuchtigkeitsspender. Es hilft, Feuchtigkeit zu binden und ist daher ideal f\u00fcr Formulierungen, die auf trockene oder dehydrierte Haut abzielen. Die nat\u00fcrlichen weichmachenden Eigenschaften des Blauen Lotus sorgen daf\u00fcr, dass die Haut weich, geschmeidig und strahlend bleibt, selbst bei rauen Umweltbedingungen.<\/p>\n<p><img decoding=\"async\" class=\"alignnone wp-image-974 size-full\" src=\"http:\/\/wankonbiotech.com\/wp-content\/uploads\/2024\/08\/Blue-lotus-extract-capsules-scaled-1.webp\" alt=\" Blauer Lotus-Extrakt Pulver\" width=\"2560\" height=\"1736\" title=\"\" srcset=\"https:\/\/wankonbiotech.com\/wp-content\/uploads\/2024\/08\/Blue-lotus-extract-capsules-scaled-1.webp 2560w, https:\/\/wankonbiotech.com\/wp-content\/uploads\/2024\/08\/Blue-lotus-extract-capsules-scaled-1-300x203.webp 300w, https:\/\/wankonbiotech.com\/wp-content\/uploads\/2024\/08\/Blue-lotus-extract-capsules-scaled-1-1024x694.webp 1024w, https:\/\/wankonbiotech.com\/wp-content\/uploads\/2024\/08\/Blue-lotus-extract-capsules-scaled-1-768x521.webp 768w, https:\/\/wankonbiotech.com\/wp-content\/uploads\/2024\/08\/Blue-lotus-extract-capsules-scaled-1-1536x1042.webp 1536w, https:\/\/wankonbiotech.com\/wp-content\/uploads\/2024\/08\/Blue-lotus-extract-capsules-scaled-1-2048x1389.webp 2048w, https:\/\/wankonbiotech.com\/wp-content\/uploads\/2024\/08\/Blue-lotus-extract-capsules-scaled-1-18x12.webp 18w, https:\/\/wankonbiotech.com\/wp-content\/uploads\/2024\/08\/Blue-lotus-extract-capsules-scaled-1-600x407.webp 600w\" sizes=\"(max-width: 2560px) 100vw, 2560px\" \/><\/p>\n<h2><strong>Beruhigende und lindernde Wirkung<\/strong><\/h2>\n<p>Die beruhigenden Eigenschaften des Blauen Lotus sind gut dokumentiert und machen ihn zu einer hervorragenden Wahl f\u00fcr Produkte, die gereizte oder empfindliche Haut beruhigen sollen. Ob in einer Gesichtsmaske, einem Serum oder einer Feuchtigkeitscreme, Blue Lotus Extract Powder kann helfen, R\u00f6tungen, Entz\u00fcndungen und Unwohlsein zu reduzieren und einen ausgeglichenen und gesunden Teint zu f\u00f6rdern.<\/p>\n<h2><strong>Anwendungen in Hautpflegeprodukten<\/strong><\/h2>\n<p>Unser Blauer-Lotus-Extrakt-Pulver ist vielseitig einsetzbar und l\u00e4sst sich nahtlos in verschiedene Hautpflegeprodukte integrieren. Es ist geeignet f\u00fcr die Verwendung in:<\/p>\n<ul>\n<li><strong>Anti-Aging-Cremes:<\/strong> Zur Verbesserung der Hautelastizit\u00e4t und zur Minderung der Zeichen der Hautalterung.<\/li>\n<li><strong>Feuchtigkeitsspendende Seren:<\/strong> F\u00fcr eine tiefe Befeuchtung und eine aufpolsternde Wirkung auf die Haut.<\/li>\n<li><strong>Gesichtsmasken:<\/strong> Beruhigt und beruhigt die Haut und versorgt sie mit wichtigen N\u00e4hrstoffen.<\/li>\n<li><strong>Gesichtswasser und Lotionen:<\/strong> F\u00fcr einen erfrischenden und feuchtigkeitsspendenden Schub.<\/li>\n<\/ul>\n<h2><strong>Qualit\u00e4t, der Sie vertrauen k\u00f6nnen<\/strong><\/h2>\n<p>Bei Xi'an Wankangyuan Biotechnology steht die Qualit\u00e4t im Mittelpunkt unseres Handelns. Unser Blauer-Lotus-Extrakt-Pulver wird unter strengen Qualit\u00e4tskontrollen hergestellt, um sicherzustellen, dass jede Charge die h\u00f6chsten Standards f\u00fcr Reinheit und Wirksamkeit erf\u00fcllt. Wir beziehen unseren Blauen Lotus aus den besten nat\u00fcrlichen Umgebungen und setzen fortschrittliche Extraktionsverfahren ein, um die positiven Eigenschaften der Pflanze zu erhalten.<\/p>\n<h2><strong>Warum sollten Sie sich f\u00fcr Blauer-Lotus-Extrakt-Pulver von Xi'an Wankangyuan entscheiden?<\/strong><\/h2>\n<p>Eine Partnerschaft mit Xi'an Wankangyuan Biotechnology bedeutet, dass Sie Zugang zu erstklassigem Blauer-Lotus-Extrakt-Pulver erhalten, das nicht nur wirksam, sondern auch sicher und umweltvertr\u00e4glich ist. Wir engagieren uns f\u00fcr nachhaltige Praktiken und ethische Beschaffung, um sicherzustellen, dass unsere Produkte ebenso gut f\u00fcr den Planeten wie f\u00fcr Ihre Haut sind.<\/p>\n<h2><strong>FAQs<\/strong><\/h2>\n<p><strong>Wozu wird Blue Lotus Extract Powder in der Hautpflege verwendet?<\/strong><br \/>\nBlue Lotus Extract Powder wird h\u00e4ufig wegen seiner Anti-Aging-, feuchtigkeitsspendenden und beruhigenden Eigenschaften verwendet. Es reduziert feine Linien, verbessert die Hautstruktur und beruhigt gereizte Haut.<\/p>\n<p><strong>Kann Blue Lotus Extract Powder bei allen Hauttypen verwendet werden?<\/strong><br \/>\nJa, Blue Lotus Extract Powder ist f\u00fcr alle Hauttypen geeignet, auch f\u00fcr empfindliche Haut. Seine sanften und feuchtigkeitsspendenden Eigenschaften machen es zu einer ausgezeichneten Wahl f\u00fcr eine breite Palette von Hautpflegeprodukten.<\/p>\n<p><strong>Wie sollte Blauer Lotus-Extrakt-Pulver gelagert werden?<\/strong><br \/>\nUm seine Wirksamkeit zu erhalten, sollte das Blauer-Lotus-Extrakt-Pulver an einem k\u00fchlen, trockenen Ort gelagert werden, fern von direktem Sonnenlicht und Feuchtigkeit.<\/p>\n<p><strong>Ist Blue Lotus Extract Powder sicher f\u00fcr den t\u00e4glichen Gebrauch?<\/strong><br \/>\nJa, Produkte, die mit Blauer-Lotus-Extrakt-Pulver formuliert sind, sind im Allgemeinen sicher f\u00fcr den t\u00e4glichen Gebrauch, da der Extrakt mild und nicht reizend ist.<\/p>\n<p><strong>Wie hoch ist die empfohlene Konzentration von Blauer-Lotus-Extrakt-Pulver in Formulierungen?<\/strong><br \/>\nDie empfohlene Konzentration von Blauer-Lotus-Extrakt-Pulver variiert je nach Produkt, aber in der Regel wird es mit 0,5% bis 5% in Hautpflegeformulierungen verwendet.<\/p>\n<p><strong>Enth\u00e4lt das Blauer-Lotus-Extrakt-Pulver einen Duftstoff?<\/strong><br \/>\nBlue Lotus Extract Powder hat einen milden, nat\u00fcrlichen Duft, der dezent und angenehm ist und sich daher ideal f\u00fcr duftempfindliche Formulierungen eignet.<\/p>\n<p><strong>Eingehende Links:<\/strong><\/p>\n<ul>\n<li><a href=\"http:\/\/wankonbiotech.com\/de\/\" rel=\"noopener\">Xi'an Wankangyuan Biotechnology Co, Ltd. - Unser Bekenntnis zur Qualit\u00e4t<\/a><\/li>\n<\/ul>","protected":false},"excerpt":{"rendered":"<p>Lotus-Extrakt ist eine mehrj\u00e4hrige Wasserpflanze, die zur Gattung Nelumbo geh\u00f6rt und h\u00e4ufig in Wasserg\u00e4rten angebaut wird. Die Wurzeln des Lotus sind in den Boden des Teichs oder Flusses eingepflanzt, w\u00e4hrend die Bl\u00e4tter auf der Wasseroberfl\u00e4che schwimmen oder weit dar\u00fcber gehalten werden. Die Bl\u00fcten befinden sich in der Regel an dicken St\u00e4ngeln, die mehrere Zentimeter \u00fcber die Bl\u00e4tter hinausragen.<\/p>","protected":false},"featured_media":972,"template":"","meta":{"_acf_changed":false},"product_brand":[],"product_cat":[40],"product_tag":[],"class_list":{"0":"post-971","1":"product","2":"type-product","3":"status-publish","4":"has-post-thumbnail","6":"product_cat-organic-plant-extract","8":"first","9":"instock","10":"shipping-taxable","11":"product-type-simple"},"acf":[],"_links":{"self":[{"href":"https:\/\/wankonbiotech.com\/de\/wp-json\/wp\/v2\/product\/971","targetHints":{"allow":["GET"]}}],"collection":[{"href":"https:\/\/wankonbiotech.com\/de\/wp-json\/wp\/v2\/product"}],"about":[{"href":"https:\/\/wankonbiotech.com\/de\/wp-json\/wp\/v2\/types\/product"}],"wp:featuredmedia":[{"embeddable":true,"href":"https:\/\/wankonbiotech.com\/de\/wp-json\/wp\/v2\/media\/972"}],"wp:attachment":[{"href":"https:\/\/wankonbiotech.com\/de\/wp-json\/wp\/v2\/media?parent=971"}],"wp:term":[{"taxonomy":"product_brand","embeddable":true,"href":"https:\/\/wankonbiotech.com\/de\/wp-json\/wp\/v2\/product_brand?post=971"},{"taxonomy":"product_cat","embeddable":true,"href":"https:\/\/wankonbiotech.com\/de\/wp-json\/wp\/v2\/product_cat?post=971"},{"taxonomy":"product_tag","embeddable":true,"href":"https:\/\/wankonbiotech.com\/de\/wp-json\/wp\/v2\/product_tag?post=971"}],"curies":[{"name":"wp","href":"https:\/\/api.w.org\/{rel}","templated":true}]}}