{"id":962,"date":"2024-08-23T05:59:22","date_gmt":"2024-08-23T05:59:22","guid":{"rendered":"http:\/\/wankonbiotech.com\/?post_type=product&#038;p=962"},"modified":"2024-08-23T06:02:40","modified_gmt":"2024-08-23T06:02:40","slug":"natural-fisetin-powder","status":"publish","type":"product","link":"https:\/\/wankonbiotech.com\/de\/produkt-2\/naturliches-fisetinpulver-2\/","title":{"rendered":"Nat\u00fcrliches Fisetin-Pulver"},"content":{"rendered":"<table>\n<tbody>\n<tr>\n<td><strong>Produktname<\/strong><\/td>\n<td>Nat\u00fcrliches Fisetin-Pulver<\/td>\n<\/tr>\n<tr>\n<td><strong>Reinheit<\/strong><\/td>\n<td>98%+<\/td>\n<\/tr>\n<tr>\n<td><strong>Erscheinungsbild<\/strong><\/td>\n<td>Gelbes nadelf\u00f6rmiges Kristallpulver<\/td>\n<\/tr>\n<tr>\n<td><strong>MOQ<\/strong><\/td>\n<td>1Kg<\/td>\n<\/tr>\n<tr>\n<td><strong>Paket<\/strong><\/td>\n<td>1Kg\/Aluminiumfolienbeutel, 25Kg\/Papiertrommel<\/td>\n<\/tr>\n<tr>\n<td><strong>Lagerbestand<\/strong><\/td>\n<td>600 kg<\/td>\n<\/tr>\n<tr>\n<td><strong>Schiffszeit<\/strong><\/td>\n<td>Innerhalb von 2~3 Arbeitstagen nach Ihrer Bestellung<\/td>\n<\/tr>\n<tr>\n<td><strong>Art der Bezahlung<\/strong><\/td>\n<td>Bank\u00fcberweisung<\/td>\n<\/tr>\n<\/tbody>\n<\/table>\n<h2><strong>Einf\u00fchrung<\/strong><\/h2>\n<p><strong>Nat\u00fcrliches Fisetin-Pulver<\/strong> ist in einer Vielzahl von Pflanzen zu finden. Es kommt in vielen Eudikotyledonen wie Acacia greggii und Acacia berlandieri sowie in der Familie der Fabaceae und in Pflanzen wie Quebracho colorado und Rhus chinensis vor. Es ist auch in jungem Fustic enthalten, einem traditionellen gelben Farbstoff, der aus dem Kernholz von Cotinus coggygria hergestellt wird, sowie in vielen Gem\u00fcse- und Obstsorten wie Erdbeeren, \u00c4pfeln und Trauben. Fisetin kann auch aus Fruchts\u00e4ften, Weinen und Br\u00fchgetr\u00e4nken wie Tee extrahiert werden. Es kommt auch in einkeimbl\u00e4ttrigen Pflanzen wie Zwiebeln und in Nadelb\u00e4umen wie Callitropsis nootkatensis vor.<\/p>\n<h2><strong>Was ist nat\u00fcrliches Fisetin-Pulver?<\/strong><\/h2>\n<p><strong>Nat\u00fcrliches Fisetin-Pulver<\/strong> ist ein Flavonoid, eine Art pflanzliche Verbindung, die f\u00fcr ihre antioxidativen Eigenschaften bekannt ist. Es ist in verschiedenen Obst- und Gem\u00fcsesorten enthalten, wobei Erdbeeren eine der reichsten Quellen sind. <strong>Fisetin<\/strong> ist aufgrund seiner potenziellen gesundheitlichen Vorteile, insbesondere in den Bereichen kognitive Unterst\u00fctzung, Anti-Aging und Zellschutz, Gegenstand zahlreicher wissenschaftlicher Studien gewesen. Unser <strong>Nat\u00fcrliches Fisetin-Pulver<\/strong> wird extrahiert und gereinigt, um eine maximale Potenz zu gew\u00e4hrleisten und ein hochwertiges Nahrungserg\u00e4nzungsmittel zu liefern, das Ihre gesundheitlichen Ziele unterst\u00fctzt.<\/p>\n<p><img fetchpriority=\"high\" decoding=\"async\" class=\"alignnone size-full wp-image-963\" src=\"http:\/\/wankonbiotech.com\/wp-content\/uploads\/2024\/08\/OIP.jpg\" alt=\"Nat\u00fcrliches Fisetin-Pulver\" width=\"474\" height=\"355\" title=\"\" srcset=\"https:\/\/wankonbiotech.com\/wp-content\/uploads\/2024\/08\/OIP.jpg 474w, https:\/\/wankonbiotech.com\/wp-content\/uploads\/2024\/08\/OIP-300x225.jpg 300w, https:\/\/wankonbiotech.com\/wp-content\/uploads\/2024\/08\/OIP-16x12.jpg 16w\" sizes=\"(max-width: 474px) 100vw, 474px\" \/> <img decoding=\"async\" class=\"alignnone size-full wp-image-964\" src=\"http:\/\/wankonbiotech.com\/wp-content\/uploads\/2024\/08\/OIP-1.jpg\" alt=\"Nat\u00fcrliches Fisetin-Pulver\" width=\"474\" height=\"347\" title=\"\" srcset=\"https:\/\/wankonbiotech.com\/wp-content\/uploads\/2024\/08\/OIP-1.jpg 474w, https:\/\/wankonbiotech.com\/wp-content\/uploads\/2024\/08\/OIP-1-300x220.jpg 300w, https:\/\/wankonbiotech.com\/wp-content\/uploads\/2024\/08\/OIP-1-16x12.jpg 16w\" sizes=\"(max-width: 474px) 100vw, 474px\" \/><\/p>\n<h2><strong>Gesundheitliche Vorteile von nat\u00fcrlichem Fisetin-Pulver<\/strong><\/h2>\n<p><strong>Nat\u00fcrliches Fisetin-Pulver<\/strong> bietet eine Reihe von gesundheitlichen Vorteilen und ist somit eine hervorragende Erg\u00e4nzung zu Ihrer t\u00e4glichen Routine:<\/p>\n<ul>\n<li><strong>Kognitive Unterst\u00fctzung<\/strong>: <strong>Fisetin<\/strong> ist f\u00fcr seine neuroprotektiven Eigenschaften bekannt und tr\u00e4gt zur Verbesserung von Ged\u00e4chtnis und Gehirnfunktion bei. Es unterst\u00fctzt die Gesundheit der Neuronen und kann das Risiko eines altersbedingten kognitiven R\u00fcckgangs verringern.<\/li>\n<li><strong>Antioxidative Kraft<\/strong>: Als starkes Antioxidans, <strong>Fisetin<\/strong> hilft, freie Radikale im K\u00f6rper zu neutralisieren, reduziert den oxidativen Stress und sch\u00fctzt die Zellen vor Sch\u00e4den.<\/li>\n<li><strong>Anti-Aging-Eigenschaften<\/strong>: <strong>Fisetin<\/strong> f\u00f6rdert nachweislich die zellul\u00e4re Gesundheit und Langlebigkeit, indem es Entz\u00fcndungen reduziert und die nat\u00fcrlichen Entgiftungsprozesse des K\u00f6rpers unterst\u00fctzt.<\/li>\n<li><strong>Entz\u00fcndungshemmende Wirkungen<\/strong>: <strong>Fisetin<\/strong> tr\u00e4gt dazu bei, Entz\u00fcndungswege zu modulieren, was f\u00fcr Menschen, die an chronischen Entz\u00fcndungen oder damit verbundenen Krankheiten leiden, von Vorteil sein kann.<\/li>\n<\/ul>\n<h2><strong>Anwendungen von nat\u00fcrlichem Fisetin-Pulver<\/strong><\/h2>\n<p><strong>Nat\u00fcrliches Fisetin-Pulver<\/strong> ist vielseitig und kann in verschiedene Gesundheits- und Wellness-Routinen integriert werden:<\/p>\n<ul>\n<li><strong>Nahrungserg\u00e4nzungsmittel<\/strong>: hinzuf\u00fcgen <strong>Fisetin-Pulver<\/strong> zu Kapseln oder Tabletten, um eine wirksame antioxidative Erg\u00e4nzung zu schaffen.<\/li>\n<li><strong>Smoothies und Getr\u00e4nke<\/strong>: Mix <strong>Nat\u00fcrliches Fisetin-Pulver<\/strong> in Smoothies, S\u00e4fte oder Wasser ein, um die t\u00e4gliche Aufnahme von Antioxidantien zu erh\u00f6hen.<\/li>\n<li><strong>Funktionelle Lebensmittel<\/strong>: einbinden <strong>Fisetin-Pulver<\/strong> in Gesundheitsriegeln, Energiesnacks oder anderen funktionellen Lebensmitteln f\u00fcr zus\u00e4tzlichen N\u00e4hrwert.<\/li>\n<\/ul>\n<h2><strong>Warum sollten Sie unser nat\u00fcrliches Fisetin-Pulver w\u00e4hlen?<\/strong><\/h2>\n<p>Unter <strong>Xi'an Wankangyuan Biotechnology Co., Ltd.<\/strong>Wir sind stolz darauf, qualitativ hochwertige, nat\u00fcrliche Inhaltsstoffe zu produzieren, die den h\u00f6chsten Anspr\u00fcchen an Reinheit und Wirksamkeit gen\u00fcgen. Unser <strong>Nat\u00fcrliches Fisetin-Pulver<\/strong> wird aus hochwertigem Obst und Gem\u00fcse gewonnen und in unserer hochmodernen Anlage verarbeitet, um sicherzustellen, dass Sie ein wirkungsvolles und reines Produkt erhalten. Mit unserer umfangreichen Erfahrung in der Herstellung von Pflanzenextrakten und Nahrungserg\u00e4nzungsmitteln stellen wir sicher, dass unsere <strong>Fisetin-Pulver<\/strong> ist sowohl wirksam als auch sicher f\u00fcr den Langzeitgebrauch.<\/p>\n<p>Unser Engagement f\u00fcr Qualit\u00e4t spiegelt sich in unseren strengen Pr\u00fcf- und Qualit\u00e4tskontrollverfahren wider, die garantieren, dass jede Charge von <strong>Nat\u00fcrliches Fisetin-Pulver<\/strong> unsere strengen Standards erf\u00fcllt. Wir haben uns der Bereitstellung von Produkten verschrieben, die Gesundheit und Wohlbefinden unterst\u00fctzen, wissenschaftlich fundiert sind und mit Integrit\u00e4t hergestellt werden.<\/p>\n<h2><strong>Nachhaltigkeit und Qualit\u00e4tssicherung<\/strong><\/h2>\n<p>Unser <strong>Nat\u00fcrliches Fisetin-Pulver<\/strong> wird mit einem Schwerpunkt auf Nachhaltigkeit und Umweltverantwortung hergestellt. Wir arbeiten eng mit Landwirten zusammen, die nachhaltige Landwirtschaft betreiben, um sicherzustellen, dass unsere Zutaten auf umweltfreundliche Weise angebaut und geerntet werden. Dar\u00fcber hinaus folgt unsere Verarbeitungsanlage den GMP- (Good Manufacturing Practices) und ISO-Normen, um zu gew\u00e4hrleisten, dass Sie ein sicheres, hochwertiges Produkt erhalten.<\/p>\n<p>Um mehr \u00fcber diese und andere hochwertige nat\u00fcrliche Nahrungserg\u00e4nzungsmittel zu erfahren, besuchen Sie <a href=\"http:\/\/wankonbiotech.com\/de\/produkt-kategorie\/nutrazentische-inhaltsstoffe\/\" target=\"_new\" rel=\"noopener\">Wankon Biotech's Kategorie Nutrazenzien-Zutaten<\/a>.<\/p>\n<h2><strong>FAQs<\/strong><\/h2>\n<p>Was ist nat\u00fcrliches Fisetin-Pulver?<br \/>\n<strong>Nat\u00fcrliches Fisetin-Pulver<\/strong> ist ein Flavonoid mit antioxidativen Eigenschaften, das daf\u00fcr bekannt ist, die kognitive Gesundheit zu unterst\u00fctzen und oxidativen Stress zu reduzieren.<\/p>\n<p>Wie verwende ich Natural Fisetin Powder?<br \/>\nSie k\u00f6nnen hinzuf\u00fcgen <strong>Nat\u00fcrliches Fisetin-Pulver<\/strong> zu Smoothies, Getr\u00e4nken oder Kapseln, um seine Vorteile in Ihre t\u00e4gliche Routine zu integrieren.<\/p>\n<p>Ist Natural Fisetin Powder sicher f\u00fcr den Langzeitgebrauch?<br \/>\nJa, <strong>Nat\u00fcrliches Fisetin-Pulver<\/strong> ist sicher f\u00fcr den Langzeitgebrauch und ist eine ausgezeichnete Erg\u00e4nzung f\u00fcr die kognitive Unterst\u00fctzung und das allgemeine Wohlbefinden.<\/p>\n<p>Was sind die gesundheitlichen Vorteile von Fisetin?<br \/>\n<strong>Fisetin<\/strong> unterst\u00fctzt die Gesundheit des Gehirns, sch\u00fctzt die Zellen vor oxidativem Stress und hat Anti-Aging- und entz\u00fcndungshemmende Eigenschaften.<\/p>\n<p>Wo kann ich hochwertiges nat\u00fcrliches Fisetin-Pulver kaufen?<br \/>\nSie k\u00f6nnen hochwertige <strong>Nat\u00fcrliches Fisetin-Pulver<\/strong> von vertrauensw\u00fcrdigen Lieferanten wie denen in <a href=\"http:\/\/wankonbiotech.com\/de\/produkt-kategorie\/bio-protein-auf-pflanzenbasis\/\" target=\"_new\" rel=\"noopener\">Wankon Biotech's Kategorie Nutrazenzien-Zutaten<\/a>.<\/p>","protected":false},"excerpt":{"rendered":"<p><strong>Nat\u00fcrliches Fisetin-Pulver<\/strong> ist ein starkes Antioxidans, das aus Obst und Gem\u00fcse, vor allem aus Erdbeeren, gewonnen wird. Es ist bekannt f\u00fcr seine F\u00e4higkeit, die kognitive Gesundheit zu unterst\u00fctzen und die Zellen vor oxidativem Stress zu sch\u00fctzen, <strong>Fisetin<\/strong> wird zunehmend als wirksame Erg\u00e4nzung zur F\u00f6rderung der Langlebigkeit und des allgemeinen Wohlbefindens anerkannt.<\/p>","protected":false},"featured_media":965,"template":"","meta":{"_acf_changed":false},"product_brand":[],"product_cat":[35],"product_tag":[],"class_list":{"0":"post-962","1":"product","2":"type-product","3":"status-publish","4":"has-post-thumbnail","6":"product_cat-nutracentical-ingredients","8":"first","9":"instock","10":"shipping-taxable","11":"product-type-simple"},"acf":[],"_links":{"self":[{"href":"https:\/\/wankonbiotech.com\/de\/wp-json\/wp\/v2\/product\/962","targetHints":{"allow":["GET"]}}],"collection":[{"href":"https:\/\/wankonbiotech.com\/de\/wp-json\/wp\/v2\/product"}],"about":[{"href":"https:\/\/wankonbiotech.com\/de\/wp-json\/wp\/v2\/types\/product"}],"wp:featuredmedia":[{"embeddable":true,"href":"https:\/\/wankonbiotech.com\/de\/wp-json\/wp\/v2\/media\/965"}],"wp:attachment":[{"href":"https:\/\/wankonbiotech.com\/de\/wp-json\/wp\/v2\/media?parent=962"}],"wp:term":[{"taxonomy":"product_brand","embeddable":true,"href":"https:\/\/wankonbiotech.com\/de\/wp-json\/wp\/v2\/product_brand?post=962"},{"taxonomy":"product_cat","embeddable":true,"href":"https:\/\/wankonbiotech.com\/de\/wp-json\/wp\/v2\/product_cat?post=962"},{"taxonomy":"product_tag","embeddable":true,"href":"https:\/\/wankonbiotech.com\/de\/wp-json\/wp\/v2\/product_tag?post=962"}],"curies":[{"name":"wp","href":"https:\/\/api.w.org\/{rel}","templated":true}]}}