{"id":956,"date":"2024-08-23T05:16:21","date_gmt":"2024-08-23T05:16:21","guid":{"rendered":"http:\/\/wankonbiotech.com\/?post_type=product&#038;p=956"},"modified":"2024-08-23T05:38:37","modified_gmt":"2024-08-23T05:38:37","slug":"organic-black-chia-seed","status":"publish","type":"product","link":"https:\/\/wankonbiotech.com\/de\/produkt-2\/bio-chiasamen-schwarz-2\/","title":{"rendered":"Premium Bio Schwarzer Chia-Samen Lieferant"},"content":{"rendered":"<table>\n<tbody>\n<tr>\n<td colspan=\"1\" rowspan=\"1\"><strong>Produktname:<\/strong><\/td>\n<td colspan=\"1\" rowspan=\"1\">Bio Chia-Samen<\/td>\n<\/tr>\n<tr>\n<td colspan=\"1\" rowspan=\"1\"><strong>Verwendetes Teil:<\/strong><\/td>\n<td colspan=\"1\" rowspan=\"1\">Saatgut<\/td>\n<\/tr>\n<tr>\n<td colspan=\"1\" rowspan=\"1\"><strong>Anwendung:<\/strong><\/td>\n<td colspan=\"1\" rowspan=\"1\">Nahrungserg\u00e4nzungsmittel<\/td>\n<\/tr>\n<tr>\n<td colspan=\"1\" rowspan=\"1\"><strong>Pr\u00fcfung:<\/strong><\/td>\n<td colspan=\"1\" rowspan=\"1\">99%<\/td>\n<\/tr>\n<tr>\n<td colspan=\"1\" rowspan=\"1\"><strong>Note:<\/strong><\/td>\n<td colspan=\"1\" rowspan=\"1\">Lebensmittelqualit\u00e4t<\/td>\n<\/tr>\n<tr>\n<td colspan=\"1\" rowspan=\"1\"><strong>Haltbarkeitsdauer:<\/strong><\/td>\n<td colspan=\"1\" rowspan=\"1\">2 Jahre<\/td>\n<\/tr>\n<\/tbody>\n<\/table>\n<h2><strong>Einf\u00fchrung<\/strong><\/h2>\n<p><strong>Schwarze Chia-Samen Bio<\/strong> sind ein kraftvolles Superfood, das f\u00fcr sein reichhaltiges N\u00e4hrstoffprofil und seine vielseitigen Verwendungsm\u00f6glichkeiten bekannt ist. Diese winzigen Samen haben es in sich: Sie sind eine wichtige Quelle f\u00fcr Omega-3-Fetts\u00e4uren, Ballaststoffe, Proteine und Antioxidantien. Ganz gleich, ob Sie Ihre t\u00e4gliche Ern\u00e4hrung aufpeppen, die Gesundheit Ihres Herzens unterst\u00fctzen oder einfach nur eine vielseitige Zutat f\u00fcr Ihre Mahlzeiten genie\u00dfen m\u00f6chten, <strong>Schwarze Chia-Samen Bio<\/strong> sind eine ausgezeichnete Wahl f\u00fcr gesundheitsbewusste Verbraucher.<\/p>\n<h2><strong>Was sind schwarze Bio-Chia-Samen?<\/strong><\/h2>\n<p><strong>Schwarze Chia-Samen Bio<\/strong> aus der Pflanze stammen <em>Salvia hispanica<\/em>die in Mittel- und S\u00fcdamerika beheimatet sind. Diese Samen sind seit Jahrhunderten ein Grundnahrungsmittel in der antiken Ern\u00e4hrung und werden f\u00fcr ihre energief\u00f6rdernden Eigenschaften und ihre N\u00e4hrstoffdichte gesch\u00e4tzt. Unser <strong>Schwarze Chia-Samen Bio<\/strong> werden unter strengen biologischen Standards angebaut, die sicherstellen, dass sie frei von Pestiziden, Herbiziden und genetisch ver\u00e4nderten Organismen (GVO) sind. Diese Verpflichtung zur Qualit\u00e4t gew\u00e4hrleistet, dass Sie ein reines, nat\u00fcrliches Produkt konsumieren, das zu einem gesunden Lebensstil passt.<\/p>\n<p><img fetchpriority=\"high\" decoding=\"async\" class=\"alignnone wp-image-959 size-full\" src=\"http:\/\/wankonbiotech.com\/wp-content\/uploads\/2024\/08\/A-bowl-of-Organic-Black-Chia-Seeds-with-a-spoon-and-a-chia-seed-pudding.gif\" alt=\"Schwarze Chia-Samen Bio\" width=\"1200\" height=\"600\" title=\"\"><\/p>\n<h2><strong>Gesundheitliche Vorteile von schwarzen Chia-Samen aus biologischem Anbau<\/strong><\/h2>\n<p><strong>Schwarze Chia-Samen Bio<\/strong> bieten zahlreiche gesundheitliche Vorteile, die sie zu einer wertvollen Erg\u00e4nzung jeder Ern\u00e4hrung machen:<\/p>\n<ul>\n<li><strong>Reich an Omega-3-Fetts\u00e4uren<\/strong>: Chia-Samen sind eine der besten pflanzlichen Quellen f\u00fcr Omega-3-Fetts\u00e4uren, die f\u00fcr die Gesundheit des Herzens und des Gehirns wichtig sind.<\/li>\n<li><strong>Hoher Fasergehalt<\/strong>: Diese Samen sind reich an Ballaststoffen, die die Gesundheit der Verdauung f\u00f6rdern und dazu beitragen, ein gesundes Gewicht zu halten, da sie l\u00e4nger satt machen.<\/li>\n<li><strong>Ausgezeichnete Proteinquelle<\/strong>: Mit allen neun essentiellen Aminos\u00e4uren sind Chia-Samen ein vollst\u00e4ndiges Protein und damit ideal f\u00fcr Vegetarier und Veganer.<\/li>\n<li><strong>Antioxidantien-Kraftpaket<\/strong>: Die in den Chiasamen enthaltenen Antioxidantien helfen, freie Radikale zu bek\u00e4mpfen, reduzieren oxidativen Stress und unterst\u00fctzen die allgemeine Gesundheit.<\/li>\n<\/ul>\n<h2><strong>Anwendungen von schwarzen Bio-Chia-Samen<\/strong><\/h2>\n<p><strong>Schwarze Chia-Samen Bio<\/strong> sind unglaublich vielseitig und lassen sich leicht in verschiedene Gerichte integrieren:<\/p>\n<ul>\n<li><strong>Smoothies und Shakes<\/strong>: Geben Sie einen Essl\u00f6ffel Chiasamen in Ihre Smoothies oder Shakes, um einen N\u00e4hrstoffschub zu erhalten.<\/li>\n<li><strong>Backen<\/strong>: Verwenden Sie Chiasamen in Brot, Muffins oder Keksen, um deren N\u00e4hrstoffgehalt zu erh\u00f6hen.<\/li>\n<li><strong>Pudding<\/strong>: Kombinieren Sie Chiasamen mit Ihrer Lieblingsmilch oder Milchalternative, um einen k\u00f6stlichen, n\u00e4hrstoffreichen Pudding zu erhalten.<\/li>\n<li><strong>Salate und Joghurt<\/strong>: Streuen Sie Chiasamen \u00fcber Salate oder Joghurt, um die Textur und die N\u00e4hrstoffe zu verbessern.<\/li>\n<\/ul>\n<h2><strong>Warum sollten Sie sich f\u00fcr unsere schwarzen Bio-Chia-Samen entscheiden?<\/strong><\/h2>\n<p>Unter <strong>Xi'an Wankangyuan Biotechnology Co., Ltd.<\/strong>Wir sind stolz darauf, hochwertige, n\u00e4hrstoffreiche Zutaten zu produzieren. Unser <strong>Schwarze Chia-Samen Bio<\/strong> werden von den besten Bio-Bauernh\u00f6fen bezogen und in unserer hochmodernen Anlage verarbeitet, um sicherzustellen, dass jede Charge den h\u00f6chsten Reinheits- und Qualit\u00e4tsstandards entspricht. Dank unserer umfangreichen Erfahrung in der Lebensmittel- und Gesundheitsrohstoffindustrie k\u00f6nnen Sie darauf vertrauen, dass unsere Produkte Ihnen helfen, Ihre Wellness-Ziele zu erreichen.<\/p>\n<p>Unser Produktionsprozess unterliegt strengen Qualit\u00e4tskontrollen, von der Auswahl des Saatguts bis zur Endverpackung. Dieses Engagement f\u00fcr Spitzenleistungen gew\u00e4hrleistet, dass jede Charge von <strong>Schwarze Chia-Samen Bio<\/strong> beh\u00e4lt seinen N\u00e4hrwert bei und bietet Ihnen ein ebenso gesundes wie vielseitiges Produkt.<\/p>\n<h2><strong>Nachhaltigkeit und Qualit\u00e4tssicherung<\/strong><\/h2>\n<p>Unser <strong>Schwarze Chia-Samen Bio<\/strong> werden mit einer Verpflichtung zur Nachhaltigkeit hergestellt. Wir arbeiten eng mit Landwirten zusammen, die nachhaltige Landwirtschaft betreiben, um sicherzustellen, dass unsere Chiasamen im Einklang mit der Natur angebaut werden. Dar\u00fcber hinaus folgt unsere Verarbeitungsanlage den GMP- (Good Manufacturing Practices) und ISO-Normen, um zu gew\u00e4hrleisten, dass Sie ein sicheres, hochwertiges Produkt erhalten.<\/p>\n<p>Um mehr \u00fcber diese und andere hochwertige Superfoods zu erfahren, besuchen Sie <a href=\"http:\/\/wankonbiotech.com\/de\/produkt-kategorie\/krauterteeschnitt\/\" target=\"_new\" rel=\"noopener\">Die Kategorie Superfood von Wankon Biotech<\/a>.<\/p>\n<p><!--more--><\/p>\n<h2><strong>FAQs<\/strong><\/h2>\n<p>Was macht die schwarzen Bio-Chia-Samen zu einem Superfood?<br \/>\n<strong>Schwarze Chia-Samen Bio<\/strong> gelten aufgrund ihres hohen Gehalts an Omega-3-Fetts\u00e4uren, Ballaststoffen, Proteinen und Antioxidantien als Superfood.<\/p>\n<p>Wie kann ich schwarze Bio-Chiasamen in meiner Ern\u00e4hrung verwenden?<br \/>\nSie k\u00f6nnen hinzuf\u00fcgen <strong>Schwarze Chia-Samen Bio<\/strong> in Smoothies, Backwaren, Pudding, Salaten und Joghurt f\u00fcr einen nahrhaften Kick.<\/p>\n<p>Sind schwarze Bio-Chia-Samen f\u00fcr Veganer geeignet?<br \/>\nJa, <strong>Schwarze Chia-Samen Bio<\/strong> sind eine vollst\u00e4ndige Eiwei\u00dfquelle und daher ideal f\u00fcr eine vegane und vegetarische Ern\u00e4hrung.<\/p>\n<p>Was sind die gesundheitlichen Vorteile des Verzehrs von schwarzen Bio-Chiasamen?<br \/>\n<strong>Schwarze Chia-Samen Bio<\/strong> unterst\u00fctzen die Gesundheit des Herzens und der Verdauung und tragen aufgrund ihres hohen Gehalts an Ballaststoffen und Omega-3-Fetts\u00e4uren zu einem gesunden Gewicht bei.<\/p>\n<p>Wo kann ich hochwertige schwarze Chia-Samen in Bio-Qualit\u00e4t kaufen?<br \/>\nSie k\u00f6nnen hochwertige <strong>Schwarze Chia-Samen Bio<\/strong> von vertrauensw\u00fcrdigen Lieferanten wie denen in <a href=\"http:\/\/wankonbiotech.com\/de\/produkt-kategorie\/bio-protein-auf-pflanzenbasis\/\" target=\"_new\" rel=\"noopener\">Die Kategorie Superfood von Wankon Biotech<\/a>.<\/p>","protected":false},"excerpt":{"rendered":"<p><strong>Schwarze Chia-Samen Bio<\/strong> sind ein kraftvolles Superfood, das f\u00fcr sein reichhaltiges N\u00e4hrstoffprofil und seine vielseitigen Verwendungsm\u00f6glichkeiten bekannt ist. Diese winzigen Samen haben es in sich und sind eine wichtige Quelle f\u00fcr Omega-3-Fetts\u00e4uren, Ballaststoffe, Proteine und Antioxidantien.<\/p>","protected":false},"featured_media":957,"template":"","meta":{"_acf_changed":false},"product_brand":[],"product_cat":[34],"product_tag":[],"class_list":{"0":"post-956","1":"product","2":"type-product","3":"status-publish","4":"has-post-thumbnail","6":"product_cat-herbal-tea-cut","8":"first","9":"instock","10":"shipping-taxable","11":"product-type-simple"},"acf":[],"_links":{"self":[{"href":"https:\/\/wankonbiotech.com\/de\/wp-json\/wp\/v2\/product\/956","targetHints":{"allow":["GET"]}}],"collection":[{"href":"https:\/\/wankonbiotech.com\/de\/wp-json\/wp\/v2\/product"}],"about":[{"href":"https:\/\/wankonbiotech.com\/de\/wp-json\/wp\/v2\/types\/product"}],"wp:featuredmedia":[{"embeddable":true,"href":"https:\/\/wankonbiotech.com\/de\/wp-json\/wp\/v2\/media\/957"}],"wp:attachment":[{"href":"https:\/\/wankonbiotech.com\/de\/wp-json\/wp\/v2\/media?parent=956"}],"wp:term":[{"taxonomy":"product_brand","embeddable":true,"href":"https:\/\/wankonbiotech.com\/de\/wp-json\/wp\/v2\/product_brand?post=956"},{"taxonomy":"product_cat","embeddable":true,"href":"https:\/\/wankonbiotech.com\/de\/wp-json\/wp\/v2\/product_cat?post=956"},{"taxonomy":"product_tag","embeddable":true,"href":"https:\/\/wankonbiotech.com\/de\/wp-json\/wp\/v2\/product_tag?post=956"}],"curies":[{"name":"wp","href":"https:\/\/api.w.org\/{rel}","templated":true}]}}