{"id":952,"date":"2024-08-21T16:09:39","date_gmt":"2024-08-21T16:09:39","guid":{"rendered":"http:\/\/wankonbiotech.com\/?post_type=product&#038;p=952"},"modified":"2024-11-20T01:23:24","modified_gmt":"2024-11-20T01:23:24","slug":"whey-protein-powder-for-bodybuilding-manufacturers","status":"publish","type":"product","link":"https:\/\/wankonbiotech.com\/de\/produkt-2\/molkenproteinpulver-fur-bodybuilding-hersteller\/","title":{"rendered":"Molkenprotein-Pulver f\u00fcr Bodybuilding"},"content":{"rendered":"<table>\n<tbody>\n<tr>\n<td>\n<div><strong>Produktname<\/strong><\/div>\n<\/td>\n<td>\n<div class=\"magic-3\">Molkenprotein<\/div>\n<\/td>\n<\/tr>\n<tr>\n<td>\n<div><strong>Quelle<\/strong><\/div>\n<\/td>\n<td>\n<div class=\"magic-3\">Milch<\/div>\n<\/td>\n<\/tr>\n<tr>\n<td>\n<div><strong>Erscheinungsbild<\/strong><\/div>\n<\/td>\n<td>\n<div class=\"magic-3\">wollwei\u00dfes Pulver<\/div>\n<\/td>\n<\/tr>\n<tr>\n<td>\n<div><strong>Spezifikation<\/strong><\/div>\n<\/td>\n<td>\n<div class=\"magic-3\">90%<\/div>\n<\/td>\n<\/tr>\n<tr>\n<td>\n<div><strong>EffektiveTemperatur<\/strong><\/div>\n<\/td>\n<td>\n<div class=\"magic-3\">25-50\u00b0C<\/div>\n<\/td>\n<\/tr>\n<tr>\n<td>\n<div><strong>Optimaler pH-Wert und optimale Temperatur<\/strong><\/div>\n<\/td>\n<td>\n<div class=\"magic-3\">5.5~6.0\/33\u00b0C<\/div>\n<\/td>\n<\/tr>\n<tr>\n<td>\n<div><strong>Anmeldung<\/strong><\/div>\n<\/td>\n<td>\n<div class=\"magic-3\">Enzym-Zubereitungen<\/div>\n<\/td>\n<\/tr>\n<tr>\n<td>\n<div><strong>Zertifikat<\/strong><\/div>\n<\/td>\n<td>\n<div class=\"magic-3\">ISO Halal<\/div>\n<\/td>\n<\/tr>\n<tr>\n<td>\n<div><strong>Haltbarkeitsdauer<\/strong><\/div>\n<\/td>\n<td>\n<div class=\"magic-3\">2 Jahre bei sachgem\u00e4\u00dfer Aufbewahrung<\/div>\n<\/td>\n<\/tr>\n<\/tbody>\n<\/table>\n<h2><strong>Einf\u00fchrung<\/strong><\/h2>\n<p><strong>Molkenprotein<\/strong> ist ein hoch angesehenes Proteinpr\u00e4parat, das f\u00fcr seine F\u00e4higkeit bekannt ist, die Muskelerholung und die allgemeine Gesundheit zu unterst\u00fctzen. Es wird bei der K\u00e4seherstellung aus Milch gewonnen, <strong>Molkenprotein<\/strong> ist reich an essentiellen Aminos\u00e4uren und damit ein ideales Erg\u00e4nzungsmittel f\u00fcr Sportler, Fitnessbegeisterte und alle, die ihre Proteinzufuhr verbessern m\u00f6chten. Egal, ob Sie Muskeln aufbauen, sich nach dem Training erholen oder einfach eine ausgewogene Ern\u00e4hrung beibehalten wollen, <strong>Molkenprotein<\/strong> bietet eine bequeme und effektive L\u00f6sung.<\/p>\n<h2><strong>Was ist Molkenprotein?<\/strong><\/h2>\n<p><strong>Molkenprotein<\/strong> ist ein komplettes Protein, das hei\u00dft, es enth\u00e4lt alle neun essenziellen Aminos\u00e4uren, die der K\u00f6rper ben\u00f6tigt, aber nicht selbst herstellen kann. Es wird schnell vom K\u00f6rper aufgenommen und ist daher besonders wirksam f\u00fcr die Erholung nach dem Training. Es gibt verschiedene Arten von <strong>Molkenprotein<\/strong> zur Verf\u00fcgung, darunter Konzentrat, Isolat und Hydrolysat, die sich im Proteingehalt und in den Verarbeitungsmethoden unterscheiden. <strong>Molkenprotein<\/strong> ist au\u00dferdem von Natur aus fett- und kohlenhydratarm, was ihn zu einer vielseitigen Erg\u00e4nzung verschiedener Di\u00e4tpl\u00e4ne macht.<\/p>\n<h2><strong>Gesundheitliche Vorteile von Molkenprotein<\/strong><\/h2>\n<p>Der Hauptnutzen von <strong>Molkenprotein<\/strong> ist seine Rolle bei der Unterst\u00fctzung von Muskelerholung und -wachstum. Nach dem Training brauchen Ihre Muskeln Eiwei\u00df, um sich zu reparieren und neu aufzubauen. <strong>Molkenprotein<\/strong> liefert die notwendigen Bausteine, um diesen Prozess zu erleichtern. Sein hoher Gehalt an verzweigtkettigen Aminos\u00e4uren (BCAAs), insbesondere Leucin, spielt eine entscheidende Rolle bei der Stimulierung der Muskelproteinsynthese.<\/p>\n<p><img fetchpriority=\"high\" decoding=\"async\" class=\"size-full wp-image-955 aligncenter\" src=\"http:\/\/wankonbiotech.com\/wp-content\/uploads\/2024\/08\/Whey-Protein-Powder-For-Bodybuilding-Manufacturers.jpg\" alt=\"Molkenprotein-Pulver f\u00fcr Bodybuilding Hersteller\" width=\"794\" height=\"595\" title=\"\" srcset=\"https:\/\/wankonbiotech.com\/wp-content\/uploads\/2024\/08\/Whey-Protein-Powder-For-Bodybuilding-Manufacturers.jpg 794w, https:\/\/wankonbiotech.com\/wp-content\/uploads\/2024\/08\/Whey-Protein-Powder-For-Bodybuilding-Manufacturers-300x225.jpg 300w, https:\/\/wankonbiotech.com\/wp-content\/uploads\/2024\/08\/Whey-Protein-Powder-For-Bodybuilding-Manufacturers-768x576.jpg 768w, https:\/\/wankonbiotech.com\/wp-content\/uploads\/2024\/08\/Whey-Protein-Powder-For-Bodybuilding-Manufacturers-16x12.jpg 16w, https:\/\/wankonbiotech.com\/wp-content\/uploads\/2024\/08\/Whey-Protein-Powder-For-Bodybuilding-Manufacturers-600x450.jpg 600w\" sizes=\"(max-width: 794px) 100vw, 794px\" \/><\/p>\n<p>Zus\u00e4tzlich zu seinen muskelaufbauenden Eigenschaften, <strong>Molkenprotein<\/strong> unterst\u00fctzt die allgemeine Gesundheit, indem es hilft, den t\u00e4glichen Proteinbedarf zu decken. Eine ausreichende Proteinzufuhr ist wichtig f\u00fcr die Erhaltung der Muskelmasse, die Unterst\u00fctzung des Stoffwechsels und die F\u00f6rderung des S\u00e4ttigungsgef\u00fchls, was bei der Gewichtskontrolle helfen kann. Au\u00dferdem, <strong>Molkenprotein<\/strong> ist gut f\u00fcr die Gesundheit des Immunsystems, da es Immunglobuline und Lactoferrin enth\u00e4lt, die die Immunantwort des K\u00f6rpers unterst\u00fctzen.<\/p>\n<h2><strong>Anwendungen von Molkenprotein<\/strong><\/h2>\n<p><strong>Molkenprotein<\/strong> ist als Nahrungserg\u00e4nzungsmittel weit verbreitet und kann verschiedenen Lebensmitteln und Getr\u00e4nken zugesetzt werden:<\/p>\n<ul>\n<li><strong>Post-Workout-Shakes:<\/strong> Mit Wasser oder Milch gemischt, <strong>Molkenprotein<\/strong> ist eine einfache und wirksame Methode, um die Erholung nach dem Training zu f\u00f6rdern.<\/li>\n<li><strong>Ersatzmahlzeit:<\/strong> Kombiniert mit anderen Zutaten, <strong>Molkenprotein<\/strong> kann in Smoothies und Mahlzeitenersatzshakes f\u00fcr eine ausgewogene, proteinreiche Mahlzeit verwendet werden.<\/li>\n<li><strong>Backen:<\/strong> <strong>Molkenprotein<\/strong> kann Backwaren wie Pfannkuchen und Muffins zugesetzt werden, um deren Proteingehalt zu erh\u00f6hen, ohne den Geschmack oder die Konsistenz wesentlich zu ver\u00e4ndern.<\/li>\n<\/ul>\n<h2><strong>Warum sollte man sich f\u00fcr Molkenprotein entscheiden?<\/strong><\/h2>\n<p>W\u00e4hlen Sie <strong>Molkenprotein<\/strong> stellt sicher, dass Sie eine hochwertige, bioverf\u00fcgbare Proteinquelle erhalten, die die Muskelerholung und die allgemeine Gesundheit unterst\u00fctzt. Seine Vielseitigkeit und einfache Anwendung machen es zu einem festen Bestandteil der Ern\u00e4hrung von Sportlern, Bodybuildern und gesundheitsbewussten Menschen. Zus\u00e4tzlich, <strong>Molkenprotein<\/strong> wird durch umfangreiche Forschungen gest\u00fctzt, die seine Wirksamkeit bei der F\u00f6rderung des Muskelwachstums, bei der Gewichtskontrolle und bei der Unterst\u00fctzung der Immunfunktion hervorheben.<\/p>\n<p><strong>Qualit\u00e4t und Reinheit<\/strong><\/p>\n<p>Bei der Auswahl von <strong>Molkenprotein<\/strong>Deshalb ist es wichtig, ein reines Produkt zu w\u00e4hlen, das frei von unn\u00f6tigen Zusatzstoffen ist und aus hochwertiger Milch gewonnen wird. Achten Sie auf Zertifizierungen wie Non-GMO und stellen Sie sicher, dass das Produkt strengen Tests unterzogen wird, um seine Qualit\u00e4t und Wirksamkeit zu gew\u00e4hrleisten.<\/p>","protected":false},"excerpt":{"rendered":"<p>Molkenprotein ist bekannt als der K\u00f6nig der Proteine, extrahiert aus der Milch eines Proteins mit hohem N\u00e4hrwert, leicht verdaulich Absorptionseigenschaften mit einer Vielzahl von Wirkstoffen.es ist als einer der menschlichen K\u00f6rper von hoher Qualit\u00e4t Protein-Erg\u00e4nzungen anerkannt.<\/p>","protected":false},"featured_media":954,"template":"","meta":{"_acf_changed":false},"product_brand":[],"product_cat":[36],"product_tag":[],"class_list":{"0":"post-952","1":"product","2":"type-product","3":"status-publish","4":"has-post-thumbnail","6":"product_cat-nutritional-formula-blend-powder","8":"first","9":"instock","10":"shipping-taxable","11":"product-type-simple"},"acf":[],"_links":{"self":[{"href":"https:\/\/wankonbiotech.com\/de\/wp-json\/wp\/v2\/product\/952","targetHints":{"allow":["GET"]}}],"collection":[{"href":"https:\/\/wankonbiotech.com\/de\/wp-json\/wp\/v2\/product"}],"about":[{"href":"https:\/\/wankonbiotech.com\/de\/wp-json\/wp\/v2\/types\/product"}],"wp:featuredmedia":[{"embeddable":true,"href":"https:\/\/wankonbiotech.com\/de\/wp-json\/wp\/v2\/media\/954"}],"wp:attachment":[{"href":"https:\/\/wankonbiotech.com\/de\/wp-json\/wp\/v2\/media?parent=952"}],"wp:term":[{"taxonomy":"product_brand","embeddable":true,"href":"https:\/\/wankonbiotech.com\/de\/wp-json\/wp\/v2\/product_brand?post=952"},{"taxonomy":"product_cat","embeddable":true,"href":"https:\/\/wankonbiotech.com\/de\/wp-json\/wp\/v2\/product_cat?post=952"},{"taxonomy":"product_tag","embeddable":true,"href":"https:\/\/wankonbiotech.com\/de\/wp-json\/wp\/v2\/product_tag?post=952"}],"curies":[{"name":"wp","href":"https:\/\/api.w.org\/{rel}","templated":true}]}}