{"id":948,"date":"2024-08-21T15:46:24","date_gmt":"2024-08-21T15:46:24","guid":{"rendered":"http:\/\/wankonbiotech.com\/?post_type=product&#038;p=948"},"modified":"2024-08-21T15:53:48","modified_gmt":"2024-08-21T15:53:48","slug":"organic-papain-powder-papain-enzyme-powder","status":"publish","type":"product","link":"https:\/\/wankonbiotech.com\/de\/produkt-2\/bio-papain-pulver-papain-enzympulver-2\/","title":{"rendered":"Lebensmittelqualit\u00e4t Wei\u00dfes Pulver Bio-Papain-Pulver \/ Papain-Enzympulver"},"content":{"rendered":"<table>\n<tbody>\n<tr style=\"height: 24px;\">\n<td><strong>Produktname<\/strong><\/td>\n<td>Bio-Papain-Pulver<\/td>\n<td><strong>Lateinischer Name<\/strong><\/td>\n<td>Gew\u00f6hnliche Floweringquine<\/td>\n<\/tr>\n<tr style=\"height: 24px;\">\n<td><strong>Verwendete Teile<\/strong><\/td>\n<td>Obst<\/td>\n<td><strong>Erscheinungsbild<\/strong><\/td>\n<td>Wei\u00df Feines Pulver<\/td>\n<\/tr>\n<tr style=\"height: 24px;\">\n<td><strong>Spezifikation<\/strong><\/td>\n<td colspan=\"3\">reines Pulver<\/td>\n<\/tr>\n<tr style=\"height: 24px;\">\n<td><strong>Lagerung<\/strong><\/td>\n<td colspan=\"3\">In einem gut verschlossenen Beh\u00e4lter aufbewahren und vor Feuchtigkeit und direkter Sonneneinstrahlung sch\u00fctzen.<\/td>\n<\/tr>\n<tr style=\"height: 12px;\">\n<td><strong>Haltbarkeitsdauer<\/strong><\/td>\n<td colspan=\"3\">24 Monate bei ordnungsgem\u00e4\u00dfer Versiegelung und Lagerung<\/td>\n<\/tr>\n<tr style=\"height: 24px;\">\n<td><strong>Sterilisationsverfahren<\/strong><\/td>\n<td colspan=\"3\">Hochtemperatur, nicht bestrahlt.<\/td>\n<\/tr>\n<\/tbody>\n<\/table>\n<h2><strong>Einf\u00fchrung<\/strong><\/h2>\n<p><strong>Papain Enzympulver<\/strong> ist die Verwendung von Bio-Engineering-Pflanzen aus Papaya unreife Frucht-Extrakt von biologischen Produkten und nat\u00fcrlichen, ist es aus 212 Aminos\u00e4uren, Molekulargewicht f\u00fcr 21000, geh\u00f6ren zu enthalten Schwefel (SH) Peptid-Kette Enzyme, hat die Protease und Ester des Enzyms Aktivit\u00e4t, und haben eine breite Palette von Spezifit\u00e4t, Protein, Polypeptid von Pflanzen und Tieren, Ester, Amide, etc. haben starke F\u00e4higkeit der Enzyml\u00f6sung, sondern hat auch die F\u00e4higkeit der Synthese, die Protein-Hydrolyse Inhalt zu synthetisieren Protein Art Material, kann diese F\u00e4higkeit verwendet werden, um pflanzliche und tierische Protein N\u00e4hrwert der Natur oder Funktion zu verbessern.<\/p>\n<p><img fetchpriority=\"high\" decoding=\"async\" class=\"alignnone size-full wp-image-951\" src=\"http:\/\/wankonbiotech.com\/wp-content\/uploads\/2024\/08\/Organic-Papain-Powder.jpg\" alt=\" Eine Schale Bio-Papain-Pulver mit frischen Papayascheiben und Verdauungserg\u00e4nzungsmitteln in der N\u00e4he\" width=\"2000\" height=\"1333\" title=\"\" srcset=\"https:\/\/wankonbiotech.com\/wp-content\/uploads\/2024\/08\/Organic-Papain-Powder.jpg 2000w, https:\/\/wankonbiotech.com\/wp-content\/uploads\/2024\/08\/Organic-Papain-Powder-300x200.jpg 300w, https:\/\/wankonbiotech.com\/wp-content\/uploads\/2024\/08\/Organic-Papain-Powder-1024x682.jpg 1024w, https:\/\/wankonbiotech.com\/wp-content\/uploads\/2024\/08\/Organic-Papain-Powder-768x512.jpg 768w, https:\/\/wankonbiotech.com\/wp-content\/uploads\/2024\/08\/Organic-Papain-Powder-1536x1024.jpg 1536w, https:\/\/wankonbiotech.com\/wp-content\/uploads\/2024\/08\/Organic-Papain-Powder-18x12.jpg 18w, https:\/\/wankonbiotech.com\/wp-content\/uploads\/2024\/08\/Organic-Papain-Powder-600x400.jpg 600w\" sizes=\"(max-width: 2000px) 100vw, 2000px\" \/><\/p>\n<p>Die Enzymaktivit\u00e4t Definition: Ultraviolett-Spektrophotometrie Punkte: bei der Bestimmung der Bedingungen (37 + \/-0,2 \u00b0C; PH 7,0) jede Minute von Casein S\u00e4uren Hydrolysat Release Dichlorisocyanurs\u00e4ure l\u00f6sliche Substanz in der 275 nm Wellenl\u00e4nge haben Absorptionsf\u00e4higkeit und 1 Mikrogramm Tyrosin Spektrophotometrie ist ganz, die Enzyme f\u00fcr eine Vitalit\u00e4t von dieser Einheit durch u \/ g ben\u00f6tigt<\/p>\n<h2><strong>Was ist Bio-Papain-Pulver?<\/strong><\/h2>\n<p><strong>Bio-Papain-Pulver<\/strong> wird aus dem Milchsaft der Papaya-Frucht gewonnen (<em>Carica papaya<\/em>). Dieses Enzym ist f\u00fcr seine proteolytischen Eigenschaften bekannt, d. h. es hilft, Proteine in kleinere Peptide und Aminos\u00e4uren aufzuspalten. Aufgrund seines nat\u00fcrlichen Ursprungs und seiner Wirksamkeit, <strong>Papain<\/strong> wird h\u00e4ufig als Verdauungshilfe, Fleischzartmacher und als Bestandteil von Hautpflegeprodukten verwendet. Wenn es aus biologischem Anbau stammt, <strong>Papain-Pulver<\/strong> bietet den zus\u00e4tzlichen Vorteil, dass es frei von Pestiziden und synthetischen Zusatzstoffen ist, was den Vorlieben umweltbewusster Verbraucher entgegenkommt.<\/p>\n<h2><strong>Gesundheitliche Vorteile von Bio-Papain-Pulver<\/strong><\/h2>\n<p>Der Hauptnutzen von <strong>Bio-Papain-Pulver<\/strong> liegt in seiner F\u00e4higkeit, die Verdauung zu f\u00f6rdern. Indem es Proteine effizienter aufspaltet, <strong>Papain<\/strong> hilft bei Bl\u00e4hungen, Bl\u00e4hungen und Verdauungsst\u00f6rungen und ist damit ein hervorragendes nat\u00fcrliches Mittel gegen Verdauungsbeschwerden. Es ist besonders vorteilhaft f\u00fcr Menschen mit Verdauungsst\u00f6rungen oder f\u00fcr diejenigen, die Schwierigkeiten haben, eiwei\u00dfhaltige Lebensmittel zu verdauen.<\/p>\n<p>Zus\u00e4tzlich zu seinen verdauungsf\u00f6rdernden Eigenschaften, <strong>Bio-Papain-Pulver<\/strong> hat entz\u00fcndungshemmende Eigenschaften. Es kann dazu beitragen, Entz\u00fcndungen zu lindern und die Heilung zu f\u00f6rdern, was es sowohl in Nahrungserg\u00e4nzungsmitteln als auch in topischen Anwendungen n\u00fctzlich macht. So wird es zum Beispiel h\u00e4ufig in Hautpflegeprodukten verwendet, um die Haut sanft zu peelen, abgestorbene Hautzellen zu entfernen und einen klareren Teint zu f\u00f6rdern.<\/p>\n<h2><strong>Anwendungen von organischem Papain-Pulver<\/strong><\/h2>\n<p><strong>Bio-Papain-Pulver<\/strong> ist sehr vielseitig und kann in verschiedenen Branchen eingesetzt werden:<\/p>\n<ul>\n<li><strong>Lebensmittelindustrie:<\/strong> Es wird als nat\u00fcrlicher Fleischzartmacher verwendet, um die Textur von Fleisch zu verbessern, und wird auch in Protein-Nahrungserg\u00e4nzungen verwendet, um die Verdauung zu f\u00f6rdern.<\/li>\n<li><strong>Gesundheitswesen:<\/strong> Wird h\u00e4ufig in Verdauungserg\u00e4nzungsmitteln verwendet, <strong>Papain<\/strong> unterst\u00fctzt die allgemeine Gesundheit der Verdauung und die Proteinassimilation.<\/li>\n<li><strong>Kosmetika:<\/strong> Wird in Peelings, Masken und anderen Hautpflegeprodukten verwendet, <strong>Papain<\/strong> f\u00f6rdert die Erneuerung und Klarheit der Haut.<\/li>\n<\/ul>\n<h2><strong>Warum Bio-Papain-Pulver w\u00e4hlen?<\/strong><\/h2>\n<p>W\u00e4hlen Sie <strong>Bio-Papain-Pulver<\/strong> gew\u00e4hrleistet, dass Sie ein hochwertiges, nat\u00fcrliches Enzym erhalten, das frei von sch\u00e4dlichen Chemikalien ist. Dieses Enzympulver wird aus biologisch angebauten Papayas gewonnen und ist ideal f\u00fcr Verbraucher und Hersteller, die Wert auf Gesundheit, Nachhaltigkeit und \"Clean Label\"-Zutaten legen. Sein breites Spektrum an Anwendungen und Vorteilen macht es zu einer wertvollen Erg\u00e4nzung sowohl f\u00fcr Ihre Gesundheitskur als auch f\u00fcr Ihre Produktformulierungen.<\/p>","protected":false},"excerpt":{"rendered":"<p><strong>Bio-Papain-Pulver<\/strong> wird aus dem Milchsaft der Papaya-Frucht gewonnen (<em>Carica papaya<\/em>). Dieses Enzym ist f\u00fcr seine proteolytischen Eigenschaften bekannt, d. h. es hilft, Proteine in kleinere Peptide und Aminos\u00e4uren aufzuspalten. Aufgrund seines nat\u00fcrlichen Ursprungs und seiner Wirksamkeit, <strong>Papain<\/strong> wird h\u00e4ufig als Verdauungshilfe, Fleischzartmacher und als Bestandteil von Hautpflegeprodukten verwendet. Wenn es aus biologischem Anbau stammt, <strong>Papain-Pulver<\/strong> bietet den zus\u00e4tzlichen Vorteil, dass es frei von Pestiziden und synthetischen Zusatzstoffen ist, was den Vorlieben umweltbewusster Verbraucher entgegenkommt.<\/p>","protected":false},"featured_media":949,"template":"","meta":{"_acf_changed":false},"product_brand":[],"product_cat":[38],"product_tag":[],"class_list":{"0":"post-948","1":"product","2":"type-product","3":"status-publish","4":"has-post-thumbnail","6":"product_cat-organic-juice-concentrate","8":"first","9":"instock","10":"shipping-taxable","11":"product-type-simple"},"acf":[],"_links":{"self":[{"href":"https:\/\/wankonbiotech.com\/de\/wp-json\/wp\/v2\/product\/948","targetHints":{"allow":["GET"]}}],"collection":[{"href":"https:\/\/wankonbiotech.com\/de\/wp-json\/wp\/v2\/product"}],"about":[{"href":"https:\/\/wankonbiotech.com\/de\/wp-json\/wp\/v2\/types\/product"}],"wp:featuredmedia":[{"embeddable":true,"href":"https:\/\/wankonbiotech.com\/de\/wp-json\/wp\/v2\/media\/949"}],"wp:attachment":[{"href":"https:\/\/wankonbiotech.com\/de\/wp-json\/wp\/v2\/media?parent=948"}],"wp:term":[{"taxonomy":"product_brand","embeddable":true,"href":"https:\/\/wankonbiotech.com\/de\/wp-json\/wp\/v2\/product_brand?post=948"},{"taxonomy":"product_cat","embeddable":true,"href":"https:\/\/wankonbiotech.com\/de\/wp-json\/wp\/v2\/product_cat?post=948"},{"taxonomy":"product_tag","embeddable":true,"href":"https:\/\/wankonbiotech.com\/de\/wp-json\/wp\/v2\/product_tag?post=948"}],"curies":[{"name":"wp","href":"https:\/\/api.w.org\/{rel}","templated":true}]}}