{"id":943,"date":"2024-08-20T14:54:19","date_gmt":"2024-08-20T14:54:19","guid":{"rendered":"http:\/\/wankonbiotech.com\/?post_type=product&#038;p=943"},"modified":"2024-11-07T05:27:12","modified_gmt":"2024-11-07T05:27:12","slug":"cepharanthine-powder","status":"publish","type":"product","link":"https:\/\/wankonbiotech.com\/de\/produkt-2\/cepharanthin-pulver-2\/","title":{"rendered":"Nat\u00fcrlicher Stephania Japonica-Extrakt 98% Cepharanthin-Pulver"},"content":{"rendered":"<table>\n<tbody>\n<tr>\n<td><strong>Produktname<\/strong><\/td>\n<td>Cepharanthin-Pulver<\/td>\n<td><strong>Lateinischer Name<\/strong><\/td>\n<td>Stephania Japonica-Extrakt<\/td>\n<\/tr>\n<tr>\n<td><strong>Verwendete Teile<\/strong><\/td>\n<td>Wurzel<\/td>\n<td><strong>Erscheinungsbild<\/strong><\/td>\n<td>Wei\u00dfes Puder<\/td>\n<\/tr>\n<tr>\n<td><strong>Lagerung<\/strong><\/td>\n<td colspan=\"3\">In einem gut verschlossenen Beh\u00e4lter vor Feuchtigkeit und direkter Sonneneinstrahlung gesch\u00fctzt aufbewahren<\/td>\n<\/tr>\n<tr>\n<td><strong>Haltbarkeitsdauer<\/strong><\/td>\n<td colspan=\"3\">24 Monate bei ordnungsgem\u00e4\u00dfer Versiegelung und Lagerung<\/td>\n<\/tr>\n<tr>\n<td><strong>MOQ<\/strong><\/td>\n<td colspan=\"3\">10g.<\/td>\n<\/tr>\n<\/tbody>\n<\/table>\n<h2><strong>Einf\u00fchrung<\/strong><\/h2>\n<p><strong>Cepharanthin-Pulver<\/strong>\u00a0 wird aus den Wurzeln der in der Provinz Yunnan endemischen Pflanze Stephania japonica (Thunb.) Miers extrahiert. Cepharanthin kann die Anzahl der Leukozyten im peripheren Blut erh\u00f6hen und die Hyperplasie des Knochenmarkgewebes f\u00f6rdern. Es wird haupts\u00e4chlich zur Behandlung von Leukozytenabnahme und -mangel verwendet, die durch Krebs-Chemotherapie und andere Faktoren verursacht werden. Jetzt wird es bei der Behandlung von thrombozytopenischer Purpura eingesetzt. Es l\u00e4sst sich gut dosieren und hemmt die Lungenfibrose ohne nennenswerte Nebenwirkungen.<\/p>\n<p><img fetchpriority=\"high\" decoding=\"async\" class=\"alignnone wp-image-945 size-full\" src=\"http:\/\/wankonbiotech.com\/wp-content\/uploads\/2024\/08\/Stephania-Japonica-Extract.webp\" alt=\"Stephania Japonica-Extrakt\" width=\"1024\" height=\"768\" title=\"\" srcset=\"https:\/\/wankonbiotech.com\/wp-content\/uploads\/2024\/08\/Stephania-Japonica-Extract.webp 1024w, https:\/\/wankonbiotech.com\/wp-content\/uploads\/2024\/08\/Stephania-Japonica-Extract-300x225.webp 300w, https:\/\/wankonbiotech.com\/wp-content\/uploads\/2024\/08\/Stephania-Japonica-Extract-768x576.webp 768w, https:\/\/wankonbiotech.com\/wp-content\/uploads\/2024\/08\/Stephania-Japonica-Extract-16x12.webp 16w, https:\/\/wankonbiotech.com\/wp-content\/uploads\/2024\/08\/Stephania-Japonica-Extract-600x450.webp 600w\" sizes=\"(max-width: 1024px) 100vw, 1024px\" \/><\/p>\n<h2><strong>Was ist Cepharanthin-Pulver?<\/strong><\/h2>\n<p><strong>Cepharanthin-Pulver<\/strong> wird aus der <em>Stephania cepharantha<\/em> Pflanze, die in Asien beheimatet ist. Diese aus der Pflanze gewonnene Verbindung ist ein Alkaloid, das f\u00fcr seine pharmakologischen Eigenschaften bekannt ist, darunter entz\u00fcndungshemmende, antioxidative und immunmodulatorische Wirkungen. <strong>Cepharanthine<\/strong> wirkt durch die Modulation von Immunreaktionen und die Verringerung von Entz\u00fcndungen, was es sowohl in der traditionellen als auch in der modernen medizinischen Praxis wertvoll macht.<img decoding=\"async\" class=\"alignnone wp-image-946 size-full\" src=\"http:\/\/wankonbiotech.com\/wp-content\/uploads\/2024\/08\/Stephania-Japonica-Extract1.webp\" alt=\"Cepharanthin-Pulver\" width=\"1618\" height=\"1080\" title=\"\" srcset=\"https:\/\/wankonbiotech.com\/wp-content\/uploads\/2024\/08\/Stephania-Japonica-Extract1.webp 1618w, https:\/\/wankonbiotech.com\/wp-content\/uploads\/2024\/08\/Stephania-Japonica-Extract1-300x200.webp 300w, https:\/\/wankonbiotech.com\/wp-content\/uploads\/2024\/08\/Stephania-Japonica-Extract1-1024x684.webp 1024w, https:\/\/wankonbiotech.com\/wp-content\/uploads\/2024\/08\/Stephania-Japonica-Extract1-768x513.webp 768w, https:\/\/wankonbiotech.com\/wp-content\/uploads\/2024\/08\/Stephania-Japonica-Extract1-1536x1025.webp 1536w, https:\/\/wankonbiotech.com\/wp-content\/uploads\/2024\/08\/Stephania-Japonica-Extract1-18x12.webp 18w, https:\/\/wankonbiotech.com\/wp-content\/uploads\/2024\/08\/Stephania-Japonica-Extract1-600x400.webp 600w\" sizes=\"(max-width: 1618px) 100vw, 1618px\" \/><\/p>\n<h2><strong>Gesundheitliche Vorteile von Cepharanthin-Pulver<\/strong><\/h2>\n<p><strong>Cepharanthin-Pulver<\/strong> ist hoch angesehen f\u00fcr seine F\u00e4higkeit, die Immunfunktion zu unterst\u00fctzen. Es st\u00e4rkt die nat\u00fcrlichen Abwehrkr\u00e4fte des K\u00f6rpers, indem es das Immunsystem moduliert und ihm hilft, effektiver auf Krankheitserreger zu reagieren. Dies macht es besonders n\u00fctzlich f\u00fcr diejenigen, die ihr Immunsystem st\u00e4rken wollen, insbesondere in Zeiten von Stress oder Krankheit.<\/p>\n<p>Zus\u00e4tzlich zu seinen immunst\u00e4rkenden Eigenschaften, <strong>Cepharanthin-Pulver<\/strong> ist f\u00fcr seine entz\u00fcndungshemmende Wirkung bekannt. Es tr\u00e4gt zur Verringerung von Entz\u00fcndungen bei, indem es die Produktion von entz\u00fcndlichen Zytokinen hemmt, die an chronischen Entz\u00fcndungen und verschiedenen Gesundheitszust\u00e4nden beteiligt sind. Diese entz\u00fcndungshemmende Wirkung macht <strong>Cepharanthin-Pulver<\/strong> vorteilhaft f\u00fcr Personen, die an entz\u00fcndlichen Erkrankungen leiden oder chronischen Entz\u00fcndungen vorbeugen wollen.<\/p>\n<h2><strong>Anwendungen von Cepharanthin-Pulver<\/strong><\/h2>\n<p><strong>Cepharanthin-Pulver<\/strong> ist vielseitig einsetzbar. Es kann als Nahrungserg\u00e4nzungsmittel verwendet werden, um die Gesundheit des Immunsystems zu unterst\u00fctzen und Entz\u00fcndungen zu verringern. Dar\u00fcber hinaus wird sein potenzieller Nutzen bei der Behandlung einer Reihe von Erkrankungen untersucht, darunter Autoimmunerkrankungen, Krebs und Virusinfektionen. Seine F\u00e4higkeit, die Zellgesundheit zu verbessern und vor oxidativem Stress zu sch\u00fctzen, macht ihn auch zu einer wertvollen Erg\u00e4nzung von Anti-Aging-Kuren.<\/p>\n<h2><strong>Warum Cepharanthin-Pulver w\u00e4hlen?<\/strong><\/h2>\n<p>W\u00e4hlen Sie <strong>Cepharanthin-Pulver<\/strong> bietet eine nat\u00fcrliche, wirksame Methode zur Unterst\u00fctzung Ihrer Gesundheit. Anders als synthetische Medikamente, <strong>Cepharanthine<\/strong> wird aus einer nat\u00fcrlichen Quelle gewonnen und seit Jahrhunderten traditionell verwendet. Sein breites Spektrum an Vorteilen, von der Unterst\u00fctzung des Immunsystems bis hin zur entz\u00fcndungshemmenden Wirkung, macht es zu einer wertvollen Erg\u00e4nzung f\u00fcr das allgemeine Wohlbefinden.<\/p>\n<h2><strong>Qualit\u00e4t und Reinheit<\/strong><\/h2>\n<p>Bei der Auswahl von <strong>Cepharanthin-Pulver<\/strong>ist es wichtig, ein reines und schadstofffreies Produkt zu w\u00e4hlen. Hochwertige Qualit\u00e4t <strong>Cepharanthine<\/strong> Nahrungserg\u00e4nzungsmittel werden unter strengen Qualit\u00e4tskontrollstandards hergestellt, um sicherzustellen, dass sie die gew\u00fcnschten gesundheitlichen Vorteile ohne sch\u00e4dliche Zusatzstoffe bieten.<\/p>","protected":false},"excerpt":{"rendered":"<p><strong>Cepharanthine<\/strong> Das Pulver wird aus den Wurzeln der endemischen Pflanze in der Provinz Yunnan, Stephania japonica (Thunb.) Miers, extrahiert. Cepharanthine kann die Anzahl der Leukozyten im peripheren Blut erh\u00f6hen und die Hyperplasie des Knochenmarkgewebes f\u00f6rdern. Es wird haupts\u00e4chlich zur Behandlung von Leukozytenabnahme und Leukozytenmangel, verursacht durch Krebs-Chemotherapie und andere Faktoren, verwendet.<\/p>","protected":false},"featured_media":944,"template":"","meta":{"_acf_changed":false},"product_brand":[],"product_cat":[40],"product_tag":[],"class_list":{"0":"post-943","1":"product","2":"type-product","3":"status-publish","4":"has-post-thumbnail","6":"product_cat-organic-plant-extract","8":"first","9":"instock","10":"shipping-taxable","11":"product-type-simple"},"acf":[],"_links":{"self":[{"href":"https:\/\/wankonbiotech.com\/de\/wp-json\/wp\/v2\/product\/943","targetHints":{"allow":["GET"]}}],"collection":[{"href":"https:\/\/wankonbiotech.com\/de\/wp-json\/wp\/v2\/product"}],"about":[{"href":"https:\/\/wankonbiotech.com\/de\/wp-json\/wp\/v2\/types\/product"}],"wp:featuredmedia":[{"embeddable":true,"href":"https:\/\/wankonbiotech.com\/de\/wp-json\/wp\/v2\/media\/944"}],"wp:attachment":[{"href":"https:\/\/wankonbiotech.com\/de\/wp-json\/wp\/v2\/media?parent=943"}],"wp:term":[{"taxonomy":"product_brand","embeddable":true,"href":"https:\/\/wankonbiotech.com\/de\/wp-json\/wp\/v2\/product_brand?post=943"},{"taxonomy":"product_cat","embeddable":true,"href":"https:\/\/wankonbiotech.com\/de\/wp-json\/wp\/v2\/product_cat?post=943"},{"taxonomy":"product_tag","embeddable":true,"href":"https:\/\/wankonbiotech.com\/de\/wp-json\/wp\/v2\/product_tag?post=943"}],"curies":[{"name":"wp","href":"https:\/\/api.w.org\/{rel}","templated":true}]}}