{"id":933,"date":"2024-08-19T15:53:40","date_gmt":"2024-08-19T15:53:40","guid":{"rendered":"http:\/\/wankonbiotech.com\/?post_type=product&#038;p=933"},"modified":"2024-08-19T16:11:59","modified_gmt":"2024-08-19T16:11:59","slug":"d-mannose","status":"publish","type":"product","link":"https:\/\/wankonbiotech.com\/de\/produkt-2\/d-mannose\/","title":{"rendered":"S\u00fc\u00dfstoff in Lebensmittelqualit\u00e4t D-Mannose D-Mannose-Pulver"},"content":{"rendered":"<table>\n<tbody>\n<tr>\n<td><strong>Artikel<\/strong><\/td>\n<td>Spezifikationen<\/td>\n<\/tr>\n<tr>\n<td><strong>Produktname<\/strong><\/td>\n<td>D-Mannose<\/td>\n<\/tr>\n<tr>\n<td><strong>Assay<\/strong><\/td>\n<td>99%<\/td>\n<\/tr>\n<tr>\n<td><strong>Erscheinungsbild<\/strong><\/td>\n<td>Wei\u00dfes Kristallpulver<\/td>\n<\/tr>\n<tr>\n<td><strong>Fall Nr.<\/strong><\/td>\n<td>3458-28-4<\/td>\n<\/tr>\n<tr>\n<td><strong>Molekulare Formel<\/strong><\/td>\n<td>C6H12O6<\/td>\n<\/tr>\n<tr>\n<td><strong>Molekulargewicht<\/strong><\/td>\n<td>180.16<\/td>\n<\/tr>\n<\/tbody>\n<\/table>\n<h2><strong>Einf\u00fchrung<\/strong><\/h2>\n<p><strong>D-Mannose<\/strong> ist ein nat\u00fcrliches Nahrungserg\u00e4nzungsmittel, das f\u00fcr seine Wirksamkeit bei der Unterst\u00fctzung der Gesundheit der Harnwege bekannt geworden ist. Dieser einfache Zucker, der in verschiedenen Obst- und Gem\u00fcsesorten vorkommt, ist f\u00fcr seine einzigartige F\u00e4higkeit bekannt, Harnwegsinfektionen (UTIs) zu verhindern, ohne dass Antibiotika eingesetzt werden m\u00fcssen. Sicher, nat\u00fcrlich und gut vertr\u00e4glich, <strong>D-Mannose<\/strong> wird zu einer beliebten Wahl f\u00fcr diejenigen, die ihre Harnwege auf nat\u00fcrliche Weise gesund erhalten wollen.<\/p>\n<p><img fetchpriority=\"high\" decoding=\"async\" class=\"alignnone size-full wp-image-937\" src=\"http:\/\/wankonbiotech.com\/wp-content\/uploads\/2024\/08\/D-Mannose-1.png\" alt=\"D-Mannose\" width=\"1350\" height=\"650\" title=\"\" srcset=\"https:\/\/wankonbiotech.com\/wp-content\/uploads\/2024\/08\/D-Mannose-1.png 1350w, https:\/\/wankonbiotech.com\/wp-content\/uploads\/2024\/08\/D-Mannose-1-300x144.png 300w, https:\/\/wankonbiotech.com\/wp-content\/uploads\/2024\/08\/D-Mannose-1-1024x493.png 1024w, https:\/\/wankonbiotech.com\/wp-content\/uploads\/2024\/08\/D-Mannose-1-768x370.png 768w, https:\/\/wankonbiotech.com\/wp-content\/uploads\/2024\/08\/D-Mannose-1-18x9.png 18w, https:\/\/wankonbiotech.com\/wp-content\/uploads\/2024\/08\/D-Mannose-1-600x289.png 600w\" sizes=\"(max-width: 1350px) 100vw, 1350px\" \/><\/p>\n<h2><strong>Was ist D-Mannose?<\/strong><\/h2>\n<p><strong>D-Mannose<\/strong> ist eine Zuckerart, die eng mit Glukose verwandt ist, aber vom K\u00f6rper anders verstoffwechselt wird. Im Gegensatz zu Glukose, die zur Energiegewinnung verwendet wird, <strong>D-Mannose<\/strong> durchl\u00e4uft die Harnwege fast unver\u00e4ndert. Dank dieser einzigartigen Eigenschaft kann es an Bakterien binden, insbesondere an E. coli, die h\u00e4ufig f\u00fcr Harnwegsinfektionen verantwortlich sind. Indem es sich an diese Bakterien bindet, <strong>D-Mannose<\/strong> hilft, sie aus den Harnwegen auszusp\u00fclen und verhindert, dass sie an den Blasenw\u00e4nden haften bleiben und Infektionen verursachen.<\/p>\n<h2><strong>Gesundheitliche Vorteile von D-Mannose<\/strong><\/h2>\n<p>Der Hauptnutzen von <strong>D-Mannose<\/strong> ist seine F\u00e4higkeit, die Gesundheit der Harnwege durch die Vorbeugung und Behandlung von Harnwegsinfektionen zu unterst\u00fctzen. Es ist besonders wirksam gegen wiederkehrende Infektionen und bietet eine nat\u00fcrliche Alternative zu Antibiotika. <strong>D-Mannose<\/strong> wirkt, indem es verhindert, dass sich sch\u00e4dliche Bakterien an den W\u00e4nden der Harnwege festsetzen, wodurch die Wahrscheinlichkeit einer Infektion verringert wird.<\/p>\n<p>Anders als Antibiotika, die das Gleichgewicht der gesunden Bakterien im K\u00f6rper st\u00f6ren k\u00f6nnen, <strong>D-Mannose<\/strong> zielt selektiv auf die sch\u00e4dlichen Bakterien ab und hilft, ein gesundes Mikrobiom zu erhalten. Dies macht es zu einer sicheren Option f\u00fcr die langfristige Anwendung, ohne das Risiko einer Antibiotikaresistenz.<\/p>\n<h2><strong>Wie man D-Mannose verwendet<\/strong><\/h2>\n<p><strong>D-Mannose<\/strong> ist in verschiedenen Darreichungsformen erh\u00e4ltlich, unter anderem als Pulver und Kapseln, und l\u00e4sst sich so leicht in den Tagesablauf integrieren. Zur Vorbeugung kann es einmal t\u00e4glich eingenommen werden, w\u00e4hrend beim Auftreten von HWI-Symptomen h\u00f6here Dosen empfohlen werden k\u00f6nnen. Es wird am besten mit Wasser eingenommen, um sicherzustellen, dass es die Harnwege effektiv erreicht.<\/p>\n<h2><strong>Warum sollte man sich f\u00fcr D-Mannose entscheiden?<\/strong><\/h2>\n<p>W\u00e4hlen Sie <strong>D-Mannose<\/strong> bietet eine Reihe von Vorteilen. Es ist ein nat\u00fcrliches, ungiftiges Erg\u00e4nzungsmittel, das von den meisten Menschen, einschlie\u00dflich Kindern und \u00e4lteren Menschen, sicher verwendet werden kann. Es bietet eine wirksame M\u00f6glichkeit zur Behandlung und Vorbeugung von Harnwegsinfektionen ohne die mit Antibiotika verbundenen Nebenwirkungen. Zus\u00e4tzlich, <strong>D-Mannose<\/strong> ist schonend f\u00fcr das Verdauungssystem und beeinflusst den Blutzuckerspiegel nicht, weshalb es auch f\u00fcr Diabetiker geeignet ist.<\/p>\n<h2><strong>Qualit\u00e4t und Sicherheit<\/strong><\/h2>\n<p>Bei der Auswahl von <strong>D-Mannose<\/strong>Deshalb ist es wichtig, ein reines Produkt ohne unn\u00f6tige Zusatzstoffe zu w\u00e4hlen. Achten Sie auf hochwertige Nahrungserg\u00e4nzungsmittel, die aus gentechnikfreien Quellen stammen und in Einrichtungen hergestellt werden, die strenge Qualit\u00e4tsstandards einhalten. Die Sicherstellung der Reinheit und Qualit\u00e4t der Nahrungserg\u00e4nzung ist der Schl\u00fcssel zum Erreichen der besten Ergebnisse f\u00fcr die Gesundheit der Harnwege.<\/p>","protected":false},"excerpt":{"rendered":"<p><strong>D-Mannose<\/strong> ist ein nat\u00fcrliches Nahrungserg\u00e4nzungsmittel, das f\u00fcr seine Wirksamkeit bei der Unterst\u00fctzung der Gesundheit der Harnwege Anerkennung gefunden hat.<\/p>","protected":false},"featured_media":936,"template":"","meta":{"_acf_changed":false},"product_brand":[],"product_cat":[31],"product_tag":[],"class_list":{"0":"post-933","1":"product","2":"type-product","3":"status-publish","4":"has-post-thumbnail","6":"product_cat-spices-and-seasonings","8":"first","9":"instock","10":"shipping-taxable","11":"product-type-simple"},"acf":[],"_links":{"self":[{"href":"https:\/\/wankonbiotech.com\/de\/wp-json\/wp\/v2\/product\/933","targetHints":{"allow":["GET"]}}],"collection":[{"href":"https:\/\/wankonbiotech.com\/de\/wp-json\/wp\/v2\/product"}],"about":[{"href":"https:\/\/wankonbiotech.com\/de\/wp-json\/wp\/v2\/types\/product"}],"wp:featuredmedia":[{"embeddable":true,"href":"https:\/\/wankonbiotech.com\/de\/wp-json\/wp\/v2\/media\/936"}],"wp:attachment":[{"href":"https:\/\/wankonbiotech.com\/de\/wp-json\/wp\/v2\/media?parent=933"}],"wp:term":[{"taxonomy":"product_brand","embeddable":true,"href":"https:\/\/wankonbiotech.com\/de\/wp-json\/wp\/v2\/product_brand?post=933"},{"taxonomy":"product_cat","embeddable":true,"href":"https:\/\/wankonbiotech.com\/de\/wp-json\/wp\/v2\/product_cat?post=933"},{"taxonomy":"product_tag","embeddable":true,"href":"https:\/\/wankonbiotech.com\/de\/wp-json\/wp\/v2\/product_tag?post=933"}],"curies":[{"name":"wp","href":"https:\/\/api.w.org\/{rel}","templated":true}]}}