{"id":924,"date":"2024-08-17T05:01:26","date_gmt":"2024-08-17T05:01:26","guid":{"rendered":"http:\/\/wankonbiotech.com\/?post_type=product&#038;p=924"},"modified":"2024-08-17T05:04:57","modified_gmt":"2024-08-17T05:04:57","slug":"hot-sale-natural-sweetener-thaumatin-powder","status":"publish","type":"product","link":"https:\/\/wankonbiotech.com\/de\/produkt-2\/heiser-verkauf-von-naturlichem-susstoff-thaumatin-pulver\/","title":{"rendered":"Hei\u00dfer Verkauf nat\u00fcrlicher S\u00fc\u00dfstoff Thaumatin Pulver"},"content":{"rendered":"<table>\n<tbody>\n<tr>\n<td><strong>Produktname<\/strong><\/td>\n<td>Thaumatin-Pulver<\/td>\n<\/tr>\n<tr>\n<td><strong>Verwendete Teile<\/strong><\/td>\n<td>Blatt<\/td>\n<\/tr>\n<tr>\n<td><strong>Spezifikation<\/strong><\/td>\n<td colspan=\"3\">99%min<\/td>\n<\/tr>\n<tr>\n<td><strong>Lagerung<\/strong><\/td>\n<td colspan=\"3\">In einem gut verschlossenen Beh\u00e4lter vor Feuchtigkeit und direkter Sonneneinstrahlung gesch\u00fctzt aufbewahren<\/td>\n<\/tr>\n<tr>\n<td><strong>Haltbarkeitsdauer<\/strong><\/td>\n<td colspan=\"3\">24 Monate bei ordnungsgem\u00e4\u00dfer Versiegelung und Lagerung<\/td>\n<\/tr>\n<tr>\n<td><strong>Sterilisationsverfahren<\/strong><\/td>\n<td colspan=\"3\">Hochtemperatur, nicht bestrahlt.<\/td>\n<\/tr>\n<\/tbody>\n<\/table>\n<h2><strong>Einf\u00fchrung<\/strong><\/h2>\n<p>Thaumatin ist ein kalorienarmer S\u00fc\u00dfstoff und Geschmacksver\u00e4nderer. Das Protein wird h\u00e4ufig in erster Linie wegen seiner geschmacksver\u00e4ndernden Eigenschaften und nicht ausschlie\u00dflich als S\u00fc\u00dfungsmittel verwendet. Extrem s\u00fc\u00df, seine S\u00fc\u00dfe als Saccharose 1600-fache der durchschnittlichen, je nach Konzentration der Verd\u00fcnnung: 0,00011 5500 ~ 8000-fach wenn: 0,001 bis 3500 mal, 0,01 mal f\u00fcr die 1300, 0,02 bis 850 mal.<\/p>\n<p><img fetchpriority=\"high\" decoding=\"async\" class=\"alignnone wp-image-926 size-full\" src=\"http:\/\/wankonbiotech.com\/wp-content\/uploads\/2024\/08\/Thaumatin-Powder-Manufacturer.jpeg\" alt=\"Thaumatin-Pulver\" width=\"1000\" height=\"448\" title=\"\" srcset=\"https:\/\/wankonbiotech.com\/wp-content\/uploads\/2024\/08\/Thaumatin-Powder-Manufacturer.jpeg 1000w, https:\/\/wankonbiotech.com\/wp-content\/uploads\/2024\/08\/Thaumatin-Powder-Manufacturer-300x134.jpeg 300w, https:\/\/wankonbiotech.com\/wp-content\/uploads\/2024\/08\/Thaumatin-Powder-Manufacturer-768x344.jpeg 768w, https:\/\/wankonbiotech.com\/wp-content\/uploads\/2024\/08\/Thaumatin-Powder-Manufacturer-18x8.jpeg 18w, https:\/\/wankonbiotech.com\/wp-content\/uploads\/2024\/08\/Thaumatin-Powder-Manufacturer-600x269.jpeg 600w\" sizes=\"(max-width: 1000px) 100vw, 1000px\" \/><\/p>\n<p>Thaumatin ist gut wasserl\u00f6slich, hitzestabil und stabil unter sauren Bedingungen. Die w\u00e4ssrige L\u00f6sung bei einem pH-Wert von 1,8 bis 10 stabilen pH-Wert des isoelektrischen Punktes von etwa 11 ist aufgrund von Protein Denaturierung und Verlust von W\u00e4rme kann auftreten, S\u00fc\u00dfe.<\/p>\n<h2><strong>Was ist Thaumatin-Pulver?<\/strong><\/h2>\n<p><strong>Thaumatin-Pulver<\/strong> wird aus der Katemfe-Frucht (Thaumatococcus daniellii) gewonnen. Diese Frucht produziert ein Protein, das von Natur aus s\u00fc\u00df ist und dessen S\u00fc\u00dfkraft die von Zucker weit \u00fcbersteigt. Trotz seiner S\u00fc\u00dfe hat Thaumatin nur einen minimalen Kaloriengehalt, was es zu einer beliebten Wahl bei der Entwicklung von kalorienarmen und zuckerfreien Produkten macht. Das Pulver wird durch Extraktion und Reinigung des Proteins hergestellt. Das Ergebnis ist ein feines, starkes S\u00fc\u00dfungsmittel, das in sehr kleinen Mengen verwendet werden kann, um die gew\u00fcnschte S\u00fc\u00dfe zu erreichen.<\/p>\n<h2><strong>Ern\u00e4hrungsphysiologische Vorteile von Thaumatin-Pulver<\/strong><\/h2>\n<p>Einer der wichtigsten Vorteile von <strong>Thaumatin-Pulver<\/strong> ist sein niedriger Kaloriengehalt. Im Gegensatz zu Zucker, der zu Gewichtszunahme und anderen gesundheitlichen Problemen beitragen kann, bietet Thaumatin S\u00fc\u00dfe ohne zus\u00e4tzliche Kalorien. Dies macht es zu einer vorteilhaften Wahl f\u00fcr Menschen, die ihr Gewicht kontrollieren wollen, oder f\u00fcr Menschen mit di\u00e4tetischen Einschr\u00e4nkungen wie Diabetes.<\/p>\n<p><img decoding=\"async\" class=\"wp-image-927 size-full aligncenter\" src=\"http:\/\/wankonbiotech.com\/wp-content\/uploads\/2024\/08\/Thaumatin-Powder.jpg\" alt=\"Thaumatin-Pulver\" width=\"720\" height=\"405\" title=\"\" srcset=\"https:\/\/wankonbiotech.com\/wp-content\/uploads\/2024\/08\/Thaumatin-Powder.jpg 720w, https:\/\/wankonbiotech.com\/wp-content\/uploads\/2024\/08\/Thaumatin-Powder-300x169.jpg 300w, https:\/\/wankonbiotech.com\/wp-content\/uploads\/2024\/08\/Thaumatin-Powder-18x10.jpg 18w, https:\/\/wankonbiotech.com\/wp-content\/uploads\/2024\/08\/Thaumatin-Powder-600x338.jpg 600w\" sizes=\"(max-width: 720px) 100vw, 720px\" \/><\/p>\n<p>Zus\u00e4tzlich, <strong>Thaumatin-Pulver<\/strong> ist ein nat\u00fcrliches Produkt, das eine Alternative zu k\u00fcnstlichen S\u00fc\u00dfungsmitteln darstellt. Es hat nicht den bitteren Nachgeschmack, den einige synthetische S\u00fc\u00dfstoffe haben, was es zu einer angenehmeren Option zur Verbesserung des Geschmacks macht. Da Thaumatin ein Protein ist, wird es anders als Kohlenhydrate verstoffwechselt und bietet eine S\u00fc\u00dfe, die den Blutzuckerspiegel nicht ansteigen l\u00e4sst.<\/p>\n<h2><strong>Gesundheitliche Vorteile von Thaumatin-Pulver<\/strong><\/h2>\n<p>Der gesundheitliche Nutzen von <strong>Thaumatin-Pulver<\/strong> reichen \u00fcber seine Rolle als S\u00fc\u00dfungsmittel hinaus. Er ist nicht kariogen, d. h. er tr\u00e4gt nicht zu Karies bei, was ein wesentlicher Vorteil gegen\u00fcber herk\u00f6mmlichen Zuckern ist. Diese Eigenschaft macht es zu einem bevorzugten S\u00fc\u00dfungsmittel in Produkten wie Kaugummi und Zahnpasta.<\/p>\n<p>Dar\u00fcber hinaus ist Thaumatin f\u00fcr seine Sicherheit anerkannt, da es von verschiedenen Gesundheitsbeh\u00f6rden weltweit zugelassen wurde, darunter die FDA und die EFSA. Diese Zulassung unterstreicht seine Eignung f\u00fcr eine breite Palette von Verbraucherprodukten, von Nahrungserg\u00e4nzungsmitteln bis hin zu Kindersnacks.<\/p>","protected":false},"excerpt":{"rendered":"<p>Thaumatin ist gut wasserl\u00f6slich, hitzestabil und stabil unter sauren Bedingungen. Die w\u00e4ssrige L\u00f6sung bei einem pH-Wert von 1,8 bis 10 stabilen pH-Wert des isoelektrischen Punktes von etwa 11 ist aufgrund von Protein Denaturierung und Verlust von W\u00e4rme kann auftreten, S\u00fc\u00dfe.<\/p>","protected":false},"featured_media":925,"template":"","meta":{"_acf_changed":false},"product_brand":[],"product_cat":[31],"product_tag":[],"class_list":{"0":"post-924","1":"product","2":"type-product","3":"status-publish","4":"has-post-thumbnail","6":"product_cat-spices-and-seasonings","8":"first","9":"instock","10":"shipping-taxable","11":"product-type-simple"},"acf":[],"_links":{"self":[{"href":"https:\/\/wankonbiotech.com\/de\/wp-json\/wp\/v2\/product\/924","targetHints":{"allow":["GET"]}}],"collection":[{"href":"https:\/\/wankonbiotech.com\/de\/wp-json\/wp\/v2\/product"}],"about":[{"href":"https:\/\/wankonbiotech.com\/de\/wp-json\/wp\/v2\/types\/product"}],"wp:featuredmedia":[{"embeddable":true,"href":"https:\/\/wankonbiotech.com\/de\/wp-json\/wp\/v2\/media\/925"}],"wp:attachment":[{"href":"https:\/\/wankonbiotech.com\/de\/wp-json\/wp\/v2\/media?parent=924"}],"wp:term":[{"taxonomy":"product_brand","embeddable":true,"href":"https:\/\/wankonbiotech.com\/de\/wp-json\/wp\/v2\/product_brand?post=924"},{"taxonomy":"product_cat","embeddable":true,"href":"https:\/\/wankonbiotech.com\/de\/wp-json\/wp\/v2\/product_cat?post=924"},{"taxonomy":"product_tag","embeddable":true,"href":"https:\/\/wankonbiotech.com\/de\/wp-json\/wp\/v2\/product_tag?post=924"}],"curies":[{"name":"wp","href":"https:\/\/api.w.org\/{rel}","templated":true}]}}