{"id":919,"date":"2024-08-17T04:28:39","date_gmt":"2024-08-17T04:28:39","guid":{"rendered":"http:\/\/wankonbiotech.com\/?post_type=product&#038;p=919"},"modified":"2024-08-17T04:33:22","modified_gmt":"2024-08-17T04:33:22","slug":"magnesium-lactate","status":"publish","type":"product","link":"https:\/\/wankonbiotech.com\/de\/produkt-2\/magnesiumlactat\/","title":{"rendered":"Rein nat\u00fcrliche Lebensmittelzusatzstoffe Magnesiumlactat"},"content":{"rendered":"<table>\n<tbody>\n<tr>\n<td><strong>Produktname<\/strong><\/td>\n<td>Magnesiumlactat<\/td>\n<\/tr>\n<tr>\n<td><strong>Erscheinungsbild<\/strong><\/td>\n<td>Wei\u00dfes Puder<\/td>\n<\/tr>\n<tr>\n<td><strong>Spezifikationen<\/strong><\/td>\n<td>99%<\/td>\n<\/tr>\n<tr>\n<td><strong>CAS-Nr.<\/strong><\/td>\n<td>18917-93-6<\/td>\n<\/tr>\n<tr>\n<td><strong>Klasse<\/strong><\/td>\n<td>Lebensmittelqualit\u00e4t<\/td>\n<\/tr>\n<tr>\n<td><strong>Zertifikat<\/strong><\/td>\n<td>ISO\/HALAL\/KOSCHER<\/td>\n<\/tr>\n<tr>\n<td><strong>COA\/MSDS\/TDS<\/strong><\/td>\n<td>Verf\u00fcgbar<\/td>\n<\/tr>\n<tr>\n<td><strong>Muster<\/strong><\/td>\n<td>Freies Angebot<\/td>\n<\/tr>\n<tr>\n<td><strong>MOQ<\/strong><\/td>\n<td>Jede Bestellmenge ist willkommen<\/td>\n<\/tr>\n<tr>\n<td><strong>Lagerung<\/strong><\/td>\n<td>An einem k\u00fchlen und trockenen Ort aufbewahren. Von starkem Licht und Hitze fernhalten.<\/td>\n<\/tr>\n<tr>\n<td><strong>Verpacken<\/strong><\/td>\n<td>1kg\/Foliensack, 25kgs\/Fass (zwei Plastiks\u00e4cke mit Pappf\u00e4ssern), oder nach Kundenwunsch).<\/td>\n<\/tr>\n<tr>\n<td><strong>Haltbarkeitsdauer<\/strong><\/td>\n<td>2 Jahre unter guten Lagerungsbedingungen.<\/td>\n<\/tr>\n<\/tbody>\n<\/table>\n<h2><span style=\"color: #000000;\">Einf\u00fchrung <\/span><\/h2>\n<p>Im Bereich der Lebensmittelzusatzstoffe und Nahrungserg\u00e4nzungsmittel hat Magnesiumlactat als wirksame und nat\u00fcrliche Magnesiumquelle Anerkennung gefunden. Magnesium ist ein essentieller Mineralstoff, der f\u00fcr zahlreiche K\u00f6rperfunktionen wie Muskel- und Nervenfunktion, Energieproduktion und Knochengesundheit eine wichtige Rolle spielt. Viele Menschen nehmen jedoch nicht gen\u00fcgend Magnesium mit der Nahrung auf. Magnesiumlactat bietet eine bioverf\u00fcgbare Form dieses essenziellen Minerals und ist damit eine ideale Wahl f\u00fcr Lebensmittelhersteller und gesundheitsbewusste Verbraucher gleicherma\u00dfen. In diesem Artikel werden die Vorteile, Anwendungen und Gr\u00fcnde f\u00fcr die wachsende Beliebtheit und das Vertrauen in Magnesiumlactat als wichtigen Zusatzstoff in der Lebensmittel- und Nahrungserg\u00e4nzungsindustrie untersucht.<\/p>\n<p><img fetchpriority=\"high\" decoding=\"async\" class=\"alignnone wp-image-923 size-full\" src=\"http:\/\/wankonbiotech.com\/wp-content\/uploads\/2024\/08\/Magnesium-Lactate-powder.jpeg\" alt=\"Magnesiumlactat-Pulver\" width=\"1800\" height=\"1269\" title=\"\" srcset=\"https:\/\/wankonbiotech.com\/wp-content\/uploads\/2024\/08\/Magnesium-Lactate-powder.jpeg 1800w, https:\/\/wankonbiotech.com\/wp-content\/uploads\/2024\/08\/Magnesium-Lactate-powder-300x212.jpeg 300w, https:\/\/wankonbiotech.com\/wp-content\/uploads\/2024\/08\/Magnesium-Lactate-powder-1024x722.jpeg 1024w, https:\/\/wankonbiotech.com\/wp-content\/uploads\/2024\/08\/Magnesium-Lactate-powder-768x541.jpeg 768w, https:\/\/wankonbiotech.com\/wp-content\/uploads\/2024\/08\/Magnesium-Lactate-powder-1536x1083.jpeg 1536w, https:\/\/wankonbiotech.com\/wp-content\/uploads\/2024\/08\/Magnesium-Lactate-powder-18x12.jpeg 18w, https:\/\/wankonbiotech.com\/wp-content\/uploads\/2024\/08\/Magnesium-Lactate-powder-600x423.jpeg 600w\" sizes=\"(max-width: 1800px) 100vw, 1800px\" \/><\/p>\n<p>&nbsp;<\/p>\n<h2><span style=\"color: #000000;\">Was ist Magnesiumlactat? <\/span><\/h2>\n<p>Magnesiumlactat ist eine Verbindung, die durch die Reaktion von Magnesium mit Milchs\u00e4ure entsteht. Es wird h\u00e4ufig als Nahrungserg\u00e4nzungsmittel und Lebensmittelzusatzstoff verwendet, um eine leicht absorbierbare Form von Magnesium bereitzustellen. Im Gegensatz zu anderen Formen von Magnesiumpr\u00e4paraten, die Verdauungsbeschwerden verursachen k\u00f6nnen, ist Magnesiumlactat magenschonend und hat eine hohe Bioverf\u00fcgbarkeit, d. h. es wird vom K\u00f6rper effektiv aufgenommen und verwertet. Dies macht es zu einer optimalen Wahl f\u00fcr diejenigen, die ihre Magnesiumzufuhr auf nat\u00fcrliche und effiziente Weise erh\u00f6hen wollen.<\/p>\n<p>&nbsp;<\/p>","protected":false},"excerpt":{"rendered":"<p>Im Bereich der Lebensmittelzusatzstoffe und Nahrungserg\u00e4nzungsmittel hat Magnesiumlactat als wirksame und nat\u00fcrliche Magnesiumquelle Anerkennung gefunden. Magnesium ist ein essentieller Mineralstoff, der eine wichtige Rolle bei zahlreichen K\u00f6rperfunktionen spielt, einschlie\u00dflich Muskel- und Nervenfunktion, Energieproduktion und Knochengesundheit.<\/p>","protected":false},"featured_media":920,"template":"","meta":{"_acf_changed":false},"product_brand":[],"product_cat":[31],"product_tag":[],"class_list":{"0":"post-919","1":"product","2":"type-product","3":"status-publish","4":"has-post-thumbnail","6":"product_cat-spices-and-seasonings","8":"first","9":"instock","10":"shipping-taxable","11":"product-type-simple"},"acf":[],"_links":{"self":[{"href":"https:\/\/wankonbiotech.com\/de\/wp-json\/wp\/v2\/product\/919","targetHints":{"allow":["GET"]}}],"collection":[{"href":"https:\/\/wankonbiotech.com\/de\/wp-json\/wp\/v2\/product"}],"about":[{"href":"https:\/\/wankonbiotech.com\/de\/wp-json\/wp\/v2\/types\/product"}],"wp:featuredmedia":[{"embeddable":true,"href":"https:\/\/wankonbiotech.com\/de\/wp-json\/wp\/v2\/media\/920"}],"wp:attachment":[{"href":"https:\/\/wankonbiotech.com\/de\/wp-json\/wp\/v2\/media?parent=919"}],"wp:term":[{"taxonomy":"product_brand","embeddable":true,"href":"https:\/\/wankonbiotech.com\/de\/wp-json\/wp\/v2\/product_brand?post=919"},{"taxonomy":"product_cat","embeddable":true,"href":"https:\/\/wankonbiotech.com\/de\/wp-json\/wp\/v2\/product_cat?post=919"},{"taxonomy":"product_tag","embeddable":true,"href":"https:\/\/wankonbiotech.com\/de\/wp-json\/wp\/v2\/product_tag?post=919"}],"curies":[{"name":"wp","href":"https:\/\/api.w.org\/{rel}","templated":true}]}}