{"id":878,"date":"2024-08-16T16:04:47","date_gmt":"2024-08-16T16:04:47","guid":{"rendered":"http:\/\/wankonbiotech.com\/?post_type=product&#038;p=878"},"modified":"2024-08-16T16:05:43","modified_gmt":"2024-08-16T16:05:43","slug":"abalone-collagen-peptide-raw-materials","status":"publish","type":"product","link":"https:\/\/wankonbiotech.com\/de\/produkt-2\/rohstoffe-fur-kollagenpeptide-aus-abalone-2\/","title":{"rendered":"Abalone-Kollagenpeptid-Rohstoffe"},"content":{"rendered":"<table>\n<tbody>\n<tr>\n<td><strong>Name des Produkts<\/strong><\/td>\n<td>Kollagenpeptide aus Abalone<\/td>\n<\/tr>\n<tr>\n<td><strong>Quelle<\/strong><\/td>\n<td>Nat\u00fcrliche Abalone<\/td>\n<\/tr>\n<tr>\n<td><strong>Verwendeter Teil<\/strong><\/td>\n<td>K\u00f6rper<\/td>\n<\/tr>\n<tr>\n<td><strong>Aktive Bestandteile<\/strong><\/td>\n<td>Abalone, Abalone-Polypeptid, Abalone-Polysaccharid, Protein, Vitamin und Aminos\u00e4uren<\/td>\n<\/tr>\n<\/tbody>\n<\/table>\n<h2><strong>Einf\u00fchrung<\/strong><\/h2>\n<p><strong>Abalone-Kollagen-Peptid\u00a0<\/strong>ist eine Art von Kollagenpeptid, das aus Abalone gewonnen wird, einer Meeresschneckenart, die wegen ihrer kulinarischen und medizinischen Verwendung sehr gesch\u00e4tzt wird. Kollagenpeptide sind kurze Ketten von Aminos\u00e4uren, die aus Kollagen gewonnen werden, dem Hauptprotein in Haut, Knochen und Bindegewebe von Tieren, einschlie\u00dflich des Menschen.<\/p>\n<p><img fetchpriority=\"high\" decoding=\"async\" class=\"alignnone size-full wp-image-880\" src=\"http:\/\/wankonbiotech.com\/wp-content\/uploads\/2024\/08\/Abalone.webp\" alt=\"Abalone-Kollagen-Peptidpulver\" width=\"1200\" height=\"600\" title=\"\" srcset=\"https:\/\/wankonbiotech.com\/wp-content\/uploads\/2024\/08\/Abalone.webp 1200w, https:\/\/wankonbiotech.com\/wp-content\/uploads\/2024\/08\/Abalone-300x150.webp 300w, https:\/\/wankonbiotech.com\/wp-content\/uploads\/2024\/08\/Abalone-1024x512.webp 1024w, https:\/\/wankonbiotech.com\/wp-content\/uploads\/2024\/08\/Abalone-768x384.webp 768w, https:\/\/wankonbiotech.com\/wp-content\/uploads\/2024\/08\/Abalone-600x300.webp 600w\" sizes=\"(max-width: 1200px) 100vw, 1200px\" \/><\/p>\n<p>Dieses Peptid ist reich an Aminos\u00e4uren, insbesondere Glycin, Prolin und Hydroxyprolin, die f\u00fcr die Erhaltung der Gesundheit und Struktur von Haut, Haaren, N\u00e4geln und Gelenken unerl\u00e4sslich sind. Ihm werden verschiedene Vorteile zugeschrieben, darunter die F\u00f6rderung der Hautelastizit\u00e4t, die Verringerung von Falten, die St\u00e4rkung von Haaren und N\u00e4geln und die Unterst\u00fctzung der Gelenkgesundheit.<\/p>\n<p>Das Kollagenpeptid ist in der Regel hydrolysiert, d. h. es wurde in kleinere Peptide aufgespalten, wodurch es vom K\u00f6rper leichter aufgenommen und verwertet werden kann. Es wird h\u00e4ufig als Inhaltsstoff in Sch\u00f6nheits- und Hautpflegeprodukten sowie in Nahrungserg\u00e4nzungsmitteln f\u00fcr die Gesundheit von Haut und Gelenken verwendet.<\/p>\n<h2><strong>Was ist Abalone-Kollagenpeptid?<\/strong><\/h2>\n<p><strong>Abalone-Kollagen-Peptid<\/strong> wird aus dem Kollagen gewonnen, das im Bindegewebe und in den Schalen der Abalone vorkommt, einer Weichtierart, die wegen ihres kulinarischen und ern\u00e4hrungsphysiologischen Wertes gesch\u00e4tzt wird. Das Kollagen wird durch einen schonenden enzymatischen Prozess extrahiert, der das Kollagen in kleinere Peptide aufspaltet, die vom K\u00f6rper leichter aufgenommen und verwertet werden k\u00f6nnen. Diese Peptide werden dann zu einem feinen Pulver verarbeitet, in dem die bioaktiven Verbindungen und essenziellen Aminos\u00e4uren des Abalone-Kollagens erhalten bleiben. Dieses Kollagenpeptid ist reich an Glycin, Prolin und Hydroxyprolin, Aminos\u00e4uren, die f\u00fcr die Kollagensynthese und den Erhalt gesunder Haut, Gelenke und Bindegewebe unerl\u00e4sslich sind.<\/p>\n<h2><strong>Ern\u00e4hrungsphysiologische Vorteile von Kollagenpeptid aus Abalone<\/strong><\/h2>\n<p><strong>Abalone-Kollagen-Peptid<\/strong> bietet eine Reihe von ern\u00e4hrungsphysiologischen Vorteilen, die es zu einer wertvollen Erg\u00e4nzung eines jeden Wellness-Programms machen. Kollagen ist das am h\u00e4ufigsten vorkommende Protein im menschlichen K\u00f6rper und spielt eine entscheidende Rolle bei der Aufrechterhaltung der Struktur und Funktion der Haut, der Gelenke und des Bindegewebes. Mit zunehmendem Alter nimmt die nat\u00fcrliche Kollagenproduktion des K\u00f6rpers ab, was zu Alterserscheinungen wie Falten, schlaffer Haut und Gelenkbeschwerden f\u00fchrt. Die Erg\u00e4nzung mit <strong>Abalone-Kollagen-Peptid<\/strong> kann dazu beitragen, den k\u00f6rpereigenen Kollagenspiegel wieder aufzuf\u00fcllen, was eine gesunde Haut, starke Gelenke und allgemeine Vitalit\u00e4t f\u00f6rdert.<\/p>\n<p>Die Peptidform des Abalone-Kollagens ist hoch bioverf\u00fcgbar, d. h. sie wird vom K\u00f6rper leicht aufgenommen und verwertet. Dadurch liefert es die f\u00fcr die Kollagensynthese ben\u00f6tigten essenziellen Aminos\u00e4uren effektiver als gr\u00f6\u00dfere, intakte Kollagenmolek\u00fcle. Zus\u00e4tzlich, <strong>Abalone-Kollagen-Peptid<\/strong> ist eine gute Quelle f\u00fcr essenzielle Aminos\u00e4uren, die der K\u00f6rper nicht selbst herstellen kann, was es zu einer vollst\u00e4ndigen Proteinerg\u00e4nzung macht, die die allgemeine Gesundheit und das Wohlbefinden unterst\u00fctzt.<\/p>\n<h2><strong>Gesundheitliche Vorteile von Kollagenpeptid aus Abalone<\/strong><\/h2>\n<p>Der gesundheitliche Nutzen von <strong>Abalone-Kollagen-Peptid<\/strong> sind umfangreich und durch die Forschung gut untermauert. Einer der anerkanntesten Vorteile ist seine F\u00e4higkeit, die Gesundheit der Haut zu verbessern. Der regelm\u00e4\u00dfige Verzehr von Kollagenpeptiden erh\u00f6ht nachweislich den Feuchtigkeitsgehalt, die Elastizit\u00e4t und die Geschmeidigkeit der Haut und mindert das Auftreten von feinen Linien und Falten. Dies macht <strong>Abalone-Kollagen-Peptid<\/strong> eine hervorragende Erg\u00e4nzung f\u00fcr alle, die ihre Sch\u00f6nheitspflege von innen heraus verbessern wollen.<\/p>\n<p><strong>Abalone-Kollagen-Peptid<\/strong> ist auch f\u00fcr die Gesundheit der Gelenke von Vorteil. Die Aminos\u00e4uren in Kollagenpeptiden unterst\u00fctzen die Erhaltung und Reparatur des Knorpels, des Gewebes, das die Gelenke polstert und eine reibungslose Bewegung erm\u00f6glicht. Dies kann dazu beitragen, Gelenkschmerzen und Steifheit zu verringern, insbesondere bei Personen mit Osteoarthritis oder bei Personen, die k\u00f6rperlich stark beansprucht werden. Dar\u00fcber hinaus k\u00f6nnen die entz\u00fcndungshemmenden Eigenschaften der Kollagenpeptide der Abalone dazu beitragen, Entz\u00fcndungen in den Gelenken zu verringern, was die Gesundheit und Mobilit\u00e4t der Gelenke weiter unterst\u00fctzt.<\/p>\n<p>F\u00fcr das allgemeine Wohlbefinden, <strong>Abalone-Kollagen-Peptid<\/strong> unterst\u00fctzt die Gesundheit des Bindegewebes im gesamten K\u00f6rper, einschlie\u00dflich Sehnen, B\u00e4nder und Knochen. Dies macht es zu einer wertvollen Erg\u00e4nzung f\u00fcr Sportler, \u00e4ltere Erwachsene und alle, die ihre Gesundheit des Bewegungsapparats unterst\u00fctzen wollen. Der Glycin-Gehalt in Abalone-Kollagen unterst\u00fctzt auch gesunde Schlafmuster und kognitive Funktionen, was es zu einem vielseitigen Erg\u00e4nzungsmittel f\u00fcr die allgemeine Vitalit\u00e4t macht.<\/p>","protected":false},"excerpt":{"rendered":"<p><strong>Abalone-Kollagen-Peptid\u00a0<\/strong>ist eine Art von Kollagenpeptid, das aus Abalone gewonnen wird, einer Meeresschneckenart, die wegen ihrer kulinarischen und medizinischen Verwendung sehr gesch\u00e4tzt wird. Kollagenpeptide sind kurze Ketten von Aminos\u00e4uren, die aus Kollagen gewonnen werden, dem Hauptprotein in Haut, Knochen und Bindegewebe von Tieren, einschlie\u00dflich des Menschen.<\/p>","protected":false},"featured_media":879,"template":"","meta":{"_acf_changed":false},"product_brand":[],"product_cat":[41],"product_tag":[],"class_list":{"0":"post-878","1":"product","2":"type-product","3":"status-publish","4":"has-post-thumbnail","6":"product_cat-peptide","8":"first","9":"instock","10":"shipping-taxable","11":"product-type-simple"},"acf":[],"_links":{"self":[{"href":"https:\/\/wankonbiotech.com\/de\/wp-json\/wp\/v2\/product\/878","targetHints":{"allow":["GET"]}}],"collection":[{"href":"https:\/\/wankonbiotech.com\/de\/wp-json\/wp\/v2\/product"}],"about":[{"href":"https:\/\/wankonbiotech.com\/de\/wp-json\/wp\/v2\/types\/product"}],"wp:featuredmedia":[{"embeddable":true,"href":"https:\/\/wankonbiotech.com\/de\/wp-json\/wp\/v2\/media\/879"}],"wp:attachment":[{"href":"https:\/\/wankonbiotech.com\/de\/wp-json\/wp\/v2\/media?parent=878"}],"wp:term":[{"taxonomy":"product_brand","embeddable":true,"href":"https:\/\/wankonbiotech.com\/de\/wp-json\/wp\/v2\/product_brand?post=878"},{"taxonomy":"product_cat","embeddable":true,"href":"https:\/\/wankonbiotech.com\/de\/wp-json\/wp\/v2\/product_cat?post=878"},{"taxonomy":"product_tag","embeddable":true,"href":"https:\/\/wankonbiotech.com\/de\/wp-json\/wp\/v2\/product_tag?post=878"}],"curies":[{"name":"wp","href":"https:\/\/api.w.org\/{rel}","templated":true}]}}