{"id":874,"date":"2024-08-16T15:46:33","date_gmt":"2024-08-16T15:46:33","guid":{"rendered":"http:\/\/wankonbiotech.com\/?post_type=product&#038;p=874"},"modified":"2024-08-16T15:47:33","modified_gmt":"2024-08-16T15:47:33","slug":"avocado-fruit-powder","status":"publish","type":"product","link":"https:\/\/wankonbiotech.com\/de\/produkt-2\/avocado-fruchtpulver-2\/","title":{"rendered":"China Avocado Fruchtpulver Hersteller"},"content":{"rendered":"<table>\n<tbody>\n<tr>\n<td>\n<div><strong>Artikel Name<\/strong><\/div>\n<\/td>\n<td>\n<div>Avocado-Fruchtpulver<\/div>\n<\/td>\n<\/tr>\n<tr>\n<td>\n<div><strong>Muster<\/strong><\/div>\n<\/td>\n<td>\n<div>Kostenloses Muster ist verf\u00fcgbar<\/div>\n<\/td>\n<\/tr>\n<tr>\n<td>\n<div><strong>Zertifikat<\/strong><\/div>\n<\/td>\n<td>\n<div>ISO .EU und USDA Bio-Zertifikat<\/div>\n<\/td>\n<\/tr>\n<tr>\n<td>\n<div><strong>Probezeit<\/strong><\/div>\n<\/td>\n<td>\n<div>Etwa 2-5 Tage<\/div>\n<\/td>\n<\/tr>\n<tr>\n<td>\n<div><strong>Versand<\/strong><\/div>\n<\/td>\n<td>\n<div>Unterst\u00fctzung von Expresssendungen, Landfracht, Seefracht und Luftfracht.<\/div>\n<\/td>\n<\/tr>\n<\/tbody>\n<\/table>\n<h2><strong>Einf\u00fchrung<\/strong><\/h2>\n<p><strong>Avocado-Fruchtpulver<\/strong>\u00a0ist ein Avocadokonzentrat, das durch Spr\u00fchtrocknung oder Gefriertrocknung zu einem feinen Pulver gemahlen wurde. Es beh\u00e4lt den nat\u00fcrlichen Geschmack und die ern\u00e4hrungsphysiologischen Eigenschaften frischer Avocados und ist damit eine praktische Zutat f\u00fcr eine Vielzahl von Lebensmittel- und Getr\u00e4nkeanwendungen. Avocadopulver kann verwendet werden, um Smoothies, So\u00dfen, Dressings, Dips, Backwaren und vieles mehr mit Geschmack, Cremigkeit und N\u00e4hrwerten zu verfeinern. Avocadopulver wird oft als eine bequeme M\u00f6glichkeit angepriesen, die gesunden Eigenschaften von Avocados in Produkte einzubringen, ohne dass frische Avocados ben\u00f6tigt werden, und es kann auch eine l\u00e4ngere Haltbarkeit und einfachere Lagerung bieten.<\/p>\n<p><img fetchpriority=\"high\" decoding=\"async\" class=\"alignnone size-full wp-image-876\" src=\"http:\/\/wankonbiotech.com\/wp-content\/uploads\/2024\/08\/Avocado-Fruit-Powder.jpg\" alt=\"Avocado-Fruchtpulver\" width=\"1024\" height=\"683\" title=\"\" srcset=\"https:\/\/wankonbiotech.com\/wp-content\/uploads\/2024\/08\/Avocado-Fruit-Powder.jpg 1024w, https:\/\/wankonbiotech.com\/wp-content\/uploads\/2024\/08\/Avocado-Fruit-Powder-300x200.jpg 300w, https:\/\/wankonbiotech.com\/wp-content\/uploads\/2024\/08\/Avocado-Fruit-Powder-768x512.jpg 768w, https:\/\/wankonbiotech.com\/wp-content\/uploads\/2024\/08\/Avocado-Fruit-Powder-600x400.jpg 600w\" sizes=\"(max-width: 1024px) 100vw, 1024px\" \/><\/p>\n<h2><strong>Was ist Avocado-Fruchtpulver?<\/strong><\/h2>\n<p><strong>Avocado-Fruchtpulver<\/strong> wird aus reifen Avocados hergestellt, die sorgf\u00e4ltig getrocknet und zu einem feinen Pulver gemahlen werden. Das Verfahren beginnt mit der Auswahl hochwertiger, reifer Avocados, die dann getrocknet werden, um ihnen die Feuchtigkeit zu entziehen und gleichzeitig ihren reichen N\u00e4hrstoffgehalt zu bewahren. Nach dem Trocknen werden die Avocados zu einem Pulver gemahlen, das die cremige Textur, den milden Geschmack und die N\u00e4hrstoffvorteile der frischen Frucht beibeh\u00e4lt. Dieses Pulver ist aus biologischem Anbau, d. h. es ist frei von synthetischen Pestiziden, Herbiziden und GVO, was es zu einem reinen und nat\u00fcrlichen Nahrungserg\u00e4nzungsmittel macht, das leicht in verschiedene Ern\u00e4hrungsroutinen integriert werden kann.<\/p>\n<h2><strong>Ern\u00e4hrungsphysiologische Vorteile des Avocado-Fruchtpulvers<\/strong><\/h2>\n<p><strong>Avocado-Fruchtpulver<\/strong> ist ein ern\u00e4hrungsphysiologisches Kraftpaket und bietet eine reichhaltige Quelle gesunder einfach unges\u00e4ttigter Fette, insbesondere \u00d6ls\u00e4ure, die f\u00fcr ihre herzf\u00f6rdernde Wirkung bekannt ist. Diese gesunden Fette tragen zur Senkung des schlechten Cholesterinspiegels (LDL) und zur Erh\u00f6hung des guten Cholesterinspiegels (HDL) bei und f\u00f6rdern so die allgemeine kardiovaskul\u00e4re Gesundheit. Au\u00dferdem ist die Avocado eine gute Quelle f\u00fcr Ballaststoffe, die die Gesundheit der Verdauung unterst\u00fctzen, indem sie einen regelm\u00e4\u00dfigen Stuhlgang f\u00f6rdern und Verstopfung vorbeugen.<\/p>\n<p><img decoding=\"async\" class=\"alignnone wp-image-877 size-full\" src=\"http:\/\/wankonbiotech.com\/wp-content\/uploads\/2024\/08\/Avocado-Fruit-Powder1.jpg\" alt=\"Avocado-Fruchtpulver\" width=\"1024\" height=\"536\" title=\"\" srcset=\"https:\/\/wankonbiotech.com\/wp-content\/uploads\/2024\/08\/Avocado-Fruit-Powder1.jpg 1024w, https:\/\/wankonbiotech.com\/wp-content\/uploads\/2024\/08\/Avocado-Fruit-Powder1-300x157.jpg 300w, https:\/\/wankonbiotech.com\/wp-content\/uploads\/2024\/08\/Avocado-Fruit-Powder1-768x402.jpg 768w, https:\/\/wankonbiotech.com\/wp-content\/uploads\/2024\/08\/Avocado-Fruit-Powder1-600x314.jpg 600w\" sizes=\"(max-width: 1024px) 100vw, 1024px\" \/><\/p>\n<p>Das Pulver ist au\u00dferdem vollgepackt mit wichtigen Vitaminen und Mineralien, darunter die Vitamine E, K und C sowie Kalium, Magnesium und Fols\u00e4ure. Vitamin E ist ein starkes Antioxidans, das die Zellen vor oxidativen Sch\u00e4den sch\u00fctzt, w\u00e4hrend Vitamin K eine entscheidende Rolle f\u00fcr die Knochengesundheit und die Blutgerinnung spielt. Vitamin C unterst\u00fctzt die Immunfunktion und die Gesundheit der Haut, und das in Avocados enthaltene Kalium tr\u00e4gt zur Regulierung des Blutdrucks und zur Aufrechterhaltung des Fl\u00fcssigkeitshaushalts im K\u00f6rper bei. Der Gehalt an Fols\u00e4ure ist besonders f\u00fcr Schwangere von Vorteil, da er die gesunde Entwicklung des F\u00f6tus unterst\u00fctzt.<\/p>","protected":false},"excerpt":{"rendered":"<p><strong>Avocado-Fruchtpulver<\/strong> wird aus reifen Avocados hergestellt, die sorgf\u00e4ltig getrocknet und zu einem feinen Pulver gemahlen werden. Das Verfahren beginnt mit der Auswahl hochwertiger, reifer Avocados, die dann getrocknet werden, um ihnen die Feuchtigkeit zu entziehen und gleichzeitig ihren hohen N\u00e4hrstoffgehalt zu bewahren.<\/p>","protected":false},"featured_media":875,"template":"","meta":{"_acf_changed":false},"product_brand":[],"product_cat":[37],"product_tag":[],"class_list":{"0":"post-874","1":"product","2":"type-product","3":"status-publish","4":"has-post-thumbnail","6":"product_cat-organic-fruit-and-vegetable-powder","8":"first","9":"instock","10":"shipping-taxable","11":"product-type-simple"},"acf":[],"_links":{"self":[{"href":"https:\/\/wankonbiotech.com\/de\/wp-json\/wp\/v2\/product\/874","targetHints":{"allow":["GET"]}}],"collection":[{"href":"https:\/\/wankonbiotech.com\/de\/wp-json\/wp\/v2\/product"}],"about":[{"href":"https:\/\/wankonbiotech.com\/de\/wp-json\/wp\/v2\/types\/product"}],"wp:featuredmedia":[{"embeddable":true,"href":"https:\/\/wankonbiotech.com\/de\/wp-json\/wp\/v2\/media\/875"}],"wp:attachment":[{"href":"https:\/\/wankonbiotech.com\/de\/wp-json\/wp\/v2\/media?parent=874"}],"wp:term":[{"taxonomy":"product_brand","embeddable":true,"href":"https:\/\/wankonbiotech.com\/de\/wp-json\/wp\/v2\/product_brand?post=874"},{"taxonomy":"product_cat","embeddable":true,"href":"https:\/\/wankonbiotech.com\/de\/wp-json\/wp\/v2\/product_cat?post=874"},{"taxonomy":"product_tag","embeddable":true,"href":"https:\/\/wankonbiotech.com\/de\/wp-json\/wp\/v2\/product_tag?post=874"}],"curies":[{"name":"wp","href":"https:\/\/api.w.org\/{rel}","templated":true}]}}