{"id":854,"date":"2024-08-14T16:19:00","date_gmt":"2024-08-14T16:19:00","guid":{"rendered":"http:\/\/wankonbiotech.com\/?post_type=product&#038;p=854"},"modified":"2024-08-14T16:19:00","modified_gmt":"2024-08-14T16:19:00","slug":"high-quality-bilberry-extract-powder-manufacturers","status":"publish","type":"product","link":"https:\/\/wankonbiotech.com\/de\/produkt-2\/hersteller-von-hochwertigem-heidelbeerextraktpulver-2\/","title":{"rendered":"Hochwertige Heidelbeer-Extrakt-Pulver Hersteller"},"content":{"rendered":"<table>\n<tbody>\n<tr>\n<td>\n<div><strong>Name des Produkts<\/strong><\/div>\n<\/td>\n<td>Hochwertige Heidelbeer-Extrakt-Pulver Hersteller<\/td>\n<\/tr>\n<tr>\n<td>\n<div><strong>Erscheinungsbild<\/strong><\/div>\n<\/td>\n<td>\n<div>violettes feines Pulver<\/div>\n<\/td>\n<\/tr>\n<tr>\n<td>\n<div><strong>Haltbarkeitsdauer<\/strong><\/div>\n<\/td>\n<td>\n<div>24 Monate<\/div>\n<\/td>\n<\/tr>\n<\/tbody>\n<\/table>\n<h2><strong>Einf\u00fchrung<\/strong><\/h2>\n<p>Die Nachfrage nach nat\u00fcrlichen und n\u00e4hrstoffreichen Nahrungserg\u00e4nzungsmitteln steigt, <strong>Heidelbeerextrakt-Pulver<\/strong> hat wegen seiner starken gesundheitlichen Vorteile an Popularit\u00e4t gewonnen. Heidelbeerextrakt ist bekannt f\u00fcr seinen hohen Gehalt an Antioxidantien, insbesondere Anthocyanen, und ist weithin anerkannt f\u00fcr die Unterst\u00fctzung der Sehkraft, der kardiovaskul\u00e4ren Gesundheit und des allgemeinen Wohlbefindens.<\/p>\n<p><img fetchpriority=\"high\" decoding=\"async\" class=\"aligncenter wp-image-857 size-full\" src=\"http:\/\/wankonbiotech.com\/wp-content\/uploads\/2024\/08\/Bilberry-Extract-Powder1.jpg\" alt=\"Heidelbeerextrakt-Pulver\" width=\"474\" height=\"355\" title=\"\" srcset=\"https:\/\/wankonbiotech.com\/wp-content\/uploads\/2024\/08\/Bilberry-Extract-Powder1.jpg 474w, https:\/\/wankonbiotech.com\/wp-content\/uploads\/2024\/08\/Bilberry-Extract-Powder1-300x225.jpg 300w\" sizes=\"(max-width: 474px) 100vw, 474px\" \/><\/p>\n<p>Egal, ob Sie ein Sportler sind, der seine Leistung steigern m\u00f6chte, ein gesundheitsbewusster Mensch, der seine Antioxidantienzufuhr erh\u00f6hen m\u00f6chte, oder jemand, der die Gesundheit seiner Augen unterst\u00fctzen will, <strong>Heidelbeerextrakt-Pulver<\/strong> bietet eine bequeme und effektive L\u00f6sung.<\/p>\n<h2><strong>Was ist Heidelbeerextrakt-Pulver?<\/strong><\/h2>\n<p><strong>Heidelbeerextrakt-Pulver<\/strong> wird aus den kleinen, dunkelblauen Beeren der Heidelbeerpflanze gewonnen, einer engen Verwandten der Blaubeere. Die Beeren werden geerntet, getrocknet und dann fein zu einem Pulver gemahlen, das die tiefviolette Farbe und das wirkungsvolle N\u00e4hrstoffprofil der frischen Frucht beibeh\u00e4lt. Dieses Pulver ist besonders reich an Anthocyanen, einer Art von Antioxidantien, die den Heidelbeeren ihre charakteristische Farbe und zahlreiche gesundheitliche Vorteile verleihen. <strong>Heidelbeerextrakt-Pulver<\/strong> ist aus biologischem Anbau und somit frei von synthetischen Pestiziden, Herbiziden und GVO, was es zu einem reinen und nat\u00fcrlichen Nahrungserg\u00e4nzungsmittel macht, das sich leicht in eine Vielzahl von Ern\u00e4hrungsgewohnheiten integrieren l\u00e4sst.<\/p>\n<h2><strong>Ern\u00e4hrungsphysiologische Vorteile von Heidelbeerextrakt-Pulver<\/strong><\/h2>\n<p><strong>Heidelbeerextrakt-Pulver<\/strong> ist vollgepackt mit wichtigen N\u00e4hrstoffen und Antioxidantien, die zur allgemeinen Gesundheit und zum Wohlbefinden beitragen. Am bemerkenswertesten sind die Anthocyane, starke Antioxidantien, die daf\u00fcr bekannt sind, dass sie die Zellen vor oxidativem Stress sch\u00fctzen, Entz\u00fcndungen verringern und die kardiovaskul\u00e4re Gesundheit unterst\u00fctzen. Diese Verbindungen sind auch f\u00fcr die Gesundheit der Augen von Vorteil, da sie dazu beitragen, die Kapillaren in den Augen zu st\u00e4rken und die Durchblutung der Netzhaut zu verbessern.<\/p>\n<p><img decoding=\"async\" class=\"alignnone wp-image-856 size-full\" src=\"http:\/\/wankonbiotech.com\/wp-content\/uploads\/2024\/08\/Bilberry-Extract-Powder.jpg\" alt=\"Bio-Fruchtpulver\" width=\"1000\" height=\"600\" title=\"\" srcset=\"https:\/\/wankonbiotech.com\/wp-content\/uploads\/2024\/08\/Bilberry-Extract-Powder.jpg 1000w, https:\/\/wankonbiotech.com\/wp-content\/uploads\/2024\/08\/Bilberry-Extract-Powder-300x180.jpg 300w, https:\/\/wankonbiotech.com\/wp-content\/uploads\/2024\/08\/Bilberry-Extract-Powder-768x461.jpg 768w, https:\/\/wankonbiotech.com\/wp-content\/uploads\/2024\/08\/Bilberry-Extract-Powder-600x360.jpg 600w\" sizes=\"(max-width: 1000px) 100vw, 1000px\" \/><\/p>\n<p>Zus\u00e4tzlich zu den Anthocyanen, <strong>Heidelbeerextrakt-Pulver<\/strong> enth\u00e4lt die Vitamine C und E, die f\u00fcr die Immunfunktion, die Hautgesundheit und den allgemeinen Zellschutz wichtig sind. Das Pulver enth\u00e4lt auch Ballaststoffe, die die Verdauung f\u00f6rdern und ein gesundes Darmmikrobiom unterst\u00fctzen. Dar\u00fcber hinaus sind Heidelbeeren eine Quelle f\u00fcr Flavonoide, eine weitere Gruppe von Antioxidantien, die zus\u00e4tzlichen Schutz vor chronischen Krankheiten bieten.<\/p>\n<h2><strong>Gesundheitliche Vorteile von Heidelbeerextrakt-Pulver<\/strong><\/h2>\n<p>Der gesundheitliche Nutzen von <strong>Heidelbeerextrakt-Pulver<\/strong> sind umfangreich und gut dokumentiert. Einer der bekanntesten Vorteile ist ihre F\u00e4higkeit, die Gesundheit der Augen zu unterst\u00fctzen. Die Anthocyane in Heidelbeeren verbessern nachweislich die Nachtsicht, verringern die Belastung der Augen und sch\u00fctzen vor Erkrankungen wie Makuladegeneration und Katarakt. Dies macht <strong>Heidelbeerextrakt-Pulver<\/strong> eine ausgezeichnete Erg\u00e4nzung f\u00fcr Personen, die viel Zeit vor dem Bildschirm verbringen oder in ihrer Familie an Augenkrankheiten leiden.<\/p>\n<p><strong>Heidelbeerextrakt-Pulver<\/strong> ist auch f\u00fcr die kardiovaskul\u00e4re Gesundheit von Vorteil. Die in der Heidelbeere enthaltenen Antioxidantien tragen dazu bei, den Gehalt an schlechtem Cholesterin (LDL) zu senken, den Blutdruck zu senken und die Funktion der Blutgef\u00e4\u00dfe zu verbessern, was das Risiko von Herzerkrankungen verringern kann. Dar\u00fcber hinaus unterst\u00fctzen die entz\u00fcndungshemmenden Eigenschaften des Heidelbeerextrakts die allgemeine Herzgesundheit, indem sie Entz\u00fcndungen in den Arterien verringern und oxidative Sch\u00e4den am Herz-Kreislauf-System verhindern.<\/p>\n<p>F\u00fcr alle, die ihr allgemeines Wohlbefinden f\u00f6rdern wollen, <strong>Heidelbeerextrakt-Pulver<\/strong> bietet einen kr\u00e4ftigen Schub f\u00fcr das Immunsystem. Die Kombination aus Vitaminen, Antioxidantien und Flavonoiden hilft, den K\u00f6rper vor Infektionen zu sch\u00fctzen, Entz\u00fcndungen zu verringern und ein gesundes Altern zu f\u00f6rdern. Der Ballaststoffgehalt des Pulvers unterst\u00fctzt au\u00dferdem die Gesundheit der Verdauung, indem er einen regelm\u00e4\u00dfigen Stuhlgang f\u00f6rdert und Verstopfung vorbeugt.<\/p>\n<h2><strong>Anwendungen von Heidelbeerextrakt-Pulver in der Lebensmittel- und Getr\u00e4nkeindustrie<\/strong><\/h2>\n<p><strong>Heidelbeerextrakt-Pulver<\/strong> ist unglaublich vielseitig und kann in eine breite Palette von Lebensmitteln und Getr\u00e4nken eingearbeitet werden. Sein reichhaltiger, leicht s\u00e4uerlicher Geschmack macht ihn zu einer idealen Zutat f\u00fcr Smoothies, S\u00e4fte und Wellness-Shots. Es kann auch Backwaren wie Muffins, Kuchen und Energieriegeln zugesetzt werden, um deren Geschmack und N\u00e4hrstoffgehalt zu verbessern.<\/p>\n<p>Auf dem wachsenden Markt f\u00fcr funktionelle Lebensmittel und Nahrungserg\u00e4nzungsmittel, <strong>Heidelbeerextrakt-Pulver<\/strong> wird zunehmend in Nahrungserg\u00e4nzungsmitteln, Gesundheitsgetr\u00e4nken und aufgrund seiner leuchtenden violetten Farbe sogar als nat\u00fcrlicher Farbstoff verwendet. Sein nat\u00fcrliches N\u00e4hrstoffprofil macht es zu einer wertvollen Zutat f\u00fcr Lebensmittelhersteller, die der Nachfrage nach Produkten mit hohem Oxidationsgehalt, Bio-Produkten und Clean-Label-Produkten nachkommen wollen. Zus\u00e4tzlich, <strong>Heidelbeerextrakt-Pulver<\/strong> kann in Kombination mit anderen Supernahrungsmitteln verwendet werden, um wirksame Antioxidantienmischungen zu erstellen, die die allgemeine Gesundheit und das Wohlbefinden unterst\u00fctzen.<\/p>","protected":false},"excerpt":{"rendered":"<p><strong>Heidelbeerextrakt-Pulver<\/strong> ist unglaublich vielseitig und kann in eine breite Palette von Lebensmitteln und Getr\u00e4nken eingearbeitet werden. Sein reichhaltiger, leicht s\u00e4uerlicher Geschmack macht ihn zu einer idealen Zutat f\u00fcr Smoothies, S\u00e4fte und Wellness-Shots. Es kann auch Backwaren wie Muffins, Kuchen und Energieriegeln zugesetzt werden, um deren Geschmack und N\u00e4hrstoffgehalt zu verbessern.<\/p>","protected":false},"featured_media":855,"template":"","meta":{"_acf_changed":false},"product_brand":[],"product_cat":[37],"product_tag":[],"class_list":{"0":"post-854","1":"product","2":"type-product","3":"status-publish","4":"has-post-thumbnail","6":"product_cat-organic-fruit-and-vegetable-powder","8":"first","9":"instock","10":"shipping-taxable","11":"product-type-simple"},"acf":[],"_links":{"self":[{"href":"https:\/\/wankonbiotech.com\/de\/wp-json\/wp\/v2\/product\/854","targetHints":{"allow":["GET"]}}],"collection":[{"href":"https:\/\/wankonbiotech.com\/de\/wp-json\/wp\/v2\/product"}],"about":[{"href":"https:\/\/wankonbiotech.com\/de\/wp-json\/wp\/v2\/types\/product"}],"wp:featuredmedia":[{"embeddable":true,"href":"https:\/\/wankonbiotech.com\/de\/wp-json\/wp\/v2\/media\/855"}],"wp:attachment":[{"href":"https:\/\/wankonbiotech.com\/de\/wp-json\/wp\/v2\/media?parent=854"}],"wp:term":[{"taxonomy":"product_brand","embeddable":true,"href":"https:\/\/wankonbiotech.com\/de\/wp-json\/wp\/v2\/product_brand?post=854"},{"taxonomy":"product_cat","embeddable":true,"href":"https:\/\/wankonbiotech.com\/de\/wp-json\/wp\/v2\/product_cat?post=854"},{"taxonomy":"product_tag","embeddable":true,"href":"https:\/\/wankonbiotech.com\/de\/wp-json\/wp\/v2\/product_tag?post=854"}],"curies":[{"name":"wp","href":"https:\/\/api.w.org\/{rel}","templated":true}]}}