{"id":850,"date":"2024-08-14T16:00:24","date_gmt":"2024-08-14T16:00:24","guid":{"rendered":"http:\/\/wankonbiotech.com\/?post_type=product&#038;p=850"},"modified":"2024-08-14T16:00:24","modified_gmt":"2024-08-14T16:00:24","slug":"cranberry-extract-powder","status":"publish","type":"product","link":"https:\/\/wankonbiotech.com\/de\/produkt-2\/cranberry-extraktpulver-2\/","title":{"rendered":"Hochwertiges Cranberry-Extrakt-Pulver Cranberry-Frucht-Pulver"},"content":{"rendered":"<table>\n<tbody>\n<tr>\n<td width=\"497\"><strong>Lateinischer Name<\/strong><\/td>\n<td width=\"497\">\u00a0Vaccinium Macrocarpon L<\/td>\n<\/tr>\n<tr>\n<td width=\"497\"><strong>L\u00f6sungsmittel extrahieren<\/strong><\/td>\n<td width=\"497\">\u00a0Wasser\u00f0anol<\/td>\n<\/tr>\n<tr>\n<td width=\"497\"><strong>Erscheinungsbild<\/strong><\/td>\n<td width=\"497\">Tief violett-rotes feines Pulver<\/td>\n<\/tr>\n<\/tbody>\n<\/table>\n<h2><strong>Einf\u00fchrung<\/strong><\/h2>\n<p>In der Welt der Bio-Fruchtpulver, <strong>Cranberry-Extrakt-Pulver<\/strong> ist ein wirkungsvolles Nahrungserg\u00e4nzungsmittel mit vielen Antioxidantien und gesundheitsf\u00f6rdernden Eigenschaften. Dieses Pulver wird aus Cranberries gewonnen, einer Frucht, die f\u00fcr ihre leuchtend rote Farbe und ihren s\u00e4uerlichen Geschmack bekannt ist, und bietet eine bequeme M\u00f6glichkeit, die zahlreichen gesundheitlichen Vorteile von Cranberries in Ihre t\u00e4gliche Routine einzubauen. Ganz gleich, ob Sie die Gesundheit der Harnwege unterst\u00fctzen, Ihr Immunsystem st\u00e4rken oder Ihrer Ern\u00e4hrung einfach ein nahrhaftes Element hinzuf\u00fcgen m\u00f6chten, <strong>Cranberry-Extrakt-Pulver<\/strong> ist eine vielseitige und effektive Wahl. Dieser Artikel befasst sich mit den Vorteilen, Anwendungen und Gr\u00fcnden, warum <strong>Cranberry-Extrakt-Pulver<\/strong> entwickelt sich zu einer festen Gr\u00f6\u00dfe in der Kategorie der biologischen Obst- und Gem\u00fcsepulver.<\/p>\n<p><img fetchpriority=\"high\" decoding=\"async\" class=\"alignnone size-full wp-image-852\" src=\"http:\/\/wankonbiotech.com\/wp-content\/uploads\/2024\/08\/Cranberry-Extract-Powder.webp\" alt=\"Cranberry-Extrakt-Pulver\" width=\"1040\" height=\"652\" title=\"\" srcset=\"https:\/\/wankonbiotech.com\/wp-content\/uploads\/2024\/08\/Cranberry-Extract-Powder.webp 1040w, https:\/\/wankonbiotech.com\/wp-content\/uploads\/2024\/08\/Cranberry-Extract-Powder-300x188.webp 300w, https:\/\/wankonbiotech.com\/wp-content\/uploads\/2024\/08\/Cranberry-Extract-Powder-1024x642.webp 1024w, https:\/\/wankonbiotech.com\/wp-content\/uploads\/2024\/08\/Cranberry-Extract-Powder-768x481.webp 768w, https:\/\/wankonbiotech.com\/wp-content\/uploads\/2024\/08\/Cranberry-Extract-Powder-600x376.webp 600w\" sizes=\"(max-width: 1040px) 100vw, 1040px\" \/><\/p>\n<h2><strong>Was ist Cranberry-Extrakt-Pulver?<\/strong><\/h2>\n<p><strong>Cranberry-Extrakt-Pulver<\/strong> wird aus getrockneten Cranberries hergestellt, die zu einem Pulver vermahlen wurden. Das Verfahren beginnt mit der Ernte frischer Cranberries, die dann getrocknet werden, um ihnen die Feuchtigkeit zu entziehen und gleichzeitig ihren hohen N\u00e4hrstoffgehalt zu bewahren. Nach dem Trocknen werden die Cranberries zu einem feinen Pulver gemahlen, das die leuchtende Farbe und den s\u00e4uerlichen Geschmack der Frucht beibeh\u00e4lt. Dieses Pulver ist aus biologischem Anbau und somit frei von synthetischen Pestiziden, Herbiziden und GVO, was es zu einem reinen und nat\u00fcrlichen Nahrungserg\u00e4nzungsmittel macht. <strong>Cranberry-Extrakt-Pulver<\/strong> ist reich an Vitaminen, Mineralien und bioaktiven Verbindungen, die die allgemeine Gesundheit und das Wohlbefinden f\u00f6rdern.<\/p>\n<h2><strong>Ern\u00e4hrungsphysiologische Vorteile von Cranberry-Extrakt-Pulver<\/strong><\/h2>\n<p><strong>Cranberry-Extrakt-Pulver<\/strong> ist ein n\u00e4hrstoffreiches Nahrungserg\u00e4nzungsmittel, das eine reichhaltige Quelle f\u00fcr die Vitamine C, E und K bietet. Vitamin C ist ein starkes Antioxidans, das die Immunfunktion, die Hautgesundheit und die Wundheilung unterst\u00fctzt. Vitamin E tr\u00e4gt als Antioxidans dazu bei, die Zellen vor oxidativen Sch\u00e4den zu sch\u00fctzen, w\u00e4hrend Vitamin K eine wichtige Rolle f\u00fcr die Knochengesundheit und die Blutgerinnung spielt.<\/p>\n<p>Eines der herausragenden Merkmale von <strong>Cranberry-Extrakt-Pulver<\/strong> ist sein hoher Gehalt an Antioxidantien, insbesondere an Proanthocyanidinen. Diese Antioxidantien helfen, oxidativen Stress zu bek\u00e4mpfen, Entz\u00fcndungen zu verringern und den K\u00f6rper vor chronischen Krankheiten zu sch\u00fctzen. Cranberries sind auch f\u00fcr ihre F\u00e4higkeit bekannt, die Gesundheit der Harnwege zu unterst\u00fctzen, da sie Verbindungen enthalten, die verhindern, dass sich Bakterien an den W\u00e4nden der Harnwege festsetzen.<\/p>\n<p><img decoding=\"async\" class=\"alignnone size-full wp-image-853\" src=\"http:\/\/wankonbiotech.com\/wp-content\/uploads\/2024\/08\/Cranberry-Extract-Powder1.jpg\" alt=\"Cranberry-Extrakt-Pulver\" width=\"1600\" height=\"1200\" title=\"\" srcset=\"https:\/\/wankonbiotech.com\/wp-content\/uploads\/2024\/08\/Cranberry-Extract-Powder1.jpg 1600w, https:\/\/wankonbiotech.com\/wp-content\/uploads\/2024\/08\/Cranberry-Extract-Powder1-300x225.jpg 300w, https:\/\/wankonbiotech.com\/wp-content\/uploads\/2024\/08\/Cranberry-Extract-Powder1-1024x768.jpg 1024w, https:\/\/wankonbiotech.com\/wp-content\/uploads\/2024\/08\/Cranberry-Extract-Powder1-768x576.jpg 768w, https:\/\/wankonbiotech.com\/wp-content\/uploads\/2024\/08\/Cranberry-Extract-Powder1-1536x1152.jpg 1536w, https:\/\/wankonbiotech.com\/wp-content\/uploads\/2024\/08\/Cranberry-Extract-Powder1-600x450.jpg 600w\" sizes=\"(max-width: 1600px) 100vw, 1600px\" \/><\/p>\n<p>Zus\u00e4tzlich zu seinem Gehalt an Antioxidantien, <strong>Cranberry-Extrakt-Pulver<\/strong> ist eine gute Quelle f\u00fcr Ballaststoffe, die die Gesundheit der Verdauung unterst\u00fctzen, indem sie einen regelm\u00e4\u00dfigen Stuhlgang f\u00f6rdern und Verstopfung vorbeugen. Die nat\u00fcrlichen Verbindungen in Cranberries, darunter Flavonoide und Phenols\u00e4uren, verbessern das N\u00e4hrstoffprofil dieses leistungsstarken Nahrungserg\u00e4nzungsmittels zus\u00e4tzlich.<\/p>","protected":false},"excerpt":{"rendered":"<p><strong>Cranberry-Extrakt-Pulver<\/strong> ist ein n\u00e4hrstoffreiches Nahrungserg\u00e4nzungsmittel, das eine reichhaltige Quelle f\u00fcr die Vitamine C, E und K bietet. Vitamin C ist ein starkes Antioxidans, das die Immunfunktion, die Hautgesundheit und die Wundheilung unterst\u00fctzt. Vitamin E tr\u00e4gt als Antioxidans dazu bei, die Zellen vor oxidativen Sch\u00e4den zu sch\u00fctzen, w\u00e4hrend Vitamin K eine wichtige Rolle f\u00fcr die Knochengesundheit und die Blutgerinnung spielt.<\/p>","protected":false},"featured_media":851,"template":"","meta":{"_acf_changed":false},"product_brand":[],"product_cat":[37],"product_tag":[],"class_list":{"0":"post-850","1":"product","2":"type-product","3":"status-publish","4":"has-post-thumbnail","6":"product_cat-organic-fruit-and-vegetable-powder","8":"first","9":"instock","10":"shipping-taxable","11":"product-type-simple"},"acf":[],"_links":{"self":[{"href":"https:\/\/wankonbiotech.com\/de\/wp-json\/wp\/v2\/product\/850","targetHints":{"allow":["GET"]}}],"collection":[{"href":"https:\/\/wankonbiotech.com\/de\/wp-json\/wp\/v2\/product"}],"about":[{"href":"https:\/\/wankonbiotech.com\/de\/wp-json\/wp\/v2\/types\/product"}],"wp:featuredmedia":[{"embeddable":true,"href":"https:\/\/wankonbiotech.com\/de\/wp-json\/wp\/v2\/media\/851"}],"wp:attachment":[{"href":"https:\/\/wankonbiotech.com\/de\/wp-json\/wp\/v2\/media?parent=850"}],"wp:term":[{"taxonomy":"product_brand","embeddable":true,"href":"https:\/\/wankonbiotech.com\/de\/wp-json\/wp\/v2\/product_brand?post=850"},{"taxonomy":"product_cat","embeddable":true,"href":"https:\/\/wankonbiotech.com\/de\/wp-json\/wp\/v2\/product_cat?post=850"},{"taxonomy":"product_tag","embeddable":true,"href":"https:\/\/wankonbiotech.com\/de\/wp-json\/wp\/v2\/product_tag?post=850"}],"curies":[{"name":"wp","href":"https:\/\/api.w.org\/{rel}","templated":true}]}}