{"id":784,"date":"2024-08-12T14:10:42","date_gmt":"2024-08-12T14:10:42","guid":{"rendered":"http:\/\/wankonbiotech.com\/?post_type=product&#038;p=784"},"modified":"2024-08-12T14:12:55","modified_gmt":"2024-08-12T14:12:55","slug":"kale-extract-powder","status":"publish","type":"product","link":"https:\/\/wankonbiotech.com\/de\/produkt-2\/grunkohl-extraktpulver\/","title":{"rendered":"Hochwertiges reines Bio Gr\u00fcnkohl-Extrakt-Pulver Gr\u00fcnkohl-Pulver Kr\u00e4uterzusatz 10:1 20:1 Gr\u00fcnkohl-Extrakt-Pulver"},"content":{"rendered":"<table>\n<tbody>\n<tr style=\"height: 24px;\">\n<td style=\"height: 24px;\" colspan=\"1\" rowspan=\"1\">\n<div data-spm-anchor-id=\"a2700.details.0.i36.43f72463zzVohM\"><strong>Produktname<\/strong><\/div>\n<\/td>\n<td style=\"height: 24px;\" colspan=\"1\" rowspan=\"1\">\n<div data-spm-anchor-id=\"a2700.details.0.i38.43f72463zzVohM\">Gr\u00fcnkohl-Pulver<\/div>\n<\/td>\n<\/tr>\n<tr style=\"height: 24px;\">\n<td style=\"height: 24px;\" colspan=\"1\" rowspan=\"1\">\n<div><strong>Erscheinungsbild<\/strong><\/div>\n<\/td>\n<td style=\"height: 24px;\" colspan=\"1\" rowspan=\"1\">\n<div data-spm-anchor-id=\"a2700.details.0.i37.43f72463zzVohM\">Gr\u00fcnes Pulver<\/div>\n<\/td>\n<\/tr>\n<tr style=\"height: 24px;\">\n<td style=\"height: 24px;\" colspan=\"1\" rowspan=\"1\">\n<div><strong>Spezifikation<\/strong><\/div>\n<\/td>\n<td style=\"height: 24px;\" colspan=\"1\" rowspan=\"1\">\n<div>Reines Gr\u00fcnkohlsaftpulver<\/div>\n<\/td>\n<\/tr>\n<tr style=\"height: 24px;\">\n<td style=\"height: 24px;\" colspan=\"1\" rowspan=\"1\">\n<div><strong>Lagerung<\/strong><\/div>\n<\/td>\n<td style=\"height: 24px;\" colspan=\"1\" rowspan=\"1\">\n<div>An einem k\u00fchlen, trockenen, dunklen Ort in einem dicht verschlossenen Beh\u00e4lter oder einer Flasche aufbewahren.<\/div>\n<\/td>\n<\/tr>\n<\/tbody>\n<\/table>\n<h2><strong>Einf\u00fchrung<\/strong><\/h2>\n<p>Im Reich der Bio-Superfoods, <strong>Gr\u00fcnkohl-Extrakt-Pulver<\/strong> zeichnet sich als leistungsstarke und n\u00e4hrstoffreiche Erg\u00e4nzung aus. Gr\u00fcnkohl, der oft als Superfood gepriesen wird, ist vollgepackt mit Vitaminen, Mineralien und Antioxidantien, die die allgemeine Gesundheit und das Wohlbefinden unterst\u00fctzen. Durch die Umwandlung dieses Blattgr\u00fcns in eine praktische Pulverform, <strong>Gr\u00fcnkohl-Extrakt-Pulver<\/strong> macht es einfacher als je zuvor, diese gesundheitlichen Vorteile in Ihre t\u00e4gliche Ern\u00e4hrung einzubauen.<\/p>\n<p><img fetchpriority=\"high\" decoding=\"async\" class=\"alignnone size-full wp-image-786\" src=\"http:\/\/wankonbiotech.com\/wp-content\/uploads\/2024\/08\/Kale-Extract-Powder.jpg\" alt=\"Gr\u00fcnkohl-Extrakt-Pulver\" width=\"1404\" height=\"672\" title=\"\" srcset=\"https:\/\/wankonbiotech.com\/wp-content\/uploads\/2024\/08\/Kale-Extract-Powder.jpg 1404w, https:\/\/wankonbiotech.com\/wp-content\/uploads\/2024\/08\/Kale-Extract-Powder-300x144.jpg 300w, https:\/\/wankonbiotech.com\/wp-content\/uploads\/2024\/08\/Kale-Extract-Powder-1024x490.jpg 1024w, https:\/\/wankonbiotech.com\/wp-content\/uploads\/2024\/08\/Kale-Extract-Powder-768x368.jpg 768w, https:\/\/wankonbiotech.com\/wp-content\/uploads\/2024\/08\/Kale-Extract-Powder-600x287.jpg 600w\" sizes=\"(max-width: 1404px) 100vw, 1404px\" \/><\/p>\n<h2><strong>Was ist Gr\u00fcnkohl-Extrakt-Pulver?<\/strong><\/h2>\n<p><strong>Gr\u00fcnkohl-Extrakt-Pulver<\/strong> wird aus dehydrierten und fein gemahlenen Gr\u00fcnkohlbl\u00e4ttern hergestellt, einem der n\u00e4hrstoffreichsten Gem\u00fcse \u00fcberhaupt. Gr\u00fcnkohl geh\u00f6rt zur Familie der Kreuzbl\u00fctler, zu der auch Brokkoli, Blumenkohl und Rosenkohl geh\u00f6ren. Zur Herstellung des Pulvers werden frische Gr\u00fcnkohlbl\u00e4tter geerntet, gewaschen und dann bei niedrigen Temperaturen schonend getrocknet, um den N\u00e4hrstoffgehalt zu erhalten. Die getrockneten Bl\u00e4tter werden dann zu einem feinen Pulver gemahlen, das die leuchtend gr\u00fcne Farbe und das N\u00e4hrstoffprofil des frischen Gr\u00fcnkohls beibeh\u00e4lt. Dieses Pulver ist biologisch, d. h. es ist frei von synthetischen Pestiziden, Herbiziden und GVO, was es zu einem sauberen und nat\u00fcrlichen Erg\u00e4nzungsmittel macht.<\/p>\n<h2><strong>Ern\u00e4hrungsphysiologische Vorteile von Gr\u00fcnkohl-Extrakt-Pulver<\/strong><\/h2>\n<p><strong>Gr\u00fcnkohl-Extrakt-Pulver<\/strong> ist ein ern\u00e4hrungsphysiologisches Kraftpaket, das eine reichhaltige Quelle an wichtigen Vitaminen, Mineralien und Antioxidantien bietet. Er ist besonders reich an den Vitaminen A, C und K. Vitamin A unterst\u00fctzt die Gesundheit der Augen und die Immunfunktion, w\u00e4hrend Vitamin C f\u00fcr die Kollagenproduktion, die Hautgesundheit und die Immunabwehr entscheidend ist. Vitamin K spielt eine wichtige Rolle f\u00fcr die Knochengesundheit und die Blutgerinnung. Au\u00dferdem ist Gr\u00fcnkohl eine gute Quelle f\u00fcr Mineralien wie Kalzium, Kalium und Magnesium, die f\u00fcr die Knochenst\u00e4rke, die Herzgesundheit und die Muskelfunktion wichtig sind.<\/p>\n<p><img decoding=\"async\" class=\"alignnone size-full wp-image-787\" src=\"http:\/\/wankonbiotech.com\/wp-content\/uploads\/2024\/08\/Kale-Extract-Powder1.jpg\" alt=\"Gr\u00fcnkohl-Extrakt-Pulver\" width=\"2500\" height=\"1667\" title=\"\" srcset=\"https:\/\/wankonbiotech.com\/wp-content\/uploads\/2024\/08\/Kale-Extract-Powder1.jpg 2500w, https:\/\/wankonbiotech.com\/wp-content\/uploads\/2024\/08\/Kale-Extract-Powder1-300x200.jpg 300w, https:\/\/wankonbiotech.com\/wp-content\/uploads\/2024\/08\/Kale-Extract-Powder1-1024x683.jpg 1024w, https:\/\/wankonbiotech.com\/wp-content\/uploads\/2024\/08\/Kale-Extract-Powder1-768x512.jpg 768w, https:\/\/wankonbiotech.com\/wp-content\/uploads\/2024\/08\/Kale-Extract-Powder1-1536x1024.jpg 1536w, https:\/\/wankonbiotech.com\/wp-content\/uploads\/2024\/08\/Kale-Extract-Powder1-2048x1366.jpg 2048w, https:\/\/wankonbiotech.com\/wp-content\/uploads\/2024\/08\/Kale-Extract-Powder1-600x400.jpg 600w\" sizes=\"(max-width: 2500px) 100vw, 2500px\" \/><\/p>\n<p>Eines der herausragenden Merkmale von <strong>Gr\u00fcnkohl-Extrakt-Pulver<\/strong> ist sein hoher Gehalt an Antioxidantien, darunter Verbindungen wie Quercetin und Kaempferol. Diese Antioxidantien helfen, oxidativen Stress zu bek\u00e4mpfen, Entz\u00fcndungen zu verringern und den K\u00f6rper vor chronischen Krankheiten zu sch\u00fctzen. Gr\u00fcnkohl ist au\u00dferdem reich an Ballaststoffen, die die Gesundheit der Verdauung unterst\u00fctzen, indem sie einen regelm\u00e4\u00dfigen Stuhlgang f\u00f6rdern und Verstopfung vorbeugen. Au\u00dferdem, <strong>Gr\u00fcnkohl-Extrakt-Pulver<\/strong> ist kalorienarm, hat aber einen hohen Wassergehalt, was es zu einer idealen Erg\u00e4nzung f\u00fcr das Gewichtsmanagement und die allgemeine Gesundheit macht.<\/p>","protected":false},"excerpt":{"rendered":"<p>Ganz gleich, ob Sie Sportler oder gesundheitsbewusster Verbraucher sind oder einfach nur Ihre N\u00e4hrstoffzufuhr verbessern wollen, <strong>Gr\u00fcnkohl-Extrakt-Pulver<\/strong> bietet eine einfache, aber wirkungsvolle M\u00f6glichkeit, Ihr allgemeines Wohlbefinden zu verbessern. Dieser Artikel befasst sich mit den Vorteilen, dem Nutzen und den Gr\u00fcnden, warum <strong>Gr\u00fcnkohl-Extrakt-Pulver<\/strong> wird zu einem unverzichtbaren Bestandteil der Kategorie der biologischen Obst- und Gem\u00fcsepulver.<\/p>","protected":false},"featured_media":785,"template":"","meta":{"_acf_changed":false},"product_brand":[],"product_cat":[37],"product_tag":[],"class_list":{"0":"post-784","1":"product","2":"type-product","3":"status-publish","4":"has-post-thumbnail","6":"product_cat-organic-fruit-and-vegetable-powder","8":"first","9":"instock","10":"shipping-taxable","11":"product-type-simple"},"acf":[],"_links":{"self":[{"href":"https:\/\/wankonbiotech.com\/de\/wp-json\/wp\/v2\/product\/784","targetHints":{"allow":["GET"]}}],"collection":[{"href":"https:\/\/wankonbiotech.com\/de\/wp-json\/wp\/v2\/product"}],"about":[{"href":"https:\/\/wankonbiotech.com\/de\/wp-json\/wp\/v2\/types\/product"}],"wp:featuredmedia":[{"embeddable":true,"href":"https:\/\/wankonbiotech.com\/de\/wp-json\/wp\/v2\/media\/785"}],"wp:attachment":[{"href":"https:\/\/wankonbiotech.com\/de\/wp-json\/wp\/v2\/media?parent=784"}],"wp:term":[{"taxonomy":"product_brand","embeddable":true,"href":"https:\/\/wankonbiotech.com\/de\/wp-json\/wp\/v2\/product_brand?post=784"},{"taxonomy":"product_cat","embeddable":true,"href":"https:\/\/wankonbiotech.com\/de\/wp-json\/wp\/v2\/product_cat?post=784"},{"taxonomy":"product_tag","embeddable":true,"href":"https:\/\/wankonbiotech.com\/de\/wp-json\/wp\/v2\/product_tag?post=784"}],"curies":[{"name":"wp","href":"https:\/\/api.w.org\/{rel}","templated":true}]}}