{"id":781,"date":"2024-08-12T13:55:43","date_gmt":"2024-08-12T13:55:43","guid":{"rendered":"http:\/\/wankonbiotech.com\/?post_type=product&#038;p=781"},"modified":"2024-08-12T13:58:58","modified_gmt":"2024-08-12T13:58:58","slug":"peanut-protein-powder-manufacturers","status":"publish","type":"product","link":"https:\/\/wankonbiotech.com\/de\/produkt-2\/hersteller-von-erdnussproteinpulver-2\/","title":{"rendered":"Erdnussproteinpulver Hersteller"},"content":{"rendered":"<table>\n<tbody>\n<tr>\n<td width=\"284\"><strong>Produktname<\/strong><\/td>\n<td width=\"284\">Erdnuss-Protein-Pulver<\/td>\n<\/tr>\n<tr>\n<td width=\"284\"><strong>Spezifikation<\/strong><\/td>\n<td width=\"284\">\u00a0Gelbes feines Pulver, charakteristischer Geruch und Geschmack, min. 50%Protein (auf Trockenbasis), wenig Zucker, wenig Fett, kein Cholesterin und hoher N\u00e4hrwert<\/td>\n<\/tr>\n<tr>\n<td width=\"284\"><strong>Bescheinigungen<\/strong><\/td>\n<td width=\"284\">\u00a0ISO22000; Halal; NON-GMO-Zertifizierung<\/td>\n<\/tr>\n<tr>\n<td width=\"284\"><strong>J\u00e4hrliche Lieferkapazit\u00e4t<\/strong><\/td>\n<td width=\"284\">\u00a0Mehr als 3000 Tonnen<\/td>\n<\/tr>\n<tr>\n<td width=\"284\"><strong>Eigenschaften<\/strong><\/td>\n<td width=\"284\">\u00a0Gute L\u00f6slichkeit; Gute Stabilit\u00e4t; Niedrige Viskosit\u00e4t; Leicht verdaulich und absorbierbar;<\/td>\n<\/tr>\n<tr>\n<td width=\"284\"><strong>Anmeldung<\/strong><\/td>\n<td width=\"284\">\u00a0Di\u00e4tetische Lebensmittel, Sportlernahrung, Gesundheitskost f\u00fcr besondere Bev\u00f6lkerungsgruppen.<\/td>\n<\/tr>\n<\/tbody>\n<\/table>\n<h2><strong>Einf\u00fchrung<\/strong><\/h2>\n<p><strong>Erdnuss-Protein-Pulver<\/strong>\u00a0ist eine Art pflanzliches Protein, das nicht durch Hitze denaturiert wird und einen hohen N\u00e4hrwert hat. Es bewahrt die N\u00e4hrstoffe in Erdn\u00fcssen vollst\u00e4ndig. Es hat einen hohen l\u00f6slichen Protein- und NSI-Wert, eine gute Wasserl\u00f6slichkeit, einen wei\u00dfen Farbton und einen leichten Geschmack sowie den einzigartigen Duft von Erdn\u00fcssen. Sein N\u00e4hrwert kann mit dem von tierischem Eiwei\u00df verglichen werden. Vitamine, Spurenelemente und Mineralien haben eine effektive Verwertungsrate von 98%, werden vom menschlichen K\u00f6rper leicht verdaut und absorbiert und enthalten weniger antinutritive Faktoren als Sojabohnen. Es ist ein nat\u00fcrliches Ern\u00e4hrungsprodukt mit wenig Zucker, wenig Fett, ohne Cholesterin und mit hohem N\u00e4hrwert.<\/p>\n<p><img fetchpriority=\"high\" decoding=\"async\" class=\"size-full wp-image-783 aligncenter\" src=\"http:\/\/wankonbiotech.com\/wp-content\/uploads\/2024\/08\/IMG_Peanuts.jpg\" alt=\"Erdnuss-Protein-Pulver\" width=\"1080\" height=\"720\" title=\"\" srcset=\"https:\/\/wankonbiotech.com\/wp-content\/uploads\/2024\/08\/IMG_Peanuts.jpg 1080w, https:\/\/wankonbiotech.com\/wp-content\/uploads\/2024\/08\/IMG_Peanuts-300x200.jpg 300w, https:\/\/wankonbiotech.com\/wp-content\/uploads\/2024\/08\/IMG_Peanuts-1024x683.jpg 1024w, https:\/\/wankonbiotech.com\/wp-content\/uploads\/2024\/08\/IMG_Peanuts-768x512.jpg 768w, https:\/\/wankonbiotech.com\/wp-content\/uploads\/2024\/08\/IMG_Peanuts-600x400.jpg 600w\" sizes=\"(max-width: 1080px) 100vw, 1080px\" \/><\/p>\n<h2><strong>Was ist Erdnuss-Protein-Pulver?<\/strong><\/h2>\n<p><strong>Erdnuss-Protein-Pulver<\/strong> wird aus rohen oder ger\u00f6steten Erdn\u00fcssen hergestellt, die gepresst werden, um den gr\u00f6\u00dften Teil des \u00d6ls zu entfernen, und dann zu einem feinen Pulver gemahlen werden. Das Ergebnis ist ein proteinreiches Produkt, das den reichhaltigen, nussigen Geschmack von Erdn\u00fcssen beibeh\u00e4lt und gleichzeitig wenig Fett und Kohlenhydrate enth\u00e4lt. Dieses Proteinpulver ist von Natur aus glutenfrei und kann in einer Vielzahl von kulinarischen Anwendungen verwendet werden, von Smoothies und Shakes bis hin zum Backen und Kochen. <strong>Erdnuss-Protein-Pulver<\/strong> ist eine hervorragende Quelle f\u00fcr pflanzliches Eiwei\u00df mit einem ausgewogenen Aminos\u00e4ureprofil, das die Muskelreparatur und die allgemeine Gesundheit unterst\u00fctzt.<\/p>\n<h2><strong>Ern\u00e4hrungsphysiologische Vorteile von Erdnuss-Protein-Pulver<\/strong><\/h2>\n<p><strong>Erdnuss-Protein-Pulver<\/strong> ist ein n\u00e4hrstoffreiches Nahrungserg\u00e4nzungsmittel mit einem hohen Proteingehalt von 40-50% nach Gewicht, je nach Verarbeitungsmethode. Dies macht es zu einer ausgezeichneten Proteinquelle f\u00fcr Veganer, Vegetarier und alle, die ihre Proteinzufuhr erh\u00f6hen m\u00f6chten, ohne auf tierische Produkte zur\u00fcckzugreifen. Neben Eiwei\u00df ist Erdnusspulver reich an essenziellen Vitaminen und Mineralien, darunter Magnesium, Phosphor und B-Vitamine, die die Energieproduktion, die Knochengesundheit und die allgemeine Vitalit\u00e4t unterst\u00fctzen.<\/p>\n<p>Erdn\u00fcsse sind auch f\u00fcr ihre gesunden Fette bekannt, insbesondere die einfach und mehrfach unges\u00e4ttigten Fette, die zur Gesundheit des Herzens beitragen, indem sie den schlechten Cholesterinspiegel senken. <strong>Erdnuss-Protein-Pulver<\/strong> enth\u00e4lt einen Teil dieser gesunden Fette und ist damit eine ausgewogene Nahrungsquelle. Dar\u00fcber hinaus sind Erdn\u00fcsse eine gute Quelle f\u00fcr Ballaststoffe, die die Verdauung f\u00f6rdern und das S\u00e4ttigungsgef\u00fchl aufrechterhalten, wodurch es einfacher wird, das Gewicht zu kontrollieren. <a href=\"http:\/\/wankonbiotech.com\/de\/produkt-kategorie\/bio-protein-auf-pflanzenbasis\/\">Bio-Protein auf Pflanzenbasis<\/a> Kategorie.<\/p>","protected":false},"excerpt":{"rendered":"<p><strong>Erdnuss-Protein-Pulver<\/strong> wird aus rohen oder ger\u00f6steten Erdn\u00fcssen hergestellt, die gepresst werden, um den gr\u00f6\u00dften Teil des \u00d6ls zu entfernen, und dann zu einem feinen Pulver gemahlen werden. Das Ergebnis ist ein proteinreiches Produkt, das den reichhaltigen, nussigen Geschmack von Erdn\u00fcssen beibeh\u00e4lt und gleichzeitig wenig Fett und Kohlenhydrate enth\u00e4lt. Dieses Proteinpulver ist von Natur aus glutenfrei und kann in einer Vielzahl von kulinarischen Anwendungen verwendet werden, von Smoothies und Shakes bis hin zum Backen und Kochen. <strong>Erdnuss-Protein-Pulver<\/strong> ist eine hervorragende Quelle f\u00fcr pflanzliches Eiwei\u00df mit einem ausgewogenen Aminos\u00e4ureprofil, das die Muskelreparatur und die allgemeine Gesundheit unterst\u00fctzt.<\/p>","protected":false},"featured_media":782,"template":"","meta":{"_acf_changed":false},"product_brand":[],"product_cat":[39],"product_tag":[],"class_list":{"0":"post-781","1":"product","2":"type-product","3":"status-publish","4":"has-post-thumbnail","6":"product_cat-organic-plant-based-protein","8":"first","9":"instock","10":"shipping-taxable","11":"product-type-simple"},"acf":[],"_links":{"self":[{"href":"https:\/\/wankonbiotech.com\/de\/wp-json\/wp\/v2\/product\/781","targetHints":{"allow":["GET"]}}],"collection":[{"href":"https:\/\/wankonbiotech.com\/de\/wp-json\/wp\/v2\/product"}],"about":[{"href":"https:\/\/wankonbiotech.com\/de\/wp-json\/wp\/v2\/types\/product"}],"wp:featuredmedia":[{"embeddable":true,"href":"https:\/\/wankonbiotech.com\/de\/wp-json\/wp\/v2\/media\/782"}],"wp:attachment":[{"href":"https:\/\/wankonbiotech.com\/de\/wp-json\/wp\/v2\/media?parent=781"}],"wp:term":[{"taxonomy":"product_brand","embeddable":true,"href":"https:\/\/wankonbiotech.com\/de\/wp-json\/wp\/v2\/product_brand?post=781"},{"taxonomy":"product_cat","embeddable":true,"href":"https:\/\/wankonbiotech.com\/de\/wp-json\/wp\/v2\/product_cat?post=781"},{"taxonomy":"product_tag","embeddable":true,"href":"https:\/\/wankonbiotech.com\/de\/wp-json\/wp\/v2\/product_tag?post=781"}],"curies":[{"name":"wp","href":"https:\/\/api.w.org\/{rel}","templated":true}]}}