{"id":775,"date":"2024-08-12T05:39:30","date_gmt":"2024-08-12T05:39:30","guid":{"rendered":"http:\/\/wankonbiotech.com\/?post_type=product&#038;p=775"},"modified":"2024-08-12T05:39:30","modified_gmt":"2024-08-12T05:39:30","slug":"high-quality-instant-oat-protein-powder-oat-extract-oat-beta-glucan-powder","status":"publish","type":"product","link":"https:\/\/wankonbiotech.com\/de\/produkt-2\/hochwertiges-instant-haferproteinpulver-haferextrakt-hafer-beta-glucan-pulver-2\/","title":{"rendered":"Hochwertiges Instant-Haferprotein-Pulver Haferextrakt Hafer-Beta-Glucan-Pulver"},"content":{"rendered":"<table>\n<tbody>\n<tr>\n<td width=\"284\"><strong>Lateinischer Name<\/strong><\/td>\n<td width=\"284\">\u00a0Avena sativa L.<\/td>\n<\/tr>\n<tr>\n<td width=\"284\"><strong>Erscheinungsbild<\/strong><\/td>\n<td width=\"284\">\u00a0Off-White Feines Puder<\/td>\n<\/tr>\n<tr>\n<td width=\"284\"><strong>Spezifikation<\/strong><\/td>\n<td width=\"284\">50%~80%<\/td>\n<\/tr>\n<\/tbody>\n<\/table>\n<h2><strong>Einf\u00fchrung<\/strong><\/h2>\n<p>Hafer ist das einzige Getreide, das ein Globulin oder h\u00fclsenfrucht\u00e4hnliches Protein, Avenalin, als wichtigstes (80%) Speicherprotein enth\u00e4lt.\u00a0<strong>Haferprotein-Pulver<\/strong>\u00a0ist ein nat\u00fcrliches, einzigartiges pflanzliches Proteinkonzentrat auf der Basis von chinesischem, nicht gentechnisch ver\u00e4ndertem Hafer, das den Herstellern hilft, die schnell wachsende Verbrauchernachfrage nach nahrhaften, proteinangereicherten Lebensmitteln und Nahrungserg\u00e4nzungsmitteln zu erf\u00fcllen. Es ist veganerfreundlich, schmeckt gut und ist eine hervorragende Alternative zu anderen Milch- und Pflanzenproteinquellen. All dies macht es zu einer idealen Zutat f\u00fcr die Erh\u00f6hung des Proteingehalts in einer Vielzahl von Produkten. Es ist qualitativ nahezu gleichwertig mit Sojaprotein, das nach Untersuchungen der Weltgesundheitsorganisation Fleisch-, Milch- und Eiprotein gleichwertig ist.<\/p>\n<p><img fetchpriority=\"high\" decoding=\"async\" class=\"wp-image-777 size-large aligncenter\" src=\"http:\/\/wankonbiotech.com\/wp-content\/uploads\/2024\/08\/Oat-Protein-Powder-1024x683.webp\" alt=\"Haferprotein-Pulver\" width=\"1024\" height=\"683\" title=\"\" srcset=\"https:\/\/wankonbiotech.com\/wp-content\/uploads\/2024\/08\/Oat-Protein-Powder-1024x683.webp 1024w, https:\/\/wankonbiotech.com\/wp-content\/uploads\/2024\/08\/Oat-Protein-Powder-300x200.webp 300w, https:\/\/wankonbiotech.com\/wp-content\/uploads\/2024\/08\/Oat-Protein-Powder-768x512.webp 768w, https:\/\/wankonbiotech.com\/wp-content\/uploads\/2024\/08\/Oat-Protein-Powder-1536x1024.webp 1536w, https:\/\/wankonbiotech.com\/wp-content\/uploads\/2024\/08\/Oat-Protein-Powder-2048x1366.webp 2048w, https:\/\/wankonbiotech.com\/wp-content\/uploads\/2024\/08\/Oat-Protein-Powder-600x400.webp 600w\" sizes=\"(max-width: 1024px) 100vw, 1024px\" \/><\/p>\n<h2><strong>Was ist Haferprotein-Pulver?<\/strong><\/h2>\n<p><strong>Haferprotein-Pulver<\/strong> wird aus ganzem Hafer gewonnen, einem Getreide, das f\u00fcr seinen hohen Ballaststoffgehalt und seine herzgesunden Vorteile bekannt ist. Das Protein wird aus dem Hafer durch ein Verfahren extrahiert, bei dem das Protein von der St\u00e4rke und den Ballaststoffen getrennt wird, so dass ein feines Pulver entsteht, das reich an Protein und wichtigen N\u00e4hrstoffen ist. Dieses Proteinpulver ist von Natur aus glutenfrei und hypoallergen, was es zu einer ausgezeichneten Option f\u00fcr Personen mit Nahrungsmittelunvertr\u00e4glichkeiten oder f\u00fcr diejenigen macht, die eine glutenfreie Di\u00e4t einhalten. <strong>Haferprotein-Pulver<\/strong> bietet ein vollst\u00e4ndiges Aminos\u00e4urenprofil und ist damit eine wertvolle Erg\u00e4nzung zu einer ausgewogenen Ern\u00e4hrung.<\/p>\n<h2><strong>Ern\u00e4hrungsphysiologische Vorteile von Haferproteinpulver<\/strong><\/h2>\n<p><strong>Haferprotein-Pulver<\/strong> ist ein ern\u00e4hrungsphysiologisches Kraftpaket und bietet eine reichhaltige Proteinquelle, die f\u00fcr die Muskelreparatur, das Wachstum und die allgemeine K\u00f6rperfunktion unerl\u00e4sslich ist. Jede Portion enth\u00e4lt in der Regel etwa 50-60% Protein nach Gewicht, je nach Verarbeitungsmethode. Neben Eiwei\u00df ist Haferprotein reich an Ballaststoffen, insbesondere an Beta-Glucan, das f\u00fcr seine F\u00e4higkeit bekannt ist, den Cholesterinspiegel zu senken und die Herzgesundheit zu unterst\u00fctzen. Dies macht <strong>Haferprotein-Pulver<\/strong> nicht nur eine Proteinquelle, sondern auch eine funktionelle Lebensmittelzutat mit zus\u00e4tzlichen gesundheitlichen Vorteilen.<\/p>\n<p><img decoding=\"async\" class=\"alignnone wp-image-778 size-full\" src=\"http:\/\/wankonbiotech.com\/wp-content\/uploads\/2024\/08\/Oat-Protein-Powder.jpg\" alt=\"Haferprotein-Pulver\" width=\"1600\" height=\"896\" title=\"\" srcset=\"https:\/\/wankonbiotech.com\/wp-content\/uploads\/2024\/08\/Oat-Protein-Powder.jpg 1600w, https:\/\/wankonbiotech.com\/wp-content\/uploads\/2024\/08\/Oat-Protein-Powder-300x168.jpg 300w, https:\/\/wankonbiotech.com\/wp-content\/uploads\/2024\/08\/Oat-Protein-Powder-1024x573.jpg 1024w, https:\/\/wankonbiotech.com\/wp-content\/uploads\/2024\/08\/Oat-Protein-Powder-768x430.jpg 768w, https:\/\/wankonbiotech.com\/wp-content\/uploads\/2024\/08\/Oat-Protein-Powder-1536x860.jpg 1536w, https:\/\/wankonbiotech.com\/wp-content\/uploads\/2024\/08\/Oat-Protein-Powder-600x336.jpg 600w\" sizes=\"(max-width: 1600px) 100vw, 1600px\" \/><\/p>\n<p>Au\u00dferdem, <strong>Haferprotein-Pulver<\/strong> ist vollgepackt mit wichtigen Vitaminen und Mineralien, darunter Eisen, Magnesium und Phosphor, die die Energieproduktion, die Knochengesundheit und die allgemeine Vitalit\u00e4t unterst\u00fctzen. Das Vorhandensein von Antioxidantien im Hafer, wie z. B. Avenanthramide, verbessert das N\u00e4hrwertprofil dieses Proteinpulvers weiter und bietet entz\u00fcndungshemmende und immunst\u00e4rkende Eigenschaften.<\/p>","protected":false},"excerpt":{"rendered":"<p><strong>Haferprotein-Pulver<\/strong> ist vollgepackt mit wichtigen Vitaminen und Mineralien, darunter Eisen, Magnesium und Phosphor, die die Energieproduktion, die Knochengesundheit und die allgemeine Vitalit\u00e4t unterst\u00fctzen. Das Vorhandensein von Antioxidantien im Hafer, wie z. B. Avenanthramide, verbessert das N\u00e4hrwertprofil dieses Proteinpulvers weiter und bietet entz\u00fcndungshemmende und immunst\u00e4rkende Eigenschaften.<\/p>","protected":false},"featured_media":776,"template":"","meta":{"_acf_changed":false},"product_brand":[],"product_cat":[39],"product_tag":[],"class_list":{"0":"post-775","1":"product","2":"type-product","3":"status-publish","4":"has-post-thumbnail","6":"product_cat-organic-plant-based-protein","8":"first","9":"instock","10":"shipping-taxable","11":"product-type-simple"},"acf":[],"_links":{"self":[{"href":"https:\/\/wankonbiotech.com\/de\/wp-json\/wp\/v2\/product\/775","targetHints":{"allow":["GET"]}}],"collection":[{"href":"https:\/\/wankonbiotech.com\/de\/wp-json\/wp\/v2\/product"}],"about":[{"href":"https:\/\/wankonbiotech.com\/de\/wp-json\/wp\/v2\/types\/product"}],"wp:featuredmedia":[{"embeddable":true,"href":"https:\/\/wankonbiotech.com\/de\/wp-json\/wp\/v2\/media\/776"}],"wp:attachment":[{"href":"https:\/\/wankonbiotech.com\/de\/wp-json\/wp\/v2\/media?parent=775"}],"wp:term":[{"taxonomy":"product_brand","embeddable":true,"href":"https:\/\/wankonbiotech.com\/de\/wp-json\/wp\/v2\/product_brand?post=775"},{"taxonomy":"product_cat","embeddable":true,"href":"https:\/\/wankonbiotech.com\/de\/wp-json\/wp\/v2\/product_cat?post=775"},{"taxonomy":"product_tag","embeddable":true,"href":"https:\/\/wankonbiotech.com\/de\/wp-json\/wp\/v2\/product_tag?post=775"}],"curies":[{"name":"wp","href":"https:\/\/api.w.org\/{rel}","templated":true}]}}