{"id":770,"date":"2024-08-11T06:14:11","date_gmt":"2024-08-11T06:14:11","guid":{"rendered":"http:\/\/wankonbiotech.com\/?post_type=product&#038;p=770"},"modified":"2024-08-12T16:40:02","modified_gmt":"2024-08-12T16:40:02","slug":"vegan-potato-protein-powder-manufacturers","status":"publish","type":"product","link":"https:\/\/wankonbiotech.com\/de\/produkt-2\/hersteller-von-veganem-kartoffeleiweispulver\/","title":{"rendered":"Veganes Kartoffeleiwei\u00dfpulver Hersteller"},"content":{"rendered":"<table>\n<tbody>\n<tr>\n<td width=\"218\"><strong>Lateinischer Name<\/strong><\/td>\n<td width=\"218\">\u00a0Solanum tuberosum L.<\/td>\n<\/tr>\n<tr>\n<td width=\"218\"><strong>Spezifikation<\/strong><\/td>\n<td width=\"218\">70%~85%, 100%Pass80Mesh,Off-white Fine Powder<\/td>\n<\/tr>\n<tr>\n<td width=\"218\"><strong>Bescheinigungen<\/strong><\/td>\n<td width=\"218\">\u00a0ISO22000; Halal; NON-GMO-Zertifizierung<\/td>\n<\/tr>\n<\/tbody>\n<\/table>\n<h3><strong>Einf\u00fchrung<\/strong><\/h3>\n<p><strong>Veganes Kartoffeleiwei\u00df<\/strong><strong>\u00a0Pulver<\/strong>\u00a0ist reich an Eiwei\u00df, Rohfaser und Kohlenhydraten und liefert N\u00e4hrstoffe f\u00fcr den Menschen. Bio-Kartoffelprotein enth\u00e4lt eine Menge von Stick K\u00f6rperprotein, Kleben K\u00f6rperprotein ist eine Mischung aus mehr als eine Art von Glykoproteinen, die das Herz-Kreislauf-System von Fettablagerungen zu verhindern, halten die Elastizit\u00e4t der Arterien, atheromat\u00f6se vorzeitig zu verhindern, kann auch verhindern, Atrophie des Bindegewebes in der Leber und Niere, halten die Atemwege und Verdauungstrakt Schmierung. Pr\u00e4vention und Kontrolle von Kartoffelprotein und S\u00fc\u00dfkartoffelprotein k\u00f6nnen Kollagen-Gef\u00e4\u00dferkrankungen.<\/p>\n<p><img fetchpriority=\"high\" decoding=\"async\" class=\"size-full wp-image-772 aligncenter\" src=\"http:\/\/wankonbiotech.com\/wp-content\/uploads\/2024\/08\/potatoes.jpg\" alt=\"Veganes Kartoffel-Protein-Pulver\" width=\"1200\" height=\"800\" title=\"\" srcset=\"https:\/\/wankonbiotech.com\/wp-content\/uploads\/2024\/08\/potatoes.jpg 1200w, https:\/\/wankonbiotech.com\/wp-content\/uploads\/2024\/08\/potatoes-300x200.jpg 300w, https:\/\/wankonbiotech.com\/wp-content\/uploads\/2024\/08\/potatoes-1024x683.jpg 1024w, https:\/\/wankonbiotech.com\/wp-content\/uploads\/2024\/08\/potatoes-768x512.jpg 768w, https:\/\/wankonbiotech.com\/wp-content\/uploads\/2024\/08\/potatoes-600x400.jpg 600w\" sizes=\"(max-width: 1200px) 100vw, 1200px\" \/><\/p>\n<p>Kartoffelproteinpulver ist ein wertvolles Gesundheitsmittel f\u00fcr \u00e4ltere Menschen und hat eine wichtige physiologische Funktion in der Gesundheitsvorsorge. Kartoffelprotein eignet sich f\u00fcr die Verwendung in einer Vielzahl von hochwertigen Tierfutteranwendungen, wie z. B. Futter f\u00fcr Jungtiere, Ferkel und K\u00e4lber sowie Gefl\u00fcgelfutter und Haustierfutter.<\/p>\n<p><strong>Was ist veganes Kartoffeleiwei\u00dfpulver?<\/strong><\/p>\n<p><strong>Veganes Kartoffel-Protein-Pulver<\/strong> wird durch Extraktion von Eiwei\u00df aus Kartoffeln, insbesondere aus dem Saft wei\u00dfer oder gelber Kartoffeln, hergestellt. Bei diesem Verfahren wird das Protein durch eine Reihe von Filtrationsschritten isoliert, wodurch ein feines, geschmacksneutrales Pulver entsteht. Dieses Pulver ist reich an essenziellen Aminos\u00e4uren und damit eine hervorragende Quelle f\u00fcr pflanzliches Eiwei\u00df f\u00fcr Veganer, Vegetarier und alle, die nachhaltigere Eiwei\u00dfquellen in ihre Ern\u00e4hrung einbeziehen m\u00f6chten. Im Gegensatz zu anderen pflanzlichen Proteinen ist Kartoffelprotein leicht verdaulich und frei von g\u00e4ngigen Allergenen, so dass es f\u00fcr eine breite Palette von Ern\u00e4hrungsbed\u00fcrfnissen geeignet ist.<\/p>\n<p><strong>Ern\u00e4hrungsphysiologische Vorteile von veganem Kartoffeleiwei\u00dfpulver<\/strong><\/p>\n<p><strong>Veganes Kartoffel-Protein-Pulver<\/strong> ist sehr nahrhaft und bietet ein vollst\u00e4ndiges Aminos\u00e4ureprofil, das alle neun vom menschlichen K\u00f6rper ben\u00f6tigten essenziellen Aminos\u00e4uren enth\u00e4lt. Damit unterscheidet es sich von vielen anderen pflanzlichen Proteinen, die oft mit anderen Proteinquellen kombiniert werden m\u00fcssen, um eine vollst\u00e4ndige Ern\u00e4hrung zu gew\u00e4hrleisten. Jede Portion von <strong>Veganes Kartoffel-Protein-Pulver<\/strong> enth\u00e4lt in der Regel etwa 80-90% Protein nach Gewicht, was es zu einer hochkonzentrierten Proteinquelle macht. Au\u00dferdem ist Kartoffeleiwei\u00df fett- und kohlenhydratarm und damit ideal f\u00fcr kalorienreduzierte oder kohlenhydratarme Di\u00e4ten.<\/p>","protected":false},"excerpt":{"rendered":"<p><strong>Veganes Kartoffeleiwei\u00df<\/strong><strong>\u00a0Pulver<\/strong>\u00a0ist reich an Eiwei\u00df, Rohfaser und Kohlenhydraten und liefert N\u00e4hrstoffe f\u00fcr den Menschen. Bio-Kartoffelprotein enth\u00e4lt eine Menge von Stick K\u00f6rperprotein, Kleben K\u00f6rperprotein ist eine Mischung aus mehr als eine Art von Glykoproteinen, die das Herz-Kreislauf-System von Fettablagerungen zu verhindern, halten die Elastizit\u00e4t der Arterien, atheromat\u00f6se vorzeitig zu verhindern, kann auch verhindern, Atrophie des Bindegewebes in der Leber und Niere, halten die Atemwege und Verdauungstrakt Schmierung. Pr\u00e4vention und Kontrolle von Kartoffelprotein und S\u00fc\u00dfkartoffelprotein k\u00f6nnen Kollagen-Gef\u00e4\u00dferkrankungen.<\/p>","protected":false},"featured_media":771,"template":"","meta":{"_acf_changed":false},"product_brand":[],"product_cat":[39],"product_tag":[],"class_list":{"0":"post-770","1":"product","2":"type-product","3":"status-publish","4":"has-post-thumbnail","6":"product_cat-organic-plant-based-protein","8":"first","9":"instock","10":"shipping-taxable","11":"product-type-simple"},"acf":[],"_links":{"self":[{"href":"https:\/\/wankonbiotech.com\/de\/wp-json\/wp\/v2\/product\/770","targetHints":{"allow":["GET"]}}],"collection":[{"href":"https:\/\/wankonbiotech.com\/de\/wp-json\/wp\/v2\/product"}],"about":[{"href":"https:\/\/wankonbiotech.com\/de\/wp-json\/wp\/v2\/types\/product"}],"wp:featuredmedia":[{"embeddable":true,"href":"https:\/\/wankonbiotech.com\/de\/wp-json\/wp\/v2\/media\/771"}],"wp:attachment":[{"href":"https:\/\/wankonbiotech.com\/de\/wp-json\/wp\/v2\/media?parent=770"}],"wp:term":[{"taxonomy":"product_brand","embeddable":true,"href":"https:\/\/wankonbiotech.com\/de\/wp-json\/wp\/v2\/product_brand?post=770"},{"taxonomy":"product_cat","embeddable":true,"href":"https:\/\/wankonbiotech.com\/de\/wp-json\/wp\/v2\/product_cat?post=770"},{"taxonomy":"product_tag","embeddable":true,"href":"https:\/\/wankonbiotech.com\/de\/wp-json\/wp\/v2\/product_tag?post=770"}],"curies":[{"name":"wp","href":"https:\/\/api.w.org\/{rel}","templated":true}]}}