{"id":751,"date":"2024-08-10T15:44:27","date_gmt":"2024-08-10T15:44:27","guid":{"rendered":"http:\/\/wankonbiotech.com\/?post_type=product&#038;p=751"},"modified":"2024-08-11T04:47:02","modified_gmt":"2024-08-11T04:47:02","slug":"mankai-duckweed-powder","status":"publish","type":"product","link":"https:\/\/wankonbiotech.com\/de\/produkt-2\/mankai-entengrutze-pulver-2\/","title":{"rendered":"Mankai Entengr\u00fctze-Pulver"},"content":{"rendered":"<table>\n<tbody>\n<tr>\n<td colspan=\"1\" rowspan=\"1\"><strong>Produktname<\/strong><\/td>\n<td colspan=\"1\" rowspan=\"1\">Wasserlinsen-Pulver<\/td>\n<\/tr>\n<tr>\n<td colspan=\"1\" rowspan=\"1\"><strong>Erscheinungsbild<\/strong><\/td>\n<td colspan=\"1\" rowspan=\"1\">Feines Pulver<\/td>\n<\/tr>\n<tr>\n<td colspan=\"1\" rowspan=\"1\"><strong>Klasse<\/strong><\/td>\n<td colspan=\"1\" rowspan=\"1\">Kosmetische Qualit\u00e4t\/Medizinische Qualit\u00e4t\/Lebensmittelqualit\u00e4t<\/td>\n<\/tr>\n<tr>\n<td colspan=\"1\" rowspan=\"1\"><strong>Verwendeter Pflanzenteil<\/strong><\/td>\n<td colspan=\"1\" rowspan=\"1\">Lemna minor L. ganzes Kraut<\/td>\n<\/tr>\n<tr>\n<td colspan=\"1\" rowspan=\"1\"><strong>Spezifikation<\/strong><\/td>\n<td colspan=\"1\" rowspan=\"1\">Kapsel; reines Pulver<\/td>\n<\/tr>\n<tr>\n<td colspan=\"1\" rowspan=\"1\"><strong>Reinheit<\/strong><\/td>\n<td colspan=\"1\" rowspan=\"1\">99%<\/td>\n<\/tr>\n<\/tbody>\n<\/table>\n<h2><strong>Einf\u00fchrung<\/strong><\/h2>\n<p><strong>Mankai Entengr\u00fctze-Pulver\u00a0<\/strong>ist<strong>\u00a0<\/strong>aus einer speziellen Wasserlinse, auch Entengr\u00fctze genannt, hergestellt\u00a0<strong>Kleiner Leimkraut<\/strong>,\u00a0<strong>Wasserlinse<\/strong>,\u00a0<strong>LENTEIN<\/strong>und\u00a0<strong>Mann kai<\/strong>Sie ist eine Wasserpflanze, die auf der Wasseroberfl\u00e4che lebt. Sie sind kleine bl\u00fchende Wasserpflanzen, die in warmem S\u00fc\u00dfwasser wachsen und zur Familie der Lemna- und Wolffia- oder Wasserlinsengew\u00e4chse geh\u00f6ren. Denjenigen, die das Privileg hatten, die rohe Form von Wasserlinsen in die H\u00e4nde zu bekommen, zufolge schmecken sie \u00e4hnlich wie normale Linsen (sie haben einen s\u00fc\u00dfen und milden Geschmack), wachsen aber in n\u00e4hrstoffreichem Wasser und nicht im Boden.<\/p>\n<p><img fetchpriority=\"high\" decoding=\"async\" class=\"wp-image-753 size-full aligncenter\" src=\"http:\/\/wankonbiotech.com\/wp-content\/uploads\/2024\/08\/Mankai-Duckweed-superfood-GettyImages-1330156251-225893cb25d044c89b187173cd254cdd.jpg\" alt=\"Mankai Duckweed Powder in einer Schale, umgeben von Wasserlinsenpflanzen.\" width=\"1500\" height=\"1000\" title=\"\" srcset=\"https:\/\/wankonbiotech.com\/wp-content\/uploads\/2024\/08\/Mankai-Duckweed-superfood-GettyImages-1330156251-225893cb25d044c89b187173cd254cdd.jpg 1500w, https:\/\/wankonbiotech.com\/wp-content\/uploads\/2024\/08\/Mankai-Duckweed-superfood-GettyImages-1330156251-225893cb25d044c89b187173cd254cdd-300x200.jpg 300w, https:\/\/wankonbiotech.com\/wp-content\/uploads\/2024\/08\/Mankai-Duckweed-superfood-GettyImages-1330156251-225893cb25d044c89b187173cd254cdd-1024x683.jpg 1024w, https:\/\/wankonbiotech.com\/wp-content\/uploads\/2024\/08\/Mankai-Duckweed-superfood-GettyImages-1330156251-225893cb25d044c89b187173cd254cdd-768x512.jpg 768w, https:\/\/wankonbiotech.com\/wp-content\/uploads\/2024\/08\/Mankai-Duckweed-superfood-GettyImages-1330156251-225893cb25d044c89b187173cd254cdd-600x400.jpg 600w, https:\/\/wankonbiotech.com\/wp-content\/uploads\/2024\/08\/elementor\/thumbs\/Mankai-Duckweed-superfood-GettyImages-1330156251-225893cb25d044c89b187173cd254cdd-qsesa5tgp5gq6j2r2m4ugvxnmzgbwgslqrajhrgb2g.jpg 750w\" sizes=\"(max-width: 1500px) 100vw, 1500px\" \/><\/p>\n<h2><strong>Was ist Mankai Entengr\u00fctze-Pulver?<\/strong><\/h2>\n<p>Mankai Duckweed Powder wird aus der Mankai-Sorte von Wasserlinsen gewonnen, einer kleinen, gr\u00fcnen Wasserpflanze, die auf der Wasseroberfl\u00e4che w\u00e4chst. Die oft auch als \"Wasserlinsen\" bezeichnete Wasserlinse ist f\u00fcr ihr schnelles Wachstum und ihren hohen Proteingehalt bekannt. Insbesondere die Mankai-Sorte ist f\u00fcr ihr hervorragendes N\u00e4hrwertprofil bekannt. Zur Herstellung von Mankai Entengr\u00fctze Pulver werden die Pflanzen geerntet, getrocknet und zu einem feinen Pulver gemahlen, das sich leicht in verschiedene Lebensmittel und Getr\u00e4nke einarbeiten l\u00e4sst. Dieses Pulver ist reich an Proteinen, essentiellen Aminos\u00e4uren, Vitaminen, Mineralien und Ballaststoffen und stellt somit eine umfassende und sehr nahrhafte Erg\u00e4nzung dar.<\/p>\n<h2><strong>Ern\u00e4hrungsphysiologische Vorteile von Mankai-Entengras-Pulver<\/strong><\/h2>\n<p>Mankai Entengr\u00fctze Pulver ist ein ern\u00e4hrungsphysiologisches Kraftpaket und bietet eine reichhaltige Quelle f\u00fcr pflanzliches Protein, das mit tierischen Quellen vergleichbar ist. Jede Portion liefert typischerweise etwa 45-50% Eiwei\u00df sowie ein vollst\u00e4ndiges Aminos\u00e4ureprofil, einschlie\u00dflich aller neun essentiellen Aminos\u00e4uren, die der K\u00f6rper nicht selbst herstellen kann. Dies macht es zu einer ausgezeichneten Proteinquelle f\u00fcr Veganer, Vegetarier und alle, die ihre Abh\u00e4ngigkeit von tierischen Produkten reduzieren m\u00f6chten.<\/p>\n<p>Neben Eiwei\u00df enth\u00e4lt das Mankai Entengr\u00fctze-Pulver auch wichtige N\u00e4hrstoffe wie Eisen, Vitamin B12 und Omega-3-Fetts\u00e4uren. Besonders erw\u00e4hnenswert ist das Vorhandensein von Vitamin B12, das in pflanzlichen Lebensmitteln selten vorkommt und f\u00fcr die Funktion der Nerven und die Produktion von DNA und roten Blutk\u00f6rperchen unerl\u00e4sslich ist. Omega-3-Fetts\u00e4uren unterst\u00fctzen die Gesundheit des Herzens, reduzieren Entz\u00fcndungen und spielen eine Rolle bei der Gehirnfunktion. Mankai Entengr\u00fctze Pulver ist auch eine gute Quelle f\u00fcr Antioxidantien, die den K\u00f6rper vor oxidativem Stress sch\u00fctzen und die allgemeine Gesundheit unterst\u00fctzen.<\/p>","protected":false},"excerpt":{"rendered":"<p>Mankai Entengr\u00fctze Pulver ist ein ern\u00e4hrungsphysiologisches Kraftpaket und bietet eine reichhaltige Quelle f\u00fcr pflanzliches Protein, das mit tierischen Quellen vergleichbar ist. Jede Portion liefert typischerweise etwa 45-50% Eiwei\u00df sowie ein vollst\u00e4ndiges Aminos\u00e4ureprofil, einschlie\u00dflich aller neun essentiellen Aminos\u00e4uren, die der K\u00f6rper nicht selbst herstellen kann. Dies macht es zu einer ausgezeichneten Proteinquelle f\u00fcr Veganer, Vegetarier und alle, die ihre Abh\u00e4ngigkeit von tierischen Produkten reduzieren m\u00f6chten.<\/p>","protected":false},"featured_media":752,"template":"","meta":{"_acf_changed":false},"product_brand":[],"product_cat":[39],"product_tag":[],"class_list":{"0":"post-751","1":"product","2":"type-product","3":"status-publish","4":"has-post-thumbnail","6":"product_cat-organic-plant-based-protein","8":"first","9":"instock","10":"shipping-taxable","11":"product-type-simple"},"acf":[],"_links":{"self":[{"href":"https:\/\/wankonbiotech.com\/de\/wp-json\/wp\/v2\/product\/751","targetHints":{"allow":["GET"]}}],"collection":[{"href":"https:\/\/wankonbiotech.com\/de\/wp-json\/wp\/v2\/product"}],"about":[{"href":"https:\/\/wankonbiotech.com\/de\/wp-json\/wp\/v2\/types\/product"}],"wp:featuredmedia":[{"embeddable":true,"href":"https:\/\/wankonbiotech.com\/de\/wp-json\/wp\/v2\/media\/752"}],"wp:attachment":[{"href":"https:\/\/wankonbiotech.com\/de\/wp-json\/wp\/v2\/media?parent=751"}],"wp:term":[{"taxonomy":"product_brand","embeddable":true,"href":"https:\/\/wankonbiotech.com\/de\/wp-json\/wp\/v2\/product_brand?post=751"},{"taxonomy":"product_cat","embeddable":true,"href":"https:\/\/wankonbiotech.com\/de\/wp-json\/wp\/v2\/product_cat?post=751"},{"taxonomy":"product_tag","embeddable":true,"href":"https:\/\/wankonbiotech.com\/de\/wp-json\/wp\/v2\/product_tag?post=751"}],"curies":[{"name":"wp","href":"https:\/\/api.w.org\/{rel}","templated":true}]}}