{"id":747,"date":"2024-08-10T15:31:11","date_gmt":"2024-08-10T15:31:11","guid":{"rendered":"http:\/\/wankonbiotech.com\/?post_type=product&#038;p=747"},"modified":"2024-08-11T04:47:25","modified_gmt":"2024-08-11T04:47:25","slug":"factory-wholesale-quinoa-protein-powder-80-quinoa-powder","status":"publish","type":"product","link":"https:\/\/wankonbiotech.com\/de\/produkt-2\/fabrik-groshandel-quinoa-protein-pulver-80-quinoa-pulver-2\/","title":{"rendered":"Fabrik Gro\u00dfhandel Quinoa Protein Pulver 80% Quinoa Pulver"},"content":{"rendered":"<table>\n<tbody>\n<tr>\n<td><strong>Produktname<\/strong><\/td>\n<td>Quinoa-Protein-Pulver<\/td>\n<\/tr>\n<tr>\n<td><strong>Modell<\/strong><\/td>\n<td>80%<\/td>\n<\/tr>\n<tr>\n<td><strong>Erscheinungsbild<\/strong><\/td>\n<td>Hellgelbe Farbe<\/td>\n<\/tr>\n<tr>\n<td><strong>Gebrauchtes Teil<\/strong><\/td>\n<td>Quinoa-Samen<\/td>\n<\/tr>\n<tr>\n<td><strong>Formular<\/strong><\/td>\n<td>Pulver<\/td>\n<\/tr>\n<tr>\n<td><strong>Produktionstechnik<\/strong><\/td>\n<td>Spr\u00fchgetrocknet<\/td>\n<\/tr>\n<tr>\n<td><strong>Klasse<\/strong><\/td>\n<td>Lebensmittel-Inhaltsstoffe<\/td>\n<\/tr>\n<tr>\n<td><strong>Lagerung<\/strong><\/td>\n<td>unter guten Lagerungsbedingungen und vor direkter Sonneneinstrahlung gesch\u00fctzt gelagert<\/td>\n<\/tr>\n<tr>\n<td><strong>Haltbarkeitsdauer<\/strong><\/td>\n<td>2 Jahre<\/td>\n<\/tr>\n<tr>\n<td><strong>Lieferfrist<\/strong><\/td>\n<td>1-2 Tage nach Ihrer Zahlung<\/td>\n<\/tr>\n<\/tbody>\n<\/table>\n<h2><strong>Einf\u00fchrung<\/strong><\/h2>\n<p><strong>Quinoa-Protein-Pulver<\/strong>\u00a0ist eines der einzigen pflanzlichen Lebensmittel, das als vollst\u00e4ndiges Protein gilt, da es alle essenziellen Aminos\u00e4uren enth\u00e4lt. Er macht etwa 60 Prozent des Quinoa-Korns aus, w\u00e4hrend der Weizenkeim im Vergleich dazu nur 3 Prozent des Weizenkorns ausmacht. Das macht Quinoa zu einem gesunden Ersatz f\u00fcr Fleisch- und Milcheiwei\u00df, insbesondere bei der Gewichtskontrolle, und sein hoher Eiwei\u00dfgehalt sorgt f\u00fcr ein l\u00e4ngeres S\u00e4ttigungsgef\u00fchl. Quinoa ist auch eine glutenfreie Option f\u00fcr Personen mit Weizenallergien.<\/p>\n<p><img fetchpriority=\"high\" decoding=\"async\" class=\"wp-image-750 size-full aligncenter\" src=\"http:\/\/wankonbiotech.com\/wp-content\/uploads\/2024\/08\/quinoa-protein-powder-1024x661-1.jpg\" alt=\"Quinoa-Protein-Pulver\" width=\"1024\" height=\"661\" title=\"\" srcset=\"https:\/\/wankonbiotech.com\/wp-content\/uploads\/2024\/08\/quinoa-protein-powder-1024x661-1.jpg 1024w, https:\/\/wankonbiotech.com\/wp-content\/uploads\/2024\/08\/quinoa-protein-powder-1024x661-1-300x194.jpg 300w, https:\/\/wankonbiotech.com\/wp-content\/uploads\/2024\/08\/quinoa-protein-powder-1024x661-1-768x496.jpg 768w, https:\/\/wankonbiotech.com\/wp-content\/uploads\/2024\/08\/quinoa-protein-powder-1024x661-1-600x387.jpg 600w\" sizes=\"(max-width: 1024px) 100vw, 1024px\" \/><br \/>\nIm Gegensatz zu den meisten anderen pflanzlichen Proteinquellen gilt Quinoa als hochwertige Proteinquelle mit allen neun essenziellen Aminos\u00e4uren. Quinoa enth\u00e4lt eine au\u00dfergew\u00f6hnlich hohe Menge an Lysin, eine Aminos\u00e4ure, die normalerweise in pflanzlichen Quellen fehlt, und ist reich an Histidin und Methionin. Die Verdaulichkeit des Quinoa-Proteins ist vergleichbar mit der von Casein - einem hochwertigen Protein, das in Milchprodukten enthalten ist.<\/p>\n<h2><strong>Was ist Quinoa-Protein-Pulver?<\/strong><\/h2>\n<p>Quinoa-Proteinpulver wird durch die Verarbeitung von Quinoa-Samen hergestellt, einem Pseudogetreide, das in der Andenregion S\u00fcdamerikas beheimatet ist. Die Samen werden geerntet, gereinigt und dann zu einem feinen Pulver gemahlen, das reich an Eiwei\u00df, Ballaststoffen und essenziellen Aminos\u00e4uren ist. Im Gegensatz zu vielen anderen pflanzlichen Proteinen ist Quinoa ein vollst\u00e4ndiges Protein, das hei\u00dft, es enth\u00e4lt alle neun essenziellen Aminos\u00e4uren, die der K\u00f6rper nicht selbst herstellen kann. Dies macht Quinoa-Proteinpulver zu einer \u00e4u\u00dferst wertvollen Proteinquelle, insbesondere f\u00fcr Menschen, die sich vegan oder vegetarisch ern\u00e4hren.<\/p>\n<h2><strong>Ern\u00e4hrungsphysiologische Vorteile von Quinoa-Protein-Pulver<\/strong><\/h2>\n<p>Quinoa-Proteinpulver ist ein ern\u00e4hrungsphysiologisches Kraftpaket, das eine ausgezeichnete Quelle f\u00fcr hochwertiges Protein darstellt. Jede Portion enth\u00e4lt in der Regel etwa 12-15 Gramm Eiwei\u00df, abh\u00e4ngig von der Verarbeitungsmethode. Neben Eiwei\u00df ist Quinoa auch reich an Ballaststoffen, die die Verdauung unterst\u00fctzen und durch die F\u00f6rderung des S\u00e4ttigungsgef\u00fchls helfen, ein gesundes Gewicht zu halten. Dar\u00fcber hinaus ist Quinoa-Proteinpulver vollgepackt mit wichtigen Vitaminen und Mineralien, einschlie\u00dflich Magnesium, Eisen und B-Vitaminen, die die Energieproduktion, die Knochengesundheit und die allgemeine Vitalit\u00e4t unterst\u00fctzen.<\/p>\n<p><img decoding=\"async\" class=\"wp-image-749 size-large aligncenter\" src=\"http:\/\/wankonbiotech.com\/wp-content\/uploads\/2024\/08\/quinoa-flour-scaled-1-1024x485.webp\" alt=\"Quinoa-Protein-Pulver\" width=\"1024\" height=\"485\" title=\"\" srcset=\"https:\/\/wankonbiotech.com\/wp-content\/uploads\/2024\/08\/quinoa-flour-scaled-1-1024x485.webp 1024w, https:\/\/wankonbiotech.com\/wp-content\/uploads\/2024\/08\/quinoa-flour-scaled-1-300x142.webp 300w, https:\/\/wankonbiotech.com\/wp-content\/uploads\/2024\/08\/quinoa-flour-scaled-1-768x363.webp 768w, https:\/\/wankonbiotech.com\/wp-content\/uploads\/2024\/08\/quinoa-flour-scaled-1-1536x727.webp 1536w, https:\/\/wankonbiotech.com\/wp-content\/uploads\/2024\/08\/quinoa-flour-scaled-1-600x284.webp 600w, https:\/\/wankonbiotech.com\/wp-content\/uploads\/2024\/08\/quinoa-flour-scaled-1.webp 2048w\" sizes=\"(max-width: 1024px) 100vw, 1024px\" \/><\/p>\n<p>Ein weiterer bemerkenswerter Vorteil des Quinoa-Proteinpulvers ist sein Gehalt an Antioxidantien, insbesondere Quercetin und Kaempferol, die den K\u00f6rper vor oxidativem Stress und Entz\u00fcndungen sch\u00fctzen k\u00f6nnen. Die in Quinoa enthaltenen gesunden Fette, darunter Omega-3- und Omega-6-Fetts\u00e4uren, tragen ebenfalls zu seinem N\u00e4hrwertprofil bei, unterst\u00fctzen die Herzgesundheit und verringern das Risiko chronischer Krankheiten.<\/p>\n<p>Um mehr \u00fcber dieses und andere pflanzliche Proteine zu erfahren, besuchen Sie <a href=\"http:\/\/wankonbiotech.com\/de\/produkt-kategorie\/bio-protein-auf-pflanzenbasis\/\" target=\"_new\" rel=\"noreferrer noopener\">Wankon Biotech's Bio-Protein auf Pflanzenbasis Kategorie<\/a>.<\/p>","protected":false},"excerpt":{"rendered":"<p>Quinoa-Proteinpulver ist eines der einzigen pflanzlichen Lebensmittel, das als vollst\u00e4ndiges Protein gilt, da es alle essenziellen Aminos\u00e4uren enth\u00e4lt. Es macht etwa 60 Prozent des Quinoa-Korns aus, w\u00e4hrend der Weizenkeim im Vergleich dazu nur 3 Prozent des Weizenkorns ausmacht. Das macht Quinoa zu einem gesunden Ersatz f\u00fcr Fleisch- und Milcheiwei\u00df, insbesondere bei der Gewichtskontrolle, und sein hoher Eiwei\u00dfgehalt sorgt f\u00fcr ein l\u00e4ngeres S\u00e4ttigungsgef\u00fchl. Quinoa ist auch eine glutenfreie Option f\u00fcr Personen mit Weizenallergien.<\/p>","protected":false},"featured_media":748,"template":"","meta":{"_acf_changed":false},"product_brand":[],"product_cat":[39],"product_tag":[],"class_list":{"0":"post-747","1":"product","2":"type-product","3":"status-publish","4":"has-post-thumbnail","6":"product_cat-organic-plant-based-protein","8":"first","9":"instock","10":"shipping-taxable","11":"product-type-simple"},"acf":[],"_links":{"self":[{"href":"https:\/\/wankonbiotech.com\/de\/wp-json\/wp\/v2\/product\/747","targetHints":{"allow":["GET"]}}],"collection":[{"href":"https:\/\/wankonbiotech.com\/de\/wp-json\/wp\/v2\/product"}],"about":[{"href":"https:\/\/wankonbiotech.com\/de\/wp-json\/wp\/v2\/types\/product"}],"wp:featuredmedia":[{"embeddable":true,"href":"https:\/\/wankonbiotech.com\/de\/wp-json\/wp\/v2\/media\/748"}],"wp:attachment":[{"href":"https:\/\/wankonbiotech.com\/de\/wp-json\/wp\/v2\/media?parent=747"}],"wp:term":[{"taxonomy":"product_brand","embeddable":true,"href":"https:\/\/wankonbiotech.com\/de\/wp-json\/wp\/v2\/product_brand?post=747"},{"taxonomy":"product_cat","embeddable":true,"href":"https:\/\/wankonbiotech.com\/de\/wp-json\/wp\/v2\/product_cat?post=747"},{"taxonomy":"product_tag","embeddable":true,"href":"https:\/\/wankonbiotech.com\/de\/wp-json\/wp\/v2\/product_tag?post=747"}],"curies":[{"name":"wp","href":"https:\/\/api.w.org\/{rel}","templated":true}]}}