{"id":709,"date":"2024-08-10T09:35:52","date_gmt":"2024-08-10T09:35:52","guid":{"rendered":"http:\/\/wankonbiotech.com\/?post_type=product&#038;p=709"},"modified":"2024-08-10T09:39:24","modified_gmt":"2024-08-10T09:39:24","slug":"pure-organic-almond-powder-cheap-high-quality-almond-protein-powder","status":"publish","type":"product","link":"https:\/\/wankonbiotech.com\/de\/produkt-2\/reines-bio-mandelpulver-billig-hochwertiges-mandelproteinpulver\/","title":{"rendered":"Reines Bio-Mandelpulver Billig Hochwertiges Mandel-Protein-Pulver"},"content":{"rendered":"<table class=\"hight-light-first-column all magic-12\">\n<tbody>\n<tr>\n<td colspan=\"1\" rowspan=\"1\">\n<div><strong>Produktname<\/strong><\/div>\n<\/td>\n<td colspan=\"1\" rowspan=\"1\">\n<div>Mandel-Protein-Pulver<\/div>\n<\/td>\n<\/tr>\n<tr>\n<td colspan=\"1\" rowspan=\"1\">\n<div><strong>Erscheinungsbild<\/strong><\/div>\n<\/td>\n<td colspan=\"4\" rowspan=\"1\">\n<div>Wei\u00dfes Pulver<\/div>\n<\/td>\n<\/tr>\n<tr>\n<td colspan=\"1\" rowspan=\"1\">\n<div><strong>Spezifikation<\/strong><\/div>\n<\/td>\n<td colspan=\"4\" rowspan=\"1\">\n<div>90%<\/div>\n<\/td>\n<\/tr>\n<\/tbody>\n<\/table>\n<h2><strong>Einf\u00fchrung<\/strong><\/h2>\n<p>In der sich st\u00e4ndig erweiternden Welt der pflanzlichen Ern\u00e4hrung hat sich Mandelproteinpulver als einzigartige und n\u00e4hrstoffreiche Alternative zu herk\u00f6mmlichen Proteinquellen etabliert. Das aus fein gemahlenen Mandeln gewonnene Proteinpulver erfreut sich bei gesundheitsbewussten Verbrauchern und Fitnessbegeisterten immer gr\u00f6\u00dferer Beliebtheit. Bekannt f\u00fcr sein reichhaltiges N\u00e4hrstoffprofil und seine vielseitigen Anwendungsm\u00f6glichkeiten ist Mandelproteinpulver mehr als nur eine Proteinquelle; es ist ein Kraftpaket aus Vitaminen, Mineralien und gesunden Fetten, die zum allgemeinen Wohlbefinden beitragen. Dieser Artikel befasst sich mit den verschiedenen Vorteilen, Verwendungsm\u00f6glichkeiten und Gr\u00fcnden, warum Mandelproteinpulver eine hervorragende Wahl auf dem Markt f\u00fcr pflanzliches Protein ist.<\/p>\n<p><img fetchpriority=\"high\" decoding=\"async\" class=\"alignnone wp-image-712 size-full\" src=\"http:\/\/wankonbiotech.com\/wp-content\/uploads\/2024\/08\/Recipe-For-Almond-Meal-MSN-BCE.jpg\" alt=\"Mandel-Protein-Pulver\" width=\"1600\" height=\"900\" title=\"\" srcset=\"https:\/\/wankonbiotech.com\/wp-content\/uploads\/2024\/08\/Recipe-For-Almond-Meal-MSN-BCE.jpg 1600w, https:\/\/wankonbiotech.com\/wp-content\/uploads\/2024\/08\/Recipe-For-Almond-Meal-MSN-BCE-300x169.jpg 300w, https:\/\/wankonbiotech.com\/wp-content\/uploads\/2024\/08\/Recipe-For-Almond-Meal-MSN-BCE-1024x576.jpg 1024w, https:\/\/wankonbiotech.com\/wp-content\/uploads\/2024\/08\/Recipe-For-Almond-Meal-MSN-BCE-768x432.jpg 768w, https:\/\/wankonbiotech.com\/wp-content\/uploads\/2024\/08\/Recipe-For-Almond-Meal-MSN-BCE-1536x864.jpg 1536w, https:\/\/wankonbiotech.com\/wp-content\/uploads\/2024\/08\/Recipe-For-Almond-Meal-MSN-BCE-600x338.jpg 600w\" sizes=\"(max-width: 1600px) 100vw, 1600px\" \/><\/p>\n<h2><strong>Was ist Mandelprotein-Pulver?<\/strong><\/h2>\n<p>Mandelproteinpulver wird durch die Verarbeitung ganzer Mandeln zu einem feinen Pulver hergestellt, nachdem das \u00d6l extrahiert wurde. Durch dieses Verfahren bleibt der Proteingehalt erhalten, w\u00e4hrend gleichzeitig viele der n\u00fctzlichen N\u00e4hrstoffe der Mandeln erhalten bleiben. Das Ergebnis ist ein helles Pulver mit einem milden, nussigen Geschmack, der es zu einer vielseitigen Zutat f\u00fcr eine Vielzahl von kulinarischen Anwendungen macht. Im Gegensatz zu vielen anderen Proteinpulvern ist Mandelproteinpulver von Natur aus reich an Ballaststoffen, gesunden Fetten und essenziellen Vitaminen wie Vitamin E, was es zu einem ganzheitlichen Nahrungserg\u00e4nzungsmittel macht.<\/p>\n<h2><strong>Ern\u00e4hrungsphysiologische Vorteile von Mandelproteinpulver<\/strong><\/h2>\n<p>Bei Mandelproteinpulver geht es nicht nur um Eiwei\u00df, es ist ein umfassendes Nahrungserg\u00e4nzungsmittel. Jede Portion liefert eine gute Menge an Eiwei\u00df zusammen mit Ballaststoffen, die die Verdauung unterst\u00fctzen und ein S\u00e4ttigungsgef\u00fchl f\u00f6rdern. Au\u00dferdem ist Mandelproteinpulver eine hervorragende Quelle f\u00fcr Vitamin E, ein Antioxidans, das die Gesundheit der Haut und das Immunsystem unterst\u00fctzt. Die gesunden Fette in Mandeln, einschlie\u00dflich der einfach unges\u00e4ttigten Fette, tragen zur Gesundheit des Herzens bei, indem sie helfen, den schlechten Cholesterinspiegel zu senken. Das Pulver enth\u00e4lt au\u00dferdem Mineralstoffe wie Magnesium, Kalzium und Kalium, die f\u00fcr die Knochengesundheit und die Muskelfunktion wichtig sind.<\/p>\n<h2><strong>Gesundheitliche Vorteile von Mandelproteinpulver<\/strong><\/h2>\n<p>Die gesundheitlichen Vorteile des Mandelproteinpulvers gehen weit \u00fcber seinen N\u00e4hrstoffgehalt hinaus. Dank seines hohen Anteils an einfach unges\u00e4ttigten Fetts\u00e4uren und dem Vorhandensein von Arginin, einer Aminos\u00e4ure, die zur Verbesserung der Blutzirkulation beitr\u00e4gt, ist es daf\u00fcr bekannt, die Herzgesundheit zu unterst\u00fctzen. Mandelproteinpulver ist auch f\u00fcr diejenigen von Vorteil, die ihr Gewicht kontrollieren wollen, da die Kombination aus Eiwei\u00df, Ballaststoffen und gesunden Fetten das S\u00e4ttigungsgef\u00fchl f\u00f6rdert und die Kalorienaufnahme insgesamt reduziert. Au\u00dferdem helfen die Antioxidantien im Mandelprotein, oxidativen Stress zu bek\u00e4mpfen, der zu chronischen Krankheiten und vorzeitiger Alterung f\u00fchren kann. Der niedrige Kohlenhydratgehalt und der niedrige glyk\u00e4mische Index machen es zu einer ausgezeichneten Wahl f\u00fcr diejenigen, die ihren Blutzuckerspiegel im Griff haben.Willkommen Entdecken Sie unser gesamtes Angebot an <a href=\"http:\/\/wankonbiotech.com\/de\/produkt-kategorie\/bio-protein-auf-pflanzenbasis\/\">pflanzliche Proteinpulver<\/a>.<\/p>\n<p><img decoding=\"async\" class=\"wp-image-711 size-full\" src=\"http:\/\/wankonbiotech.com\/wp-content\/uploads\/2024\/08\/v2-8hk12-h3grk.jpg\" alt=\"Mandel-Protein-Pulver\" width=\"1213\" height=\"832\" title=\"\" srcset=\"https:\/\/wankonbiotech.com\/wp-content\/uploads\/2024\/08\/v2-8hk12-h3grk.jpg 1213w, https:\/\/wankonbiotech.com\/wp-content\/uploads\/2024\/08\/v2-8hk12-h3grk-300x206.jpg 300w, https:\/\/wankonbiotech.com\/wp-content\/uploads\/2024\/08\/v2-8hk12-h3grk-1024x702.jpg 1024w, https:\/\/wankonbiotech.com\/wp-content\/uploads\/2024\/08\/v2-8hk12-h3grk-768x527.jpg 768w, https:\/\/wankonbiotech.com\/wp-content\/uploads\/2024\/08\/v2-8hk12-h3grk-600x412.jpg 600w\" sizes=\"(max-width: 1213px) 100vw, 1213px\" \/><\/p>","protected":false},"excerpt":{"rendered":"<p>In der sich st\u00e4ndig erweiternden Welt der pflanzlichen Ern\u00e4hrung hat sich Mandelproteinpulver als einzigartige und n\u00e4hrstoffreiche Alternative zu herk\u00f6mmlichen Proteinquellen etabliert. Dieses aus fein gemahlenen Mandeln gewonnene Proteinpulver erfreut sich bei gesundheitsbewussten Verbrauchern und Fitnessbegeisterten gleicherma\u00dfen gro\u00dfer Beliebtheit.<\/p>","protected":false},"featured_media":710,"template":"","meta":{"_acf_changed":false},"product_brand":[],"product_cat":[39],"product_tag":[],"class_list":{"0":"post-709","1":"product","2":"type-product","3":"status-publish","4":"has-post-thumbnail","6":"product_cat-organic-plant-based-protein","8":"first","9":"instock","10":"shipping-taxable","11":"product-type-simple"},"acf":[],"_links":{"self":[{"href":"https:\/\/wankonbiotech.com\/de\/wp-json\/wp\/v2\/product\/709","targetHints":{"allow":["GET"]}}],"collection":[{"href":"https:\/\/wankonbiotech.com\/de\/wp-json\/wp\/v2\/product"}],"about":[{"href":"https:\/\/wankonbiotech.com\/de\/wp-json\/wp\/v2\/types\/product"}],"wp:featuredmedia":[{"embeddable":true,"href":"https:\/\/wankonbiotech.com\/de\/wp-json\/wp\/v2\/media\/710"}],"wp:attachment":[{"href":"https:\/\/wankonbiotech.com\/de\/wp-json\/wp\/v2\/media?parent=709"}],"wp:term":[{"taxonomy":"product_brand","embeddable":true,"href":"https:\/\/wankonbiotech.com\/de\/wp-json\/wp\/v2\/product_brand?post=709"},{"taxonomy":"product_cat","embeddable":true,"href":"https:\/\/wankonbiotech.com\/de\/wp-json\/wp\/v2\/product_cat?post=709"},{"taxonomy":"product_tag","embeddable":true,"href":"https:\/\/wankonbiotech.com\/de\/wp-json\/wp\/v2\/product_tag?post=709"}],"curies":[{"name":"wp","href":"https:\/\/api.w.org\/{rel}","templated":true}]}}