{"id":688,"date":"2024-08-09T15:46:58","date_gmt":"2024-08-09T15:46:58","guid":{"rendered":"http:\/\/wankonbiotech.com\/?post_type=product&#038;p=688"},"modified":"2024-08-09T16:11:53","modified_gmt":"2024-08-09T16:11:53","slug":"organic-pea-protein-powder-80-85-pea-protein-isolate","status":"publish","type":"product","link":"https:\/\/wankonbiotech.com\/de\/produkt-2\/bio-erbsenproteinpulver-80-85-erbsenproteinisolat-2\/","title":{"rendered":"Bio-Erbsenprotein-Pulver 80% 85% Erbsenprotein-Isolat"},"content":{"rendered":"<table class=\"hight-light-first-column all magic-7\">\n<tbody>\n<tr>\n<td colspan=\"1\" rowspan=\"1\">\n<div data-spm-anchor-id=\"a2700.details.0.i32.1a93ed4drhhEQY\"><strong>Produktname<\/strong><\/div>\n<\/td>\n<td style=\"width: 63.7821%;\" colspan=\"1\" rowspan=\"1\">\n<div>Bio-Erbsenprotein-Pulver<\/div>\n<\/td>\n<\/tr>\n<tr>\n<td style=\"width: 33.9744%;\" colspan=\"1\" rowspan=\"1\">\n<div><strong>Gebrauchtes Teil<\/strong><\/div>\n<\/td>\n<td style=\"width: 63.7821%;\" colspan=\"1\" rowspan=\"1\">\n<div>Bohne<\/div>\n<\/td>\n<\/tr>\n<tr>\n<td style=\"width: 33.9744%;\" colspan=\"1\" rowspan=\"1\">\n<div><strong>Spezifikation<\/strong><\/div>\n<\/td>\n<td style=\"width: 63.7821%;\" colspan=\"1\" rowspan=\"1\">\n<div data-spm-anchor-id=\"a2700.details.0.i33.1a93ed4drhhEQY\">80%<\/div>\n<\/td>\n<\/tr>\n<tr>\n<td style=\"width: 33.9744%;\" colspan=\"1\" rowspan=\"1\">\n<div><strong>Farbe<\/strong><\/div>\n<\/td>\n<td style=\"width: 63.7821%;\" colspan=\"1\" rowspan=\"1\">\n<div>Ligtht Yellow Powder<\/div>\n<\/td>\n<\/tr>\n<tr>\n<td style=\"width: 33.9744%;\" colspan=\"1\" rowspan=\"1\">\n<div><strong>MOQ<\/strong><\/div>\n<\/td>\n<td style=\"width: 63.7821%;\" colspan=\"1\" rowspan=\"1\">\n<div>20kg<\/div>\n<\/td>\n<\/tr>\n<tr>\n<td style=\"width: 33.9744%;\" colspan=\"1\" rowspan=\"1\">\n<div><strong>Muster<\/strong><\/div>\n<\/td>\n<td style=\"width: 63.7821%;\" colspan=\"1\" rowspan=\"1\">\n<div>Unentgeltlich zur Verf\u00fcgung gestellt<\/div>\n<\/td>\n<\/tr>\n<tr>\n<td style=\"width: 33.9744%;\" colspan=\"1\" rowspan=\"1\">\n<div><strong>Haltbarkeitsdauer<\/strong><\/div>\n<\/td>\n<td style=\"width: 63.7821%;\" colspan=\"1\" rowspan=\"1\">\n<div>24 Monate<\/div>\n<\/td>\n<\/tr>\n<\/tbody>\n<\/table>\n<h2><strong>Einf\u00fchrung<\/strong><\/h2>\n<p>In der sich entwickelnden Landschaft der Gesundheit und des Wohlbefindens hat sich Bio-Erbsenprotein zu einer f\u00fchrenden Alternative f\u00fcr diejenigen entwickelt, die eine nachhaltige und pflanzliche Proteinquelle suchen. Dieses Produkt kommt nicht nur den Ern\u00e4hrungsbed\u00fcrfnissen von Veganern und Vegetariern entgegen, sondern spricht auch alle an, die sich f\u00fcr eine saubere Ern\u00e4hrung und Bio-Produkte interessieren. In dieser detaillierten Untersuchung werden wir uns mit den einzigartigen Eigenschaften, Vorteilen und Anwendungen von Bio-Erbsenprotein befassen und erkl\u00e4ren, warum es von gesundheitsbewussten Verbrauchern und Herstellern in der Lebensmittel- und Getr\u00e4nkeindustrie bevorzugt wird.<\/p>\n<p><img fetchpriority=\"high\" decoding=\"async\" class=\"alignnone wp-image-692 size-full\" src=\"http:\/\/wankonbiotech.com\/wp-content\/uploads\/2024\/08\/pea-protein.jpg\" alt=\"Bio-Erbsenprotein\" width=\"1000\" height=\"500\" title=\"\" srcset=\"https:\/\/wankonbiotech.com\/wp-content\/uploads\/2024\/08\/pea-protein.jpg 1000w, https:\/\/wankonbiotech.com\/wp-content\/uploads\/2024\/08\/pea-protein-300x150.jpg 300w, https:\/\/wankonbiotech.com\/wp-content\/uploads\/2024\/08\/pea-protein-768x384.jpg 768w, https:\/\/wankonbiotech.com\/wp-content\/uploads\/2024\/08\/pea-protein-600x300.jpg 600w\" sizes=\"(max-width: 1000px) 100vw, 1000px\" \/><\/p>\n<h2><strong>Was ist Bio-Erbsenprotein?<\/strong><\/h2>\n<p>Bio-Erbsenprotein wird aus gelben Erbsen (Pisum sativum) gewonnen und in einem sorgf\u00e4ltigen Extraktionsverfahren von St\u00e4rke und Fasern befreit, so dass ein hochwertiges Proteinkonzentrat \u00fcbrig bleibt. Die Kennzeichnung \"Bio\" bedeutet, dass die verwendeten Erbsen ohne synthetische Pestizide, Herbizide oder gentechnisch ver\u00e4nderte Organismen (GVO) angebaut werden, was sie zu einer sauberen und umweltfreundlichen Proteinquelle macht. Das daraus resultierende Produkt ist ein feines, beigefarbenes Pulver, das sich leicht in verschiedene Lebensmittel- und Getr\u00e4nkeanwendungen einarbeiten l\u00e4sst. <a href=\"http:\/\/wankonbiotech.com\/de\/produkt-kategorie\/bio-protein-auf-pflanzenbasis\/\">Bio-Proteine auf Pflanzenbasis<\/a>.<\/p>\n<h2><strong>Ern\u00e4hrungsphysiologische Vorteile von Bio-Erbsenprotein<\/strong><\/h2>\n<p>Bio-Erbsenprotein ist ein Kraftpaket an N\u00e4hrstoffen und bietet ein vollst\u00e4ndiges Aminos\u00e4urenprofil, einschlie\u00dflich der vom menschlichen K\u00f6rper ben\u00f6tigten essenziellen Aminos\u00e4uren. Es ist besonders reich an verzweigtkettigen Aminos\u00e4uren (BCAAs) wie Leucin, Isoleucin und Valin, die f\u00fcr das Muskelwachstum und die Regeneration wichtig sind. Dar\u00fcber hinaus ist Bio-Erbsenprotein hypoallergen, d. h. es eignet sich auch f\u00fcr Personen mit Nahrungsmittelunvertr\u00e4glichkeiten oder -allergien, insbesondere gegen Milchprodukte, Soja oder Gluten. Es ist au\u00dferdem reich an Eisen, einem wichtigen Mineralstoff, der in pflanzlicher Ern\u00e4hrung oft fehlt.<\/p>\n<p><img decoding=\"async\" class=\"alignnone wp-image-691 size-full\" src=\"http:\/\/wankonbiotech.com\/wp-content\/uploads\/2024\/08\/pea_protein-1.webp\" alt=\"Pflanzenbasiertes Eiwei\u00df\" width=\"1000\" height=\"684\" title=\"\" srcset=\"https:\/\/wankonbiotech.com\/wp-content\/uploads\/2024\/08\/pea_protein-1.webp 1000w, https:\/\/wankonbiotech.com\/wp-content\/uploads\/2024\/08\/pea_protein-1-300x205.webp 300w, https:\/\/wankonbiotech.com\/wp-content\/uploads\/2024\/08\/pea_protein-1-768x525.webp 768w, https:\/\/wankonbiotech.com\/wp-content\/uploads\/2024\/08\/pea_protein-1-600x410.webp 600w\" sizes=\"(max-width: 1000px) 100vw, 1000px\" \/><\/p>\n<h2><strong>Gesundheitliche Vorteile von Bio-Erbsenprotein<\/strong><\/h2>\n<p>Die gesundheitlichen Vorteile von Bio-Erbsenprotein gehen \u00fcber seinen N\u00e4hrstoffgehalt hinaus. Studien haben gezeigt, dass es aufgrund seines hohen Gehalts an Arginin, einer Aminos\u00e4ure, die die Durchblutung f\u00f6rdert, den Blutdruck regulieren und die Herzgesundheit unterst\u00fctzen kann. Bio-Erbsenprotein ist auch f\u00fcr die Gesundheit der Verdauung von Vorteil, da es leicht verdaulich ist und im Vergleich zu anderen Proteinquellen weniger Bl\u00e4hungen verursacht. Sein niedriger glyk\u00e4mischer Index macht es zu einer ausgezeichneten Wahl f\u00fcr diejenigen, die ihren Blutzuckerspiegel im Griff haben, da es zu einer anhaltenden Energiezufuhr ohne Spannungsspitzen und Abst\u00fcrze beitr\u00e4gt.<\/p>","protected":false},"excerpt":{"rendered":"<p>In der sich entwickelnden Landschaft der Gesundheit und des Wohlbefindens hat sich Bio-Erbsenprotein zu einer f\u00fchrenden Alternative f\u00fcr diejenigen entwickelt, die eine nachhaltige und pflanzliche Proteinquelle suchen. Dieses Produkt kommt nicht nur den Ern\u00e4hrungsbed\u00fcrfnissen von Veganern und Vegetariern entgegen, sondern spricht auch alle an, die sich f\u00fcr eine saubere Ern\u00e4hrung und Bio-Produkte interessieren. In dieser detaillierten Untersuchung werden wir uns mit den einzigartigen Eigenschaften, Vorteilen und Anwendungen von Bio-Erbsenprotein befassen und erkl\u00e4ren, warum es von gesundheitsbewussten Verbrauchern und Herstellern in der Lebensmittel- und Getr\u00e4nkeindustrie bevorzugt wird.<\/p>","protected":false},"featured_media":689,"template":"","meta":{"_acf_changed":false},"product_brand":[],"product_cat":[39],"product_tag":[],"class_list":{"0":"post-688","1":"product","2":"type-product","3":"status-publish","4":"has-post-thumbnail","6":"product_cat-organic-plant-based-protein","8":"first","9":"instock","10":"shipping-taxable","11":"product-type-simple"},"acf":[],"_links":{"self":[{"href":"https:\/\/wankonbiotech.com\/de\/wp-json\/wp\/v2\/product\/688","targetHints":{"allow":["GET"]}}],"collection":[{"href":"https:\/\/wankonbiotech.com\/de\/wp-json\/wp\/v2\/product"}],"about":[{"href":"https:\/\/wankonbiotech.com\/de\/wp-json\/wp\/v2\/types\/product"}],"wp:featuredmedia":[{"embeddable":true,"href":"https:\/\/wankonbiotech.com\/de\/wp-json\/wp\/v2\/media\/689"}],"wp:attachment":[{"href":"https:\/\/wankonbiotech.com\/de\/wp-json\/wp\/v2\/media?parent=688"}],"wp:term":[{"taxonomy":"product_brand","embeddable":true,"href":"https:\/\/wankonbiotech.com\/de\/wp-json\/wp\/v2\/product_brand?post=688"},{"taxonomy":"product_cat","embeddable":true,"href":"https:\/\/wankonbiotech.com\/de\/wp-json\/wp\/v2\/product_cat?post=688"},{"taxonomy":"product_tag","embeddable":true,"href":"https:\/\/wankonbiotech.com\/de\/wp-json\/wp\/v2\/product_tag?post=688"}],"curies":[{"name":"wp","href":"https:\/\/api.w.org\/{rel}","templated":true}]}}