{"id":651,"date":"2024-08-09T07:57:55","date_gmt":"2024-08-09T07:57:55","guid":{"rendered":"http:\/\/wankonbiotech.com\/?post_type=product&#038;p=651"},"modified":"2024-08-20T02:00:11","modified_gmt":"2024-08-20T02:00:11","slug":"pure-isolate-soy-protein-isolate-powder-90-soy-protein-isolate","status":"publish","type":"product","link":"https:\/\/wankonbiotech.com\/de\/produkt-2\/reines-isolat-sojaprotein-isolatpulver-90-sojaprotein-isolat-2\/","title":{"rendered":"Pure Isolate Soja-Protein-Isolat-Pulver 90% Soja-Protein-Isolat"},"content":{"rendered":"<table>\n<tbody>\n<tr>\n<td colspan=\"1\" rowspan=\"1\">\n<div data-spm-anchor-id=\"a2700.details.0.i39.5eef1e8aNrPzX8\"><strong>Name des Produkts<\/strong><\/div>\n<\/td>\n<td colspan=\"1\" rowspan=\"1\">\n<div>Sojaprotein-Isolat<\/div>\n<\/td>\n<\/tr>\n<tr>\n<td colspan=\"1\" rowspan=\"1\">\n<div><strong>Klasse<\/strong><\/div>\n<\/td>\n<td colspan=\"1\" rowspan=\"1\">\n<div>Lebensmittelqualit\u00e4t<\/div>\n<\/td>\n<\/tr>\n<tr>\n<td colspan=\"1\" rowspan=\"1\">\n<div><strong>Spezifikation<\/strong><\/div>\n<\/td>\n<td colspan=\"1\" rowspan=\"1\">\n<div>90%-Protein<\/div>\n<\/td>\n<\/tr>\n<tr>\n<td colspan=\"1\" rowspan=\"1\">\n<div><strong>Molekulare Formel<\/strong><\/div>\n<\/td>\n<td colspan=\"1\" rowspan=\"1\">\n<div>C13H10N2<\/div>\n<\/td>\n<\/tr>\n<tr>\n<td colspan=\"1\" rowspan=\"1\">\n<div><strong>Erscheinungsbild<\/strong><\/div>\n<\/td>\n<td colspan=\"1\" rowspan=\"1\">\n<div>Hellwei\u00dfes oder milchig-wei\u00dfes Pulver<\/div>\n<\/td>\n<\/tr>\n<tr>\n<td colspan=\"1\" rowspan=\"1\">\n<div><strong>Pr\u00fcfverfahren<\/strong><\/div>\n<\/td>\n<td colspan=\"1\" rowspan=\"1\">\n<div>HPLC<\/div>\n<\/td>\n<\/tr>\n<tr>\n<td colspan=\"1\" rowspan=\"1\">\n<div><strong>CAS<\/strong><\/div>\n<\/td>\n<td colspan=\"1\" rowspan=\"1\">\n<div>9010-10-0<\/div>\n<\/td>\n<\/tr>\n<\/tbody>\n<\/table>\n<h2><strong>Einf\u00fchrung<\/strong><\/h2>\n<p>In der dynamischen Welt der Gesundheit und Ern\u00e4hrung steigt die Nachfrage nach pflanzlichen Proteinquellen, und Sojaproteinisolat ist eine hervorragende Option. Als pflanzliches Proteinpulver bietet es zahlreiche Vorteile, die es zu einer unverzichtbaren Zutat f\u00fcr gesundheitsbewusste Menschen, Sportler und alle, die eine Alternative zu tierischen Proteinen suchen, machen. Entdecken Sie unser Angebot an <a href=\"http:\/\/wankonbiotech.com\/de\/produkt-kategorie\/bio-protein-auf-pflanzenbasis\/\">Bio-Protein auf Pflanzenbasis<\/a>. In dieser Produktinformation werden die einzigartigen Eigenschaften, Vorteile und Anwendungsm\u00f6glichkeiten von Sojaproteinisolat erl\u00e4utert und aufgezeigt, warum es f\u00fcr Verbraucher und Unternehmen gleicherma\u00dfen eine ausgezeichnete Wahl ist.<\/p>\n<p><img fetchpriority=\"high\" decoding=\"async\" class=\"alignnone wp-image-682 size-full\" src=\"http:\/\/wankonbiotech.com\/wp-content\/uploads\/2024\/08\/soyproviso4-min_1_1200x.jpg\" alt=\"\" width=\"1199\" height=\"600\" title=\"\" srcset=\"https:\/\/wankonbiotech.com\/wp-content\/uploads\/2024\/08\/soyproviso4-min_1_1200x.jpg 1199w, https:\/\/wankonbiotech.com\/wp-content\/uploads\/2024\/08\/soyproviso4-min_1_1200x-300x150.jpg 300w, https:\/\/wankonbiotech.com\/wp-content\/uploads\/2024\/08\/soyproviso4-min_1_1200x-1024x512.jpg 1024w, https:\/\/wankonbiotech.com\/wp-content\/uploads\/2024\/08\/soyproviso4-min_1_1200x-768x384.jpg 768w, https:\/\/wankonbiotech.com\/wp-content\/uploads\/2024\/08\/soyproviso4-min_1_1200x-600x300.jpg 600w\" sizes=\"(max-width: 1199px) 100vw, 1199px\" \/><\/p>\n<h2><strong>Was ist Sojaproteinisolat?<\/strong><\/h2>\n<p>Sojaproteinisolat ist eine hochraffinierte Form von Sojaprotein, das aus entfetteten Sojabohnenflocken gewonnen wird. Durch ein sorgf\u00e4ltiges Verfahren, bei dem die Sojabohnen mit Wasser und Alkohol gewaschen werden, wird das Protein extrahiert und gereinigt, wodurch ein Produkt mit einem Proteingehalt von \u00fcber 90% nach Gewicht entsteht. Durch dieses Verfahren werden die meisten Fette und Kohlenhydrate entfernt, so dass eine konzentrierte Proteinquelle mit einem minimalen Gehalt an Fett und Kohlenhydraten zur\u00fcckbleibt.<\/p>\n<p><img decoding=\"async\" class=\"alignnone wp-image-683 size-full\" src=\"http:\/\/wankonbiotech.com\/wp-content\/uploads\/2024\/08\/soy-protein-powder-with-soybeans-isolated-white-background_264757-86.jpg\" alt=\"\" width=\"1380\" height=\"920\" title=\"\" srcset=\"https:\/\/wankonbiotech.com\/wp-content\/uploads\/2024\/08\/soy-protein-powder-with-soybeans-isolated-white-background_264757-86.jpg 1380w, https:\/\/wankonbiotech.com\/wp-content\/uploads\/2024\/08\/soy-protein-powder-with-soybeans-isolated-white-background_264757-86-300x200.jpg 300w, https:\/\/wankonbiotech.com\/wp-content\/uploads\/2024\/08\/soy-protein-powder-with-soybeans-isolated-white-background_264757-86-1024x683.jpg 1024w, https:\/\/wankonbiotech.com\/wp-content\/uploads\/2024\/08\/soy-protein-powder-with-soybeans-isolated-white-background_264757-86-768x512.jpg 768w, https:\/\/wankonbiotech.com\/wp-content\/uploads\/2024\/08\/soy-protein-powder-with-soybeans-isolated-white-background_264757-86-600x400.jpg 600w\" sizes=\"(max-width: 1380px) 100vw, 1380px\" \/><\/p>\n<p>&nbsp;<\/p>\n<h2><strong>Ern\u00e4hrungsphysiologische Vorteile von Sojaproteinisolat<\/strong><\/h2>\n<p>Sojaproteinisolat hat nicht nur einen hohen Proteingehalt, sondern ist auch ein vollst\u00e4ndiges Protein, das alle neun essenziellen Aminos\u00e4uren enth\u00e4lt, die der menschliche K\u00f6rper ben\u00f6tigt. Das macht es zu einer hervorragenden Option f\u00fcr alle, die ihren t\u00e4glichen Proteinbedarf decken wollen, insbesondere bei einer pflanzlichen Ern\u00e4hrung. Dar\u00fcber hinaus ist Sojaproteinisolat fett- und kohlenhydratarm, so dass es sich f\u00fcr Personen eignet, die eine kalorienreduzierte Di\u00e4t einhalten m\u00fcssen. Das Vorhandensein von Isoflavonen, einer Art von Phyto\u00f6strogen, tr\u00e4gt ebenfalls zu seinem N\u00e4hrwertprofil bei und bietet potenzielle gesundheitliche Vorteile wie einen niedrigeren Cholesterinspiegel und eine bessere Herzgesundheit. <a href=\"http:\/\/wankonbiotech.com\/de\/warum-sojaprotein-ein-grundnahrungsmittel-in-ihrem-gesunden-ernahrungsplan-sein-sollte-2\/\">\u00fcber die Vorteile von Sojaprotein in Ihrer Ern\u00e4hrung<\/a>.<\/p>\n<p><iframe title=\"Sojaprotein-Isolat-Pulver Anzeige\" width=\"800\" height=\"450\" src=\"https:\/\/www.youtube.com\/embed\/tydPOFkIi8k?feature=oembed\" frameborder=\"0\" allow=\"accelerometer; autoplay; clipboard-write; encrypted-media; gyroscope; picture-in-picture; web-share\" referrerpolicy=\"strict-origin-when-cross-origin\" allowfullscreen><\/iframe><\/p>\n<p>&nbsp;<\/p>","protected":false},"excerpt":{"rendered":"<p>In der dynamischen Welt der Gesundheit und Ern\u00e4hrung steigt die Nachfrage nach pflanzlichen Proteinquellen, und Sojaproteinisolat ist eine hervorragende Option. Als pflanzliches Proteinpulver bietet es zahlreiche Vorteile, die es zu einer unverzichtbaren Zutat f\u00fcr gesundheitsbewusste Menschen, Sportler und alle, die eine Alternative zu tierischen Proteinen suchen, machen. Dieses Produktdetail wird die einzigartigen Eigenschaften, Vorteile und Anwendungen von Sojaproteinisolat untersuchen und aufzeigen, warum es eine ausgezeichnete Wahl f\u00fcr Verbraucher und Unternehmen gleicherma\u00dfen ist.<\/p>","protected":false},"featured_media":679,"template":"","meta":{"_acf_changed":false},"product_brand":[],"product_cat":[39],"product_tag":[],"class_list":{"0":"post-651","1":"product","2":"type-product","3":"status-publish","4":"has-post-thumbnail","6":"product_cat-organic-plant-based-protein","8":"first","9":"instock","10":"shipping-taxable","11":"product-type-simple"},"acf":[],"_links":{"self":[{"href":"https:\/\/wankonbiotech.com\/de\/wp-json\/wp\/v2\/product\/651","targetHints":{"allow":["GET"]}}],"collection":[{"href":"https:\/\/wankonbiotech.com\/de\/wp-json\/wp\/v2\/product"}],"about":[{"href":"https:\/\/wankonbiotech.com\/de\/wp-json\/wp\/v2\/types\/product"}],"wp:featuredmedia":[{"embeddable":true,"href":"https:\/\/wankonbiotech.com\/de\/wp-json\/wp\/v2\/media\/679"}],"wp:attachment":[{"href":"https:\/\/wankonbiotech.com\/de\/wp-json\/wp\/v2\/media?parent=651"}],"wp:term":[{"taxonomy":"product_brand","embeddable":true,"href":"https:\/\/wankonbiotech.com\/de\/wp-json\/wp\/v2\/product_brand?post=651"},{"taxonomy":"product_cat","embeddable":true,"href":"https:\/\/wankonbiotech.com\/de\/wp-json\/wp\/v2\/product_cat?post=651"},{"taxonomy":"product_tag","embeddable":true,"href":"https:\/\/wankonbiotech.com\/de\/wp-json\/wp\/v2\/product_tag?post=651"}],"curies":[{"name":"wp","href":"https:\/\/api.w.org\/{rel}","templated":true}]}}